{"id":18371,"date":"2021-03-11T12:09:51","date_gmt":"2021-03-11T17:09:51","guid":{"rendered":"https:\/\/420now.co\/product\/mandarin-haze-aaaa\/"},"modified":"2026-03-12T20:03:36","modified_gmt":"2026-03-13T00:03:36","slug":"mandarin-haze-aaaa","status":"publish","type":"product","link":"https:\/\/420now.co\/fr-ca\/product\/mandarin-haze-aaaa\/","title":{"rendered":"Mandarin Haze AAAA"},"content":{"rendered":"<p>Vari\u00e9t\u00e9 sativa, Mandarin Haze procure de l\u2019\u00e9nergie, des effets stimulants et est une excellente fum\u00e9e de jour. Ses origines sont probablement sur la c\u00f4te ouest des \u00c9tats-Unis (Californie), et ont \u00e9t\u00e9 choisies par beaucoup pendant des d\u00e9cennies pour une exp\u00e9rience qui procure des effets euphoriques et \u00e9nergiques. <\/p>\n<p>D\u00e9finitivement une cigarette pour quand vous n\u2019\u00eates pas d\u2019humeur \u00e0 dormir.<\/p>\n<h2>Effets de Strain Mandarin Haze<\/h2>\n<p>Cette vari\u00e9t\u00e9 est une modification de la c\u00e9l\u00e8bre vari\u00e9t\u00e9 de cannabis Haze &#8211; et \u00e0 bien des \u00e9gards est tr\u00e8s similaire, mais elle a un go\u00fbt de qualit\u00e9 suppl\u00e9mentaire que beaucoup pr\u00e9f\u00e8rent. Quel est son go\u00fbt? Eh bien, pensez \u00e0 son nom, des go\u00fbts subtils de mandarine fruit\u00e9e.  <\/p>\n<p>Ses effets majeurs vous aideront \u00e0 vous sentir remont\u00e9. \u00c9nergique &#8211; peut-\u00eatre m\u00eame tr\u00e8s \u00e9nergique. Si vous recherchez un effet diurne clair et c\u00e9r\u00e9bral de votre herbe, alors c\u2019est peut-\u00eatre le choix \u00e0 faire.  <\/p>\n<p><em>REMARQUE : Les informations sur ce site sont fournies \u00e0 des fins \u00e9ducatives seulement et ne remplacent pas un avis m\u00e9dical professionnel. Consultez un professionnel de la sant\u00e9 avant utilisation.  Pour les adultes \u00e2g\u00e9s de 19 ans ou plus seulement.<\/em><\/p>\n<h2>Mandarin Haze Livraison sans Strain de cannabis \u2013 R\u00e9gion du Grand Toronto<\/h2>\n<p>Livraison gratuite de 2 heures* avec une commande minimale de 100,00 $ de n\u2019importe lequel de nos produits, y compris Mandarin Haze, de 420Now Weed Delivery. Veuillez commander avant 20 h pour une livraison de deux heures le jour m\u00eame.<\/p>\n<p>*Livraison en deux heures \u00e0 Toronto (Scarborough, North York, Etobicoke, DownTown, York &#8211; toutes les r\u00e9gions \u00e0 l\u2019int\u00e9rieur des fronti\u00e8res de la ville de Toronto), Richmond Hill, King, Aurora, Newmarket, Woodbridge, Vaughan et Markham.<\/p>\n<p>\u00c9galement disponible pour exp\u00e9dition partout au Canada.<\/p>\n","protected":false},"excerpt":{"rendered":"<p>Vari\u00e9t\u00e9 sativa, Mandarin Haze procure de l\u2019\u00e9nergie, des effets stimulants et est une excellente fum\u00e9e de jour. Ses origines sont probablement sur la c\u00f4te ouest des \u00c9tats-Unis (Californie), et ont \u00e9t\u00e9 choisies par beaucoup pendant des d\u00e9cennies pour une exp\u00e9rience qui procure des effets euphoriques et \u00e9nergiques. <\/p>\n<p>D\u00e9finitivement une cigarette pour quand vous n\u2019\u00eates pas d\u2019humeur \u00e0 dormir.<\/p>\n<p>Sativa<\/p>\n","protected":false},"featured_media":16852,"comment_status":"open","ping_status":"closed","template":"","meta":{"_acf_changed":false},"product_brand":[],"product_cat":[255],"product_tag":[],"class_list":{"0":"post-18371","1":"product","2":"type-product","3":"status-publish","4":"has-post-thumbnail","6":"product_cat-pot-sativa","7":"pa_weight-1-oz-fr-ca","8":"pa_weight-1-2-oz-fr-ca","9":"pa_weight-1-4-oz-fr-ca-2","11":"first","12":"instock","13":"shipping-taxable","14":"purchasable","15":"product-type-variable"},"acf":[],"_links":{"self":[{"href":"https:\/\/420now.co\/fr-ca\/wp-json\/wp\/v2\/product\/18371","targetHints":{"allow":["GET"]}}],"collection":[{"href":"https:\/\/420now.co\/fr-ca\/wp-json\/wp\/v2\/product"}],"about":[{"href":"https:\/\/420now.co\/fr-ca\/wp-json\/wp\/v2\/types\/product"}],"replies":[{"embeddable":true,"href":"https:\/\/420now.co\/fr-ca\/wp-json\/wp\/v2\/comments?post=18371"}],"wp:featuredmedia":[{"embeddable":true,"href":"https:\/\/420now.co\/fr-ca\/wp-json\/wp\/v2\/media\/16852"}],"wp:attachment":[{"href":"https:\/\/420now.co\/fr-ca\/wp-json\/wp\/v2\/media?parent=18371"}],"wp:term":[{"taxonomy":"product_brand","embeddable":true,"href":"https:\/\/420now.co\/fr-ca\/wp-json\/wp\/v2\/product_brand?post=18371"},{"taxonomy":"product_cat","embeddable":true,"href":"https:\/\/420now.co\/fr-ca\/wp-json\/wp\/v2\/product_cat?post=18371"},{"taxonomy":"product_tag","embeddable":true,"href":"https:\/\/420now.co\/fr-ca\/wp-json\/wp\/v2\/product_tag?post=18371"}],"curies":[{"name":"wp","href":"https:\/\/api.w.org\/{rel}","templated":true}]}}