{"id":18377,"date":"2021-04-05T13:44:27","date_gmt":"2021-04-05T17:44:27","guid":{"rendered":"https:\/\/420now.co\/product\/haschisch-afghani-cronos\/"},"modified":"2026-02-09T11:42:51","modified_gmt":"2026-02-09T16:42:51","slug":"haschisch-afghani-cronos","status":"publish","type":"product","link":"https:\/\/420now.co\/fr-ca\/product\/haschisch-afghani-cronos\/","title":{"rendered":"Afghani Cronos Hash"},"content":{"rendered":"<p>Cronos Hash est aussi dur qu\u2019un rocher et frappe comme un tel aussi! Les effets sont assez s\u00e9datifs et doivent \u00eatre soigneusement dos\u00e9s au pr\u00e9alable. Passage \u00e0 gu\u00e9 parfait dans les joints ou tamponn\u00e9! <\/p>\n","protected":false},"excerpt":{"rendered":"<p>Cronos Hash est aussi dur qu\u2019un rocher et frappe comme un tel aussi! Les effets sont assez s\u00e9datifs et doivent \u00eatre soigneusement dos\u00e9s au pr\u00e9alable. Passage \u00e0 gu\u00e9 parfait dans les joints ou tamponn\u00e9! <\/p>\n","protected":false},"featured_media":17448,"comment_status":"open","ping_status":"closed","template":"","meta":{"_acf_changed":false},"product_brand":[],"product_cat":[213],"product_tag":[],"class_list":{"0":"post-18377","1":"product","2":"type-product","3":"status-publish","4":"has-post-thumbnail","6":"product_cat-hash-fr-ca","7":"pa_weight-1-oz-fr-ca","8":"pa_weight-1-2-oz-fr-ca","9":"pa_weight-1-4-oz-fr-ca-2","10":"pa_weight-1-8-oz-fr-ca","11":"pa_weight-1gr-fr-ca","13":"first","14":"instock","15":"shipping-taxable","16":"purchasable","17":"product-type-variable"},"acf":[],"_links":{"self":[{"href":"https:\/\/420now.co\/fr-ca\/wp-json\/wp\/v2\/product\/18377","targetHints":{"allow":["GET"]}}],"collection":[{"href":"https:\/\/420now.co\/fr-ca\/wp-json\/wp\/v2\/product"}],"about":[{"href":"https:\/\/420now.co\/fr-ca\/wp-json\/wp\/v2\/types\/product"}],"replies":[{"embeddable":true,"href":"https:\/\/420now.co\/fr-ca\/wp-json\/wp\/v2\/comments?post=18377"}],"wp:featuredmedia":[{"embeddable":true,"href":"https:\/\/420now.co\/fr-ca\/wp-json\/wp\/v2\/media\/17448"}],"wp:attachment":[{"href":"https:\/\/420now.co\/fr-ca\/wp-json\/wp\/v2\/media?parent=18377"}],"wp:term":[{"taxonomy":"product_brand","embeddable":true,"href":"https:\/\/420now.co\/fr-ca\/wp-json\/wp\/v2\/product_brand?post=18377"},{"taxonomy":"product_cat","embeddable":true,"href":"https:\/\/420now.co\/fr-ca\/wp-json\/wp\/v2\/product_cat?post=18377"},{"taxonomy":"product_tag","embeddable":true,"href":"https:\/\/420now.co\/fr-ca\/wp-json\/wp\/v2\/product_tag?post=18377"}],"curies":[{"name":"wp","href":"https:\/\/api.w.org\/{rel}","templated":true}]}}