{"id":18379,"date":"2021-04-05T14:05:16","date_gmt":"2021-04-05T18:05:16","guid":{"rendered":"https:\/\/420now.co\/product\/hachis-aux-bleuets\/"},"modified":"2026-02-09T11:52:41","modified_gmt":"2026-02-09T16:52:41","slug":"hachis-aux-bleuets","status":"publish","type":"product","link":"https:\/\/420now.co\/fr-ca\/product\/hachis-aux-bleuets\/","title":{"rendered":"Blueberry Hash"},"content":{"rendered":"<p>Ce haschisch sent exactement les bleuets! Fum\u00e9e au go\u00fbt d\u00e9licieux qui est moins dure pour la gorge que l\u2019herbe, et avec une teneur \u00e9lev\u00e9e en THC qui produit une exp\u00e9rience douce, ce haschisch au go\u00fbt naturel est amusant et unique. <\/p>\n","protected":false},"excerpt":{"rendered":"<p>Ce haschisch sent exactement les bleuets! Fum\u00e9e au go\u00fbt d\u00e9licieux qui est moins dure pour la gorge que l\u2019herbe, et avec une teneur \u00e9lev\u00e9e en THC qui produit une exp\u00e9rience douce, ce haschisch au go\u00fbt naturel est amusant et unique. <\/p>\n","protected":false},"featured_media":17451,"comment_status":"open","ping_status":"closed","template":"","meta":{"_acf_changed":false},"product_brand":[],"product_cat":[213],"product_tag":[],"class_list":{"0":"post-18379","1":"product","2":"type-product","3":"status-publish","4":"has-post-thumbnail","6":"product_cat-hash-fr-ca","7":"pa_weight-1-oz-fr-ca","8":"pa_weight-1-2-oz-fr-ca","9":"pa_weight-1-4-oz-fr-ca-2","10":"pa_weight-1-8-oz-fr-ca","11":"pa_weight-1gr-fr-ca","13":"first","14":"instock","15":"shipping-taxable","16":"purchasable","17":"product-type-variable"},"acf":[],"_links":{"self":[{"href":"https:\/\/420now.co\/fr-ca\/wp-json\/wp\/v2\/product\/18379","targetHints":{"allow":["GET"]}}],"collection":[{"href":"https:\/\/420now.co\/fr-ca\/wp-json\/wp\/v2\/product"}],"about":[{"href":"https:\/\/420now.co\/fr-ca\/wp-json\/wp\/v2\/types\/product"}],"replies":[{"embeddable":true,"href":"https:\/\/420now.co\/fr-ca\/wp-json\/wp\/v2\/comments?post=18379"}],"wp:featuredmedia":[{"embeddable":true,"href":"https:\/\/420now.co\/fr-ca\/wp-json\/wp\/v2\/media\/17451"}],"wp:attachment":[{"href":"https:\/\/420now.co\/fr-ca\/wp-json\/wp\/v2\/media?parent=18379"}],"wp:term":[{"taxonomy":"product_brand","embeddable":true,"href":"https:\/\/420now.co\/fr-ca\/wp-json\/wp\/v2\/product_brand?post=18379"},{"taxonomy":"product_cat","embeddable":true,"href":"https:\/\/420now.co\/fr-ca\/wp-json\/wp\/v2\/product_cat?post=18379"},{"taxonomy":"product_tag","embeddable":true,"href":"https:\/\/420now.co\/fr-ca\/wp-json\/wp\/v2\/product_tag?post=18379"}],"curies":[{"name":"wp","href":"https:\/\/api.w.org\/{rel}","templated":true}]}}