{"id":18380,"date":"2021-04-05T14:09:55","date_gmt":"2021-04-05T18:09:55","guid":{"rendered":"https:\/\/420now.co\/product\/bubblegum-hash\/"},"modified":"2026-02-09T12:07:26","modified_gmt":"2026-02-09T17:07:26","slug":"bubblegum-hash","status":"publish","type":"product","link":"https:\/\/420now.co\/fr-ca\/product\/bubblegum-hash\/","title":{"rendered":"Bubblegum Hash"},"content":{"rendered":"<p>Ce haschisch est savoureux et naturellement aromatis\u00e9, avec une teneur \u00e9lev\u00e9e en THC qui procurera aux consommateurs un effet relaxant. L\u2019odeur de ce haschisch est douce et a \u00e9t\u00e9 fabriqu\u00e9e avec de la marijuana press\u00e9e de haute qualit\u00e9. Le haschisch Bubblegum est doux et mall\u00e9able, ce qui le rend facile \u00e0 travailler. M\u00e9langer un peu de ce haschisch dans vos joints, blunts ou bangs sera tr\u00e8s utile.  <\/p>\n<p>Les connaisseurs appr\u00e9cient ce haschich pour son go\u00fbt unique \u2013 ainsi que pour ses effets profonds \u00e0 procurer un sentiment de relaxation et de plaisir c\u00e9r\u00e9bral.<\/p>\n<h2>Livraison gratuite de Bubblegum Hash Area du Grand Toronto<\/h2>\n<p>Si vous \u00eates dans la r\u00e9gion du Grand Toronto (RGT), vous pouvez obtenir du haschisch Bubblegum en 2 heures* \u00e0 votre porte! Commandez avant 20h et l\u2019un de nos chauffeurs livrera le jour m\u00eame, dans les 2 heures gratuitement, lorsque vous commandez un minimum de 100,00 $ de l\u2019un des produits sur notre site Web. <\/p>\n<p>*Livraison en deux heures \u00e0 Toronto (Scarborough, North York, Etobicoke, DownTown, York \u2013 toutes les r\u00e9gions \u00e0 l\u2019int\u00e9rieur des fronti\u00e8res de la ville de Toronto), Richmond Hill, King, Aurora, Newmarket, Woodbridge, Vaughan et Markham.<\/p>\n<p>Pour les r\u00e9gions p\u00e9riph\u00e9riques telles que Brampton, Caledon, Mississauga, Pickering, Ajax, Whitby, Oshawa, Clarington, Scugog, Uxbridge, East Gwillimbury, Georgina et Brock, nous visons deux heures, mais veuillez vous attendre \u00e0 la possibilit\u00e9 de 3 heures pour la livraison. Si votre adresse se trouve dans ces r\u00e9gions p\u00e9riph\u00e9riques, vous pouvez nous contacter pour conna\u00eetre les d\u00e9lais de livraison pr\u00e9vus ce jour-l\u00e0. <\/p>\n","protected":false},"excerpt":{"rendered":"<p>Imaginez un haschisch qui a un parfum de chewing-gum! C\u2019est un bel ar\u00f4me et un go\u00fbt tout aussi d\u00e9licieux, avec une douceur dans la gorge sans duret\u00e9 que les autres haschischs laissent.   <\/p>\n<p>Hash de gomme qui vous laissera doux et d\u00e9tendu gr\u00e2ce \u00e0 sa forte teneur en THC. Ne vous laissez pas tromper par le nom \u2013 ce n\u2019est pas pour les adolescents int\u00e9ress\u00e9s par le chewing-gum, mais vous appr\u00e9cierez l\u2019ar\u00f4me de fa\u00e7on amusante.   <\/p>\n<p>Doux et souple, ce haschisch est facile \u00e0 travailler et \u00e0 manipuler.<\/p>\n","protected":false},"featured_media":16864,"comment_status":"open","ping_status":"closed","template":"","meta":{"_acf_changed":false},"product_brand":[],"product_cat":[213],"product_tag":[],"class_list":{"0":"post-18380","1":"product","2":"type-product","3":"status-publish","4":"has-post-thumbnail","6":"product_cat-hash-fr-ca","7":"pa_weight-1-oz-fr-ca","8":"pa_weight-1-2-oz-fr-ca","9":"pa_weight-1-4-oz-fr-ca-2","10":"pa_weight-1-8-oz-fr-ca","11":"pa_weight-1gr-fr-ca","13":"first","14":"instock","15":"shipping-taxable","16":"purchasable","17":"product-type-variable"},"acf":[],"_links":{"self":[{"href":"https:\/\/420now.co\/fr-ca\/wp-json\/wp\/v2\/product\/18380","targetHints":{"allow":["GET"]}}],"collection":[{"href":"https:\/\/420now.co\/fr-ca\/wp-json\/wp\/v2\/product"}],"about":[{"href":"https:\/\/420now.co\/fr-ca\/wp-json\/wp\/v2\/types\/product"}],"replies":[{"embeddable":true,"href":"https:\/\/420now.co\/fr-ca\/wp-json\/wp\/v2\/comments?post=18380"}],"wp:featuredmedia":[{"embeddable":true,"href":"https:\/\/420now.co\/fr-ca\/wp-json\/wp\/v2\/media\/16864"}],"wp:attachment":[{"href":"https:\/\/420now.co\/fr-ca\/wp-json\/wp\/v2\/media?parent=18380"}],"wp:term":[{"taxonomy":"product_brand","embeddable":true,"href":"https:\/\/420now.co\/fr-ca\/wp-json\/wp\/v2\/product_brand?post=18380"},{"taxonomy":"product_cat","embeddable":true,"href":"https:\/\/420now.co\/fr-ca\/wp-json\/wp\/v2\/product_cat?post=18380"},{"taxonomy":"product_tag","embeddable":true,"href":"https:\/\/420now.co\/fr-ca\/wp-json\/wp\/v2\/product_tag?post=18380"}],"curies":[{"name":"wp","href":"https:\/\/api.w.org\/{rel}","templated":true}]}}