{"id":18408,"date":"2021-02-22T14:38:20","date_gmt":"2021-02-22T19:38:20","guid":{"rendered":"https:\/\/420now.co\/product\/strawberry-cough\/"},"modified":"2026-03-12T20:43:02","modified_gmt":"2026-03-13T00:43:02","slug":"strawberry-cough","status":"publish","type":"product","link":"https:\/\/420now.co\/fr-ca\/product\/strawberry-cough\/","title":{"rendered":"Strawberry Cough"},"content":{"rendered":"<p>Sativa dominante (80:20) Strawberry Cough est une vari\u00e9t\u00e9 \u00e9nergisante qui est utile pour soulager le stress et l\u2019anxi\u00e9t\u00e9. Il procure un effet de t\u00eate stimulant et constitue une excellente fum\u00e9e de jour. Et la fum\u00e9e peut \u00eatre \u00e9paisse, laissant m\u00eame les fumeurs chevronn\u00e9s tousser, mais appr\u00e9ciant le doux parfum de fraise et l\u2019arri\u00e8re-go\u00fbt subtil. Cette vari\u00e9t\u00e9 est connue pour provoquer des sourires ainsi que des sentiments d\u2019euphorie enivrante.   <\/p>\n<p>Besoin d\u2019aide pour faire ressortir le social en vous? Strawberry Cough pourrait bien \u00eatre la chose qu\u2019il vous faut, car il aide \u00e0 faire fondre les murs sociaux en vous. <\/p>\n<p>Bien qu\u2019il s\u2019agisse d\u2019une vari\u00e9t\u00e9 r\u00e9cr\u00e9ative populaire pour les moments sociaux, elle a \u00e9galement de solides objectifs m\u00e9dicaux.<\/p>\n<h2>Strawberry Cough Description de Strain de mauvaises herbes<\/h2>\n<p>Personne ne sait avec certitude comment Strawberry Cough a vu le jour, mais on croit g\u00e9n\u00e9ralement qu\u2019il s\u2019agit d\u2019un croisement entre l\u2019Original Haze et une Indica inconnue. Si vous esp\u00e9rez de la discr\u00e9tion lorsque vous fumez, Strawberry Cough n\u2019est peut-\u00eatre pas le bon choix car lorsqu\u2019il est allum\u00e9, il lib\u00e8re une fum\u00e9e tr\u00e8s \u00e9paisse. C\u2019est \u00e9galement ce qui fait que m\u00eame les fumeurs v\u00e9t\u00e9rans finissent par tousser lorsqu\u2019ils inhalent &#8211; d\u2019o\u00f9 son nom.    <\/p>\n<p>La premi\u00e8re partie de son nom, \u00ab&nbsp;Strawberry&nbsp;\u00bb, a cr\u00e9\u00e9 une l\u00e9gende selon laquelle Indica inconnue avec laquelle l\u2019Original Haze a \u00e9t\u00e9 crois\u00e9e a \u00e9t\u00e9 trouv\u00e9e poussant dans un champ de fraises &#8211; mais elle a un go\u00fbt et un ar\u00f4me subtils de fraise.<\/p>\n<p>La teneur en THC peut varier entre environ 14 et 19% (mais parfois jusqu\u2019\u00e0 23%), mais ce n\u2019est pas toujours le THC qui fait d\u2019une vari\u00e9t\u00e9 une excellente vari\u00e9t\u00e9. Dans ce cas, l\u2019une des choses int\u00e9ressantes est que Strawberry Cough poss\u00e8de un terp\u00e8ne majeur &#8211; l\u2019alpha-pin\u00e8ne. <\/p>\n<h3>Pin\u00e8ne alias Alpha-Pin\u00e8ne (\u03b1-Pin\u00e8ne)<\/h3>\n<p>Comme vous pouvez vous y attendre d\u2019apr\u00e8s son nom, ce terp\u00e8ne se trouve fortement dans les aiguilles de pin, et vous pouvez tr\u00e8s bien d\u00e9tecter une forte odeur de pin de votre Strawberry Cough avec l\u2019ar\u00f4me de fraise qui est une bouff\u00e9e de douceur apr\u00e8s. Le pin\u00e8ne se trouve \u00e9galement dans le basilic, le romarin, l\u2019aneth, la t\u00e9r\u00e9benthine, le persil et l\u2019aneth. En plus d\u2019\u00eatre un composant majeur de Strawberry Cough, ce terp\u00e8ne est \u00e9galement tr\u00e8s disponible dans l\u2019ancien mais \u00e9prouv\u00e9 th\u00e9 grec de montagne anti-inflammatoire et cicatrisant.  <\/p>\n<p>On pense que le pin\u00e8ne est un terp\u00e8ne anti-inflammatoire aux propri\u00e9t\u00e9s analg\u00e9siques et anxiolytiques. Il est int\u00e9ressant de noter que les vari\u00e9t\u00e9s riches en ce terp\u00e8ne sont moins associ\u00e9es \u00e0 l\u2019anxi\u00e9t\u00e9 et \u00e0 la parano\u00efa lors de la consommation, tandis que d\u2019autres vari\u00e9t\u00e9s ont un effet accru de provoquer des sentiments de parano\u00efa chez certains utilisateurs. <\/p>\n<p>Selon l\u2019article \u00e9valu\u00e9 par les pairs, <em><a href=\"https:\/\/www.ncbi.nlm.nih.gov\/pmc\/articles\/PMC6920849\/\" target=\"_blank\" rel=\"noopener\">Therapeutic Potential of \u03b1- and \u03b2-Pinene&nbsp;: A Miracle Gift of Nature<\/a><\/em> publi\u00e9 dans la revue scientifique Biomolecules, v.9(11); Novembre 2019 :<\/p>\n<blockquote><p>Le \u03b1-pin\u00e8ne est un terp\u00e9no\u00efde important ayant des propri\u00e9t\u00e9s anticanc\u00e9reuses contre les lign\u00e9es cellulaires de cancer de l\u2019ovaire humain, les lign\u00e9es cellulaires de carcinome h\u00e9patocellulaire du foie et les cellules de neuroblastome N2a.<\/p><\/blockquote>\n<h2>Effets de Strawberry Cough<\/h2>\n<p>Nous avons d\u00e9j\u00e0 soulign\u00e9 certains des effets de cette vari\u00e9t\u00e9 &#8211; une excellente vari\u00e9t\u00e9 de jour pour faire ressortir votre personnalit\u00e9 sociale, peut favoriser les sourires et les rires, et procure un high \u00e9nergique lorsque vous voulez vous lever et faire des choses. Il peut br\u00fbler le stress tout en favorisant un sentiment de bonheur euphorique. Une bouche s\u00e8che peut survenir avec des yeux secs &#8211; si vous n\u2019\u00eates pas dans la cuisine, il peut \u00eatre judicieux d\u2019avoir une boisson \u00e0 port\u00e9e de main pour aider \u00e0 soulager les effets de la bouche s\u00e8che.  <\/p>\n<p>Strawberry Cough est une excellente vari\u00e9t\u00e9 pour les novices et les d\u00e9butants, car il n\u2019y a presque aucun rapport de cette vari\u00e9t\u00e9, laissant quiconque avec de la parano\u00efa ou de l\u2019anxi\u00e9t\u00e9 &#8211; juste beaucoup de \u00ab&nbsp;heureux, heureux!&nbsp;\u00bb<\/p>\n<h2>Utilisations m\u00e9dicales de Strawberry Cough<\/h2>\n<p>Apr\u00e8s avoir lu les informations ci-dessus, vous pouvez peut-\u00eatre d\u00e9j\u00e0 deviner l\u2019\u00e9ventail d\u2019utilisations m\u00e9dicales de cette vari\u00e9t\u00e9 et pourquoi vous la trouverez souvent dans de nombreuses armoires \u00e0 pharmacie. Il est tr\u00e8s \u00e9vident qu\u2019il s\u2019agit d\u2019une excellente pression pour les sentiments de d\u00e9pression et de stress \u00e9lev\u00e9. Mais il y a plus que cela.    <\/p>\n<p>Conditions pour lesquelles cette souche aurait \u00e9t\u00e9 utile :<\/p>\n<ul>\n<li>D\u00e9pression\n<li>Stress\n<li>Nervosit\u00e9 dans les situations sociales\n<li>Perte d\u2019app\u00e9tit\n<li>Soulagement de la douleur\n<li>Souche possible pour la gestion du cancer en raison de sa teneur \u00e9lev\u00e9e en pin\u00e8ne\n<li>Diverses phobies\n<\/ul>\n<p><em>REMARQUE : Les informations sur ce site sont fournies \u00e0 des fins \u00e9ducatives seulement et ne remplacent pas un avis m\u00e9dical professionnel. Consultez un professionnel de la sant\u00e9 avant utilisation.  Pour les adultes \u00e2g\u00e9s de 19 ans ou plus seulement.<\/em><\/p>\n<h2>Strawberry Cough &#8211; Livraison gratuite dans la r\u00e9gion du Grand Toronto<\/h2>\n<p>Si vous \u00eates dans la r\u00e9gion du Grand Toronto (RGT), vous pouvez vous procurer de l\u2019herbe Strawberry Cough en 2 heures* \u00e0 votre porte! Commandez avant 20 h et l\u2019un de nos chauffeurs vous livrera le jour m\u00eame, 2 heures gratuitement, lorsque vous commandez un minimum de 100,00 $ de l\u2019un des produits sur notre site Web.<\/p>\n<p>*Livraison en deux heures \u00e0 Toronto (Scarborough, North York, Etobicoke, DownTown, York \u2013 toutes les r\u00e9gions \u00e0 l\u2019int\u00e9rieur des fronti\u00e8res de la ville de Toronto), Richmond Hill, King, Aurora, Newmarket, Woodbridge, Vaughan et Markham.<\/p>\n<p>Nous exp\u00e9dions \u00e9galement partout au Canada et dans des r\u00e9gions \u00e9loign\u00e9es en dehors de notre zone de livraison gratuite habituelle.<\/p>\n","protected":false},"excerpt":{"rendered":"<p>Sativa dominante (80:20) Strawberry Cough est une vari\u00e9t\u00e9 \u00e9nergisante qui est utile pour soulager le stress et l\u2019anxi\u00e9t\u00e9. Il procure un effet de t\u00eate stimulant et constitue une excellente fum\u00e9e de jour. Et la fum\u00e9e peut \u00eatre \u00e9paisse, laissant m\u00eame les fumeurs chevronn\u00e9s tousser, mais appr\u00e9ciant le doux parfum de fraise et l\u2019arri\u00e8re-go\u00fbt subtil. Cette vari\u00e9t\u00e9 est connue pour provoquer des sourires ainsi que des sentiments d\u2019euphorie enivrante.   <\/p>\n<p>Besoin d\u2019aide pour faire ressortir le social en vous? Strawberry Cough pourrait bien \u00eatre la chose qu\u2019il vous faut, car il aide \u00e0 faire fondre les murs sociaux en vous. <\/p>\n<p>Bien qu\u2019il s\u2019agisse d\u2019une vari\u00e9t\u00e9 r\u00e9cr\u00e9ative populaire pour les moments sociaux, elle a \u00e9galement de solides objectifs m\u00e9dicaux.<\/p>\n","protected":false},"featured_media":16818,"comment_status":"open","ping_status":"closed","template":"","meta":{"_acf_changed":false},"product_brand":[],"product_cat":[255],"product_tag":[303],"class_list":{"0":"post-18408","1":"product","2":"type-product","3":"status-publish","4":"has-post-thumbnail","6":"product_cat-pot-sativa","7":"product_tag-june-special-fr-ca","8":"pa_weight-1-oz-fr-ca","9":"pa_weight-1-2-oz-fr-ca","10":"pa_weight-1-4-oz-fr-ca-2","12":"first","13":"instock","14":"shipping-taxable","15":"purchasable","16":"product-type-variable"},"acf":[],"_links":{"self":[{"href":"https:\/\/420now.co\/fr-ca\/wp-json\/wp\/v2\/product\/18408","targetHints":{"allow":["GET"]}}],"collection":[{"href":"https:\/\/420now.co\/fr-ca\/wp-json\/wp\/v2\/product"}],"about":[{"href":"https:\/\/420now.co\/fr-ca\/wp-json\/wp\/v2\/types\/product"}],"replies":[{"embeddable":true,"href":"https:\/\/420now.co\/fr-ca\/wp-json\/wp\/v2\/comments?post=18408"}],"wp:featuredmedia":[{"embeddable":true,"href":"https:\/\/420now.co\/fr-ca\/wp-json\/wp\/v2\/media\/16818"}],"wp:attachment":[{"href":"https:\/\/420now.co\/fr-ca\/wp-json\/wp\/v2\/media?parent=18408"}],"wp:term":[{"taxonomy":"product_brand","embeddable":true,"href":"https:\/\/420now.co\/fr-ca\/wp-json\/wp\/v2\/product_brand?post=18408"},{"taxonomy":"product_cat","embeddable":true,"href":"https:\/\/420now.co\/fr-ca\/wp-json\/wp\/v2\/product_cat?post=18408"},{"taxonomy":"product_tag","embeddable":true,"href":"https:\/\/420now.co\/fr-ca\/wp-json\/wp\/v2\/product_tag?post=18408"}],"curies":[{"name":"wp","href":"https:\/\/api.w.org\/{rel}","templated":true}]}}