{"id":18412,"date":"2021-04-05T14:30:53","date_gmt":"2021-04-05T18:30:53","guid":{"rendered":"https:\/\/420now.co\/product\/hachisch-lion-damsterdam\/"},"modified":"2026-02-09T11:51:39","modified_gmt":"2026-02-09T16:51:39","slug":"hachisch-lion-damsterdam","status":"publish","type":"product","link":"https:\/\/420now.co\/fr-ca\/product\/hachisch-lion-damsterdam\/","title":{"rendered":"Amsterdam Lion Hash"},"content":{"rendered":"<p>Ce haschisch d\u2019origine Amsterdam est un haschisch \u00e0 fumer tr\u00e8s doux, facile \u00e0 prendre et \u00e0 tenir facilement.<br \/>\nN\u2019a pas besoin d\u2019un rallumage constant.<\/p>\n<p>Un effet corporel tr\u00e8s d\u00e9tendu et relaxant comme un bon haschisch devrait fournir. Excellent ajout pour vous fondre dans la fin de la journ\u00e9e ou de la soir\u00e9e o\u00f9 vous pourriez vous retrouver enferm\u00e9 sur le canap\u00e9. <\/p>\n<p>Le lion hash a une teneur tr\u00e8s \u00e9lev\u00e9e en THC et est doux et facile \u00e0 travailler. Une fum\u00e9e extraordinaire que certains qualifient d&#8217;\u00ab exotique \u00bb. Parfois consid\u00e9r\u00e9 comme \u00ab agressif, mais pas dur \u00bb.  <\/p>\n<h2>Livraison en 2 heures Lion Hash dans la r\u00e9gion du Grand Toronto (RGT)<\/h2>\n<p>Si vous \u00eates dans la r\u00e9gion du Grand Toronto (RGT), vous pouvez obtenir Lion Hash en 2 heures* \u00e0 votre porte! Commandez avant 20 h et l\u2019un de nos chauffeurs amicaux et discrets vous livrera le jour m\u00eame, dans les 2 heures gratuitement, lorsque vous commandez un minimum de 100,00 $ de l\u2019un des produits sur notre site Web. <\/p>\n<p>*Livraison en deux heures \u00e0 Toronto (Scarborough, North York, Etobicoke, DownTown, York \u2013 toutes les r\u00e9gions \u00e0 l\u2019int\u00e9rieur des fronti\u00e8res de la ville de Toronto), Richmond Hill, King, Aurora, Newmarket, Woodbridge, Vaughan et Markham.<\/p>\n","protected":false},"excerpt":{"rendered":"<p>Ce hash d\u2019origine \u00e0 Amsterdam est un hash tr\u00e8s doux \u00e0 fumer, facile \u00e0 prendre en grandes bouff\u00e9es et \u00e0 tenir avec une aisance profonde et agr\u00e9able.<br \/>\n\u00c7a n\u2019a pas besoin d\u2019\u00eatre allum\u00e9 constamment.<\/p>\n<p>Une pierre corporelle tr\u00e8s relaxante et relaxante comme un vrai haschich devrait l\u2019apporter. Excellent ajout pour vous plonger dans la journ\u00e9e tardive ou la soir\u00e9e o\u00f9 vous pourriez vous retrouver coinc\u00e9 sur le divan avec une relaxation profonde qui s\u2019installe. <\/p>\n<p>Le lion hash a une teneur tr\u00e8s \u00e9lev\u00e9e en THC et est doux et facile \u00e0 travailler. Une fum\u00e9e extraordinaire que certains qualifient d&#8217;\u00ab exotique \u00bb. Parfois consid\u00e9r\u00e9 comme \u00ab agressif, mais pas dur \u00bb.  <\/p>\n","protected":false},"featured_media":16868,"comment_status":"open","ping_status":"closed","template":"","meta":{"_acf_changed":false},"product_brand":[],"product_cat":[213],"product_tag":[],"class_list":{"0":"post-18412","1":"product","2":"type-product","3":"status-publish","4":"has-post-thumbnail","6":"product_cat-hash-fr-ca","7":"pa_weight-1-oz-fr-ca","8":"pa_weight-1-2-oz-fr-ca","9":"pa_weight-1-4-oz-fr-ca-2","10":"pa_weight-1-8-oz-fr-ca","11":"pa_weight-1gr-fr-ca","13":"first","14":"instock","15":"shipping-taxable","16":"purchasable","17":"product-type-variable"},"acf":[],"_links":{"self":[{"href":"https:\/\/420now.co\/fr-ca\/wp-json\/wp\/v2\/product\/18412","targetHints":{"allow":["GET"]}}],"collection":[{"href":"https:\/\/420now.co\/fr-ca\/wp-json\/wp\/v2\/product"}],"about":[{"href":"https:\/\/420now.co\/fr-ca\/wp-json\/wp\/v2\/types\/product"}],"replies":[{"embeddable":true,"href":"https:\/\/420now.co\/fr-ca\/wp-json\/wp\/v2\/comments?post=18412"}],"wp:featuredmedia":[{"embeddable":true,"href":"https:\/\/420now.co\/fr-ca\/wp-json\/wp\/v2\/media\/16868"}],"wp:attachment":[{"href":"https:\/\/420now.co\/fr-ca\/wp-json\/wp\/v2\/media?parent=18412"}],"wp:term":[{"taxonomy":"product_brand","embeddable":true,"href":"https:\/\/420now.co\/fr-ca\/wp-json\/wp\/v2\/product_brand?post=18412"},{"taxonomy":"product_cat","embeddable":true,"href":"https:\/\/420now.co\/fr-ca\/wp-json\/wp\/v2\/product_cat?post=18412"},{"taxonomy":"product_tag","embeddable":true,"href":"https:\/\/420now.co\/fr-ca\/wp-json\/wp\/v2\/product_tag?post=18412"}],"curies":[{"name":"wp","href":"https:\/\/api.w.org\/{rel}","templated":true}]}}