{"id":18414,"date":"2021-03-29T16:40:24","date_gmt":"2021-03-29T20:40:24","guid":{"rendered":"https:\/\/420now.co\/product\/miel-infuse-au-cbd-faded-cannabis-co-400-mg-de-cbd\/"},"modified":"2026-02-08T20:06:55","modified_gmt":"2026-02-09T01:06:55","slug":"miel-infuse-au-cbd-faded-cannabis-co-400-mg-de-cbd","status":"publish","type":"product","link":"https:\/\/420now.co\/fr-ca\/product\/miel-infuse-au-cbd-faded-cannabis-co-400-mg-de-cbd\/","title":{"rendered":"Faded Cannabis Co Miel infus\u00e9 au CBD (400 mg de CBD)"},"content":{"rendered":"<p>Le miel est utilis\u00e9 depuis l\u2019Antiquit\u00e9 comme \u00e9dulcorant et comme m\u00e9dicament. Une merveille naturelle qui est reconnue depuis longtemps depuis l\u2019Antiquit\u00e9 pour ses propri\u00e9t\u00e9s curatives. <\/p>\n<p>Souvent utilis\u00e9 comme \u00e9dulcorant populaire et souvent comme source d\u2019\u00e9nergie alimentaire, le miel fournit des antioxydants, des enzymes et des propri\u00e9t\u00e9s antibact\u00e9riennes.<\/p>\n<p>Maintenant, ce produit Faded Cannabis Co, vous pouvez sucrer votre th\u00e9, votre caf\u00e9 ou tout ce que vous aimez ET obtenir 13,3 mg de CBD dans chaque cuill\u00e8re \u00e0 caf\u00e9 de ce miel. Infusez vos propres boissons, desserts et repas avec du CBD.   <\/p>\n<p>Miel canadien.<\/p>\n<h2>En savoir plus sur le CBD<\/h2>\n<p>Si vous lisez ceci, il est probable que vous connaissiez d\u00e9j\u00e0 les avantages que le CBD peut apporter. Mais nous trouvons qu\u2019il est toujours bon de fournir de l\u2019information sur ce que c\u2019est, d\u2019o\u00f9 il vient et ce qu\u2019il peut faire. <\/p>\n<p>Tout d\u2019abord, le CBD ne vous fera jamais \u00ab planer \u00bb. En fait, le CBD utilis\u00e9 dans les produits comestibles, l\u2019huile de CBD, etc. provient d\u2019un cultivar de cannabis compl\u00e8tement diff\u00e9rent de l\u2019herbe que vous pourriez fumer et qui contient du THC. Les cultivars qui contiennent des niveaux \u00e9lev\u00e9s de THC contiennent g\u00e9n\u00e9ralement de tr\u00e8s faibles quantit\u00e9s de CBD et sont assez inutiles pour extraire le CBD.    <\/p>\n<p>D\u2019autre part, le cultivar de cannabis que l\u2019on appelle souvent \u00ab chanvre \u00bb contient de tr\u00e8s faibles quantit\u00e9s de THC, mais des pourcentages importants de CBD. Pendant de nombreuses ann\u00e9es, voire des d\u00e9cennies, le chanvre a \u00e9t\u00e9 principalement utilis\u00e9 pour des situations industrielles, y compris la fabrication de cordes (\u00e0 une \u00e9poque, le plus grand fabricant de cordes \u00e9tait situ\u00e9 \u00e0 Belfast &#8211; et tous leurs produits de corde \u00e9taient fabriqu\u00e9s \u00e0 partir de chanvre). <\/p>\n<p>Le chanvre a \u00e9t\u00e9 utilis\u00e9 pour fabriquer des v\u00eatements, du papier, des plastiques, des chaussures, de l\u2019isolation, et son huile a \u00e9t\u00e9 utilis\u00e9e comme lubrifiant industriel.<\/p>\n<p>Au cours des derni\u00e8res d\u00e9cennies, l\u2019int\u00e9r\u00eat pour le CBD, ou son nom complet, <em>le cannabidiol<\/em> pour les bienfaits m\u00e9dicaux a \u00e9norm\u00e9ment augment\u00e9. Ce compos\u00e9 a \u00e9t\u00e9 d\u00e9couvert pour la premi\u00e8re fois en 1940, mais le statut l\u00e9gal de tous les cultivars de marijuana a rendu difficile la poursuite de la recherche sur le CBD. <\/p>\n<p>Aujourd\u2019hui, beaucoup d\u00e9couvrent que le CBD sous diverses formes, y compris les huiles et les isolats, semble avoir des propri\u00e9t\u00e9s tr\u00e8s curatives pour une vari\u00e9t\u00e9 de maladies. Ceux-ci comprennent : <\/p>\n<ul>\n<li>Un rem\u00e8de possible pour certains cancers\n<li>\u00c9pilepsie\n<li>Arthrose\n<li>Anxi\u00e9t\u00e9\n<li>D\u00e9pression\n<li>Insomnie\n<li>Inflammation\n<li>Douleur chronique\n<li>D\u00e9pendances\n<li>TSPT\n<\/ul>\n<p>Si vous faites des recherches, vous trouverez toutes sortes d\u2019all\u00e9gations pour lesquelles le CBD est apparemment efficace. Il pourrait s\u2019agir d\u2019un des miracles de la nature qui a \u00e9t\u00e9 n\u00e9glig\u00e9 pendant tant de d\u00e9cennies. Cela peut aider votre situation sp\u00e9cifique, mais nous ne pouvons pas fournir de conseils m\u00e9dicaux &#8211; mais nous savons que le CBD est g\u00e9n\u00e9ralement consid\u00e9r\u00e9 comme s\u00fbr, mais les femmes enceintes doivent \u00eatre prudentes et parler \u00e0 leur m\u00e9decin.  <\/p>\n<p><strong>Avertissement :<\/p>\n<p>Les informations sur ce site sont fournies \u00e0 des fins \u00e9ducatives seulement et ne remplacent pas un avis m\u00e9dical professionnel. Les produits \u00e0 base de cannabis ne sont pas destin\u00e9s \u00e0 diagnostiquer, traiter, gu\u00e9rir ou pr\u00e9venir une maladie ou condition m\u00e9dicale. Consultez un professionnel de la sant\u00e9 avant utilisation. Pour les adultes \u00e2g\u00e9s de 19 ans ou plus seulement.   <\/strong><\/p>\n<h2>Bienfaits du miel pour la sant\u00e9<\/h2>\n<p>Il est rare de trouver quelqu\u2019un qui n\u2019aime pas le go\u00fbt sucr\u00e9 du miel, bien qu\u2019il y en ait quelques-uns. Pour ceux qui l\u2019aiment, c\u2019est incroyable de comprendre comment les abeilles domestiques le produisent. Bien qu\u2019il existe de nombreux types de miel, particuli\u00e8rement dans les climats o\u00f9 la production de miel peut durer toute l\u2019ann\u00e9e ou beaucoup plus de l\u2019ann\u00e9e que la plupart des pays du Canada.    <\/p>\n<p>Le miel est connu depuis des si\u00e8cles pour ses qualit\u00e9s m\u00e9dicinales. Hippocrate, le philosophe grec antique qui est \u00e9galement consid\u00e9r\u00e9 comme le p\u00e8re de la m\u00e9decine moderne, recommandait le miel dans une vari\u00e9t\u00e9 de formulations pour de nombreuses maladies et conditions m\u00e9dicales. <\/p>\n<p>Le miel a \u00e9galement \u00e9t\u00e9 utilis\u00e9 comme agent antibact\u00e9rien dans les pansements alors que rien d\u2019autre n\u2019\u00e9tait disponible. Selon <a href=\"https:\/\/www.mayoclinic.org\/drugs-supplements-honey\/art-20363819\" target=\"_blank\" rel=\"noopener\">la clinique Mayo, le<\/a> miel pourrait \u00eatre utile pour : <\/p>\n<ul>\n<li>Maladie cardiovasculaire\n<li>Toux\n<li>Maladie gastro-intestinale\n<li>D\u00e9pression\n<li>Anxi\u00e9t\u00e9\n<li>Pr\u00e9vention des troubles de la m\u00e9moire\n<li>Inflammation\n<li>Traitement des br\u00fblures\n<\/ul>\n<p>Le miel contient de nombreux min\u00e9raux et antioxydants, vitamines et acides amin\u00e9s. Peut-\u00eatre pouvons-nous consid\u00e9rer le miel comme un autre des miracles de la nature &#8211; et quelle meilleure id\u00e9e pour l\u2019associer au CBD? <\/p>\n<h2>\u00c0 propos de Faded Cannabis Co<\/h2>\n<p>Faded Cannabis Co est une entreprise bas\u00e9e \u00e0 Vancouver qui fabrique tous ses produits de haute qualit\u00e9 ici m\u00eame au Canada. Leur d\u00e9vouement \u00e0 la perfection dans leurs produits comprend leur poudre cristalline d\u2019isolat de CBD, qui est test\u00e9e en laboratoire et pure \u00e0 99,3% de CBD &#8211; la forme la plus pure de CBD disponible. Faded Cannabis Co. fait tout son possible pour s\u2019assurer que seul le chanvre de la plus haute qualit\u00e9 est utilis\u00e9 \u2013 le tout cultiv\u00e9 sans produits chimiques \u2013 pour assurer la puret\u00e9 et la puissance.  <\/p>\n<p>Le CBD est rapidement reconnu comme un ingr\u00e9dient majeur et important dans la sant\u00e9 m\u00e9dicale \u2013 avec des utilisations presque trop nombreuses pour \u00eatre \u00e9num\u00e9r\u00e9es. Le CBD a aid\u00e9 un large \u00e9ventail de conditions m\u00e9dicales et les m\u00e9decins de toute l\u2019Am\u00e9rique du Nord se tournent vers cet extrait de compos\u00e9 de marijuana et le recommandent \u00e0 leurs patients. Mais vous n\u2019avez pas besoin d\u2019une ordonnance pour le CBD!  <\/p>\n<h2>Produits Faded Cannabis Co &#8211; Livraison gratuite dans la r\u00e9gion du Grand Toronto<\/h2>\n<p>Nous vous livrerons gratuitement \u00e0 votre porte dans les deux heures (avec une commande minimale de 100,00 $ de l\u2019un de nos produits) dans la r\u00e9gion du Grand Toronto. Cela comprend bien s\u00fbr la ville de Toronto, ainsi que Mississauga, Brampton, Caledon, King, Vaughan, Richmond Hill, Aurora, Newmarket, East Gwillimbury, Whitchurch-Stouffville, Markham, Uxbridge, Pickering, Ajax, Whitby, Oshawa, Scugog, Clarington, Brock et Georgina. <\/p>\n<p>Nos sympathiques chauffeurs sont pr\u00eats \u00e0 livrer du miel de CBD de cannabis d\u00e9lav\u00e9 \u00e0 votre porte! Veuillez commander avant 20h, 7 jours sur 7 pour garantir la livraison gratuite en 2 heures. <\/p>\n<h2>Exp\u00e9dition de cannabis d\u00e9lav\u00e9 \u00e0 travers le Canada<\/h2>\n<p>Nous pouvons \u00e9galement exp\u00e9dier gratuitement les produits Faded Cannabis Co, y compris le miel au CBD, partout au Canada avec une commande minimale de 150,00 $. Les commandes entre 80,00 et 150,00 sont assujetties \u00e0 des frais postaux et de manutention. <\/p>\n","protected":false},"excerpt":{"rendered":"<p>Le miel est utilis\u00e9 depuis l\u2019Antiquit\u00e9 comme \u00e9dulcorant et comme m\u00e9dicament. Une merveille naturelle qui est reconnue depuis longtemps depuis l\u2019Antiquit\u00e9 pour ses propri\u00e9t\u00e9s curatives. <\/p>\n<p>Souvent utilis\u00e9 comme \u00e9dulcorant populaire et souvent comme source d\u2019\u00e9nergie alimentaire, le miel fournit des antioxydants, des enzymes et des propri\u00e9t\u00e9s antibact\u00e9riennes.<\/p>\n<p>Maintenant, ce produit Faded Cannabis Co, vous pouvez sucrer votre th\u00e9, votre caf\u00e9 ou tout ce que vous aimez ET obtenir 13,3 mg de CBD dans chaque cuill\u00e8re \u00e0 caf\u00e9 de ce miel. Infusez vos propres boissons, desserts et repas avec du CBD.   <\/p>\n<p>Miel canadien.<\/p>\n","protected":false},"featured_media":16861,"comment_status":"open","ping_status":"closed","template":"","meta":{"_acf_changed":false},"product_brand":[352],"product_cat":[208,235],"product_tag":[],"class_list":{"0":"post-18414","1":"product","2":"type-product","3":"status-publish","4":"has-post-thumbnail","6":"product_brand-faded-cannabis-co","7":"product_cat-cbd-fr-ca","8":"product_cat-miel","10":"first","11":"instock","12":"shipping-taxable","13":"purchasable","14":"product-type-simple"},"acf":[],"_links":{"self":[{"href":"https:\/\/420now.co\/fr-ca\/wp-json\/wp\/v2\/product\/18414","targetHints":{"allow":["GET"]}}],"collection":[{"href":"https:\/\/420now.co\/fr-ca\/wp-json\/wp\/v2\/product"}],"about":[{"href":"https:\/\/420now.co\/fr-ca\/wp-json\/wp\/v2\/types\/product"}],"replies":[{"embeddable":true,"href":"https:\/\/420now.co\/fr-ca\/wp-json\/wp\/v2\/comments?post=18414"}],"wp:featuredmedia":[{"embeddable":true,"href":"https:\/\/420now.co\/fr-ca\/wp-json\/wp\/v2\/media\/16861"}],"wp:attachment":[{"href":"https:\/\/420now.co\/fr-ca\/wp-json\/wp\/v2\/media?parent=18414"}],"wp:term":[{"taxonomy":"product_brand","embeddable":true,"href":"https:\/\/420now.co\/fr-ca\/wp-json\/wp\/v2\/product_brand?post=18414"},{"taxonomy":"product_cat","embeddable":true,"href":"https:\/\/420now.co\/fr-ca\/wp-json\/wp\/v2\/product_cat?post=18414"},{"taxonomy":"product_tag","embeddable":true,"href":"https:\/\/420now.co\/fr-ca\/wp-json\/wp\/v2\/product_tag?post=18414"}],"curies":[{"name":"wp","href":"https:\/\/api.w.org\/{rel}","templated":true}]}}