{"id":18421,"date":"2021-04-27T15:03:07","date_gmt":"2021-04-27T19:03:07","guid":{"rendered":"https:\/\/420now.co\/product\/savoureuses-baies-acides-au-cbd\/"},"modified":"2026-04-06T23:26:21","modified_gmt":"2026-04-07T03:26:21","slug":"savoureuses-baies-acides-au-cbd","status":"publish","type":"product","link":"https:\/\/420now.co\/fr-ca\/product\/savoureuses-baies-acides-au-cbd\/","title":{"rendered":"Savoureuses baies m\u00e9lang\u00e9es acides au CBD"},"content":{"rendered":"<p>Ce paquet contient 72 g (12 pi\u00e8ces) et contient 480 mg de CBD<\/p>\n","protected":false},"excerpt":{"rendered":"<p>Ce paquet contient 72 g (12 pi\u00e8ces) et contient 480 mg de CBD<\/p>\n","protected":false},"featured_media":16880,"comment_status":"open","ping_status":"closed","template":"","meta":{"_acf_changed":false},"product_brand":[],"product_cat":[423],"product_tag":[],"class_list":{"0":"post-18421","1":"product","2":"type-product","3":"status-publish","4":"has-post-thumbnail","6":"product_cat-bonbons-gelifies-au-cbd","8":"first","9":"instock","10":"shipping-taxable","11":"purchasable","12":"product-type-simple"},"acf":[],"_links":{"self":[{"href":"https:\/\/420now.co\/fr-ca\/wp-json\/wp\/v2\/product\/18421","targetHints":{"allow":["GET"]}}],"collection":[{"href":"https:\/\/420now.co\/fr-ca\/wp-json\/wp\/v2\/product"}],"about":[{"href":"https:\/\/420now.co\/fr-ca\/wp-json\/wp\/v2\/types\/product"}],"replies":[{"embeddable":true,"href":"https:\/\/420now.co\/fr-ca\/wp-json\/wp\/v2\/comments?post=18421"}],"wp:featuredmedia":[{"embeddable":true,"href":"https:\/\/420now.co\/fr-ca\/wp-json\/wp\/v2\/media\/16880"}],"wp:attachment":[{"href":"https:\/\/420now.co\/fr-ca\/wp-json\/wp\/v2\/media?parent=18421"}],"wp:term":[{"taxonomy":"product_brand","embeddable":true,"href":"https:\/\/420now.co\/fr-ca\/wp-json\/wp\/v2\/product_brand?post=18421"},{"taxonomy":"product_cat","embeddable":true,"href":"https:\/\/420now.co\/fr-ca\/wp-json\/wp\/v2\/product_cat?post=18421"},{"taxonomy":"product_tag","embeddable":true,"href":"https:\/\/420now.co\/fr-ca\/wp-json\/wp\/v2\/product_tag?post=18421"}],"curies":[{"name":"wp","href":"https:\/\/api.w.org\/{rel}","templated":true}]}}