{"id":18427,"date":"2021-04-27T15:14:25","date_gmt":"2021-04-27T19:14:25","guid":{"rendered":"https:\/\/420now.co\/product\/wesley-tea-company-green-activitea-20mg-thc\/"},"modified":"2025-04-11T09:45:29","modified_gmt":"2025-04-11T13:45:29","slug":"wesley-tea-company-green-activitea-20mg-thc","status":"publish","type":"product","link":"https:\/\/420now.co\/fr-ca\/product\/wesley-tea-company-green-activitea-20mg-thc\/","title":{"rendered":"Wesley Tea Company Green Activitea 20mg THC"},"content":{"rendered":"<p>Riche en antioxydants et en caf\u00e9ine naturelle, ce m\u00e9lange biologique de th\u00e9 vert et de riz brun r\u00f4ti vous donnera une longueur d\u2019avance parfaite pour votre journ\u00e9e.<\/p>\n","protected":false},"excerpt":{"rendered":"<p>Riche en antioxydants et en caf\u00e9ine naturelle, ce m\u00e9lange biologique de th\u00e9 vert et de riz brun r\u00f4ti vous donnera une longueur d\u2019avance parfaite pour votre journ\u00e9e.<\/p>\n","protected":false},"featured_media":16885,"comment_status":"open","ping_status":"closed","template":"","meta":{"_acf_changed":false},"product_brand":[],"product_cat":[221,224],"product_tag":[319],"class_list":{"0":"post-18427","1":"product","2":"type-product","3":"status-publish","4":"has-post-thumbnail","6":"product_cat-boissons","7":"product_cat-the","8":"product_tag-wesley-fr-ca","10":"first","11":"instock","12":"shipping-taxable","13":"purchasable","14":"product-type-simple"},"acf":[],"_links":{"self":[{"href":"https:\/\/420now.co\/fr-ca\/wp-json\/wp\/v2\/product\/18427","targetHints":{"allow":["GET"]}}],"collection":[{"href":"https:\/\/420now.co\/fr-ca\/wp-json\/wp\/v2\/product"}],"about":[{"href":"https:\/\/420now.co\/fr-ca\/wp-json\/wp\/v2\/types\/product"}],"replies":[{"embeddable":true,"href":"https:\/\/420now.co\/fr-ca\/wp-json\/wp\/v2\/comments?post=18427"}],"wp:featuredmedia":[{"embeddable":true,"href":"https:\/\/420now.co\/fr-ca\/wp-json\/wp\/v2\/media\/16885"}],"wp:attachment":[{"href":"https:\/\/420now.co\/fr-ca\/wp-json\/wp\/v2\/media?parent=18427"}],"wp:term":[{"taxonomy":"product_brand","embeddable":true,"href":"https:\/\/420now.co\/fr-ca\/wp-json\/wp\/v2\/product_brand?post=18427"},{"taxonomy":"product_cat","embeddable":true,"href":"https:\/\/420now.co\/fr-ca\/wp-json\/wp\/v2\/product_cat?post=18427"},{"taxonomy":"product_tag","embeddable":true,"href":"https:\/\/420now.co\/fr-ca\/wp-json\/wp\/v2\/product_tag?post=18427"}],"curies":[{"name":"wp","href":"https:\/\/api.w.org\/{rel}","templated":true}]}}