{"id":18429,"date":"2021-04-27T15:12:43","date_gmt":"2021-04-27T19:12:43","guid":{"rendered":"https:\/\/420now.co\/product\/wesley-tea-company-restore-functionalitea-20mg-cbd\/"},"modified":"2026-02-08T18:43:45","modified_gmt":"2026-02-08T23:43:45","slug":"wesley-tea-company-restore-functionalitea-20mg-cbd","status":"publish","type":"product","link":"https:\/\/420now.co\/fr-ca\/product\/wesley-tea-company-restore-functionalitea-20mg-cbd\/","title":{"rendered":"Wesley Tea Company Restore Functionalitea 20mg CBD"},"content":{"rendered":"<p>Un m\u00e9lange cicatrisant de racine de val\u00e9riane biologique, de menthe poivr\u00e9e et de m\u00e9lisse soulage les douleurs articulaires et musculaires. Les notes de pomme donnent un rehaussement de saveur lorsque vous en avez besoin. Contient 10 sachets par paquet.<\/p>\n","protected":false},"excerpt":{"rendered":"<p>Un m\u00e9lange cicatrisant de racine de val\u00e9riane biologique, de menthe poivr\u00e9e et de m\u00e9lisse soulage les douleurs articulaires et musculaires. Les notes de pomme donnent un rehaussement de saveur lorsque vous en avez besoin. Contient 10 sachets par paquet.<\/p>\n","protected":false},"featured_media":16884,"comment_status":"open","ping_status":"closed","template":"","meta":{"_acf_changed":false},"product_brand":[375],"product_cat":[208,224],"product_tag":[319],"class_list":{"0":"post-18429","1":"product","2":"type-product","3":"status-publish","4":"has-post-thumbnail","6":"product_brand-wesley-tea","7":"product_cat-cbd-fr-ca","8":"product_cat-the","9":"product_tag-wesley-fr-ca","11":"first","12":"instock","13":"shipping-taxable","14":"purchasable","15":"product-type-simple"},"acf":[],"_links":{"self":[{"href":"https:\/\/420now.co\/fr-ca\/wp-json\/wp\/v2\/product\/18429","targetHints":{"allow":["GET"]}}],"collection":[{"href":"https:\/\/420now.co\/fr-ca\/wp-json\/wp\/v2\/product"}],"about":[{"href":"https:\/\/420now.co\/fr-ca\/wp-json\/wp\/v2\/types\/product"}],"replies":[{"embeddable":true,"href":"https:\/\/420now.co\/fr-ca\/wp-json\/wp\/v2\/comments?post=18429"}],"wp:featuredmedia":[{"embeddable":true,"href":"https:\/\/420now.co\/fr-ca\/wp-json\/wp\/v2\/media\/16884"}],"wp:attachment":[{"href":"https:\/\/420now.co\/fr-ca\/wp-json\/wp\/v2\/media?parent=18429"}],"wp:term":[{"taxonomy":"product_brand","embeddable":true,"href":"https:\/\/420now.co\/fr-ca\/wp-json\/wp\/v2\/product_brand?post=18429"},{"taxonomy":"product_cat","embeddable":true,"href":"https:\/\/420now.co\/fr-ca\/wp-json\/wp\/v2\/product_cat?post=18429"},{"taxonomy":"product_tag","embeddable":true,"href":"https:\/\/420now.co\/fr-ca\/wp-json\/wp\/v2\/product_tag?post=18429"}],"curies":[{"name":"wp","href":"https:\/\/api.w.org\/{rel}","templated":true}]}}