{"id":18432,"date":"2021-04-27T15:18:07","date_gmt":"2021-04-27T19:18:07","guid":{"rendered":"https:\/\/420now.co\/product\/wesley-tea-company-sparkle-vitalitea-10-mg-thc-10-mg-cbd\/"},"modified":"2026-02-08T18:46:56","modified_gmt":"2026-02-08T23:46:56","slug":"wesley-tea-company-sparkle-vitalitea-10-mg-thc-10-mg-cbd","status":"publish","type":"product","link":"https:\/\/420now.co\/fr-ca\/product\/wesley-tea-company-sparkle-vitalitea-10-mg-thc-10-mg-cbd\/","title":{"rendered":"Wesley Tea Company Sparkle Vitalitea 10 mg THC\/10 mg CBD"},"content":{"rendered":"<p>Ce m\u00e9lange de racine de val\u00e9riane biologique, de menthe poivr\u00e9e et de m\u00e9lisse soulage les maux de t\u00eate et les crampes. Des notes de fleur de pommier cr\u00e9ent un th\u00e9 parfum\u00e9, mais moelleux.<\/p>\n","protected":false},"excerpt":{"rendered":"<p>Ce m\u00e9lange de racine de val\u00e9riane biologique, de menthe poivr\u00e9e et de m\u00e9lisse soulage les maux de t\u00eate et les crampes. Des notes de fleur de pommier cr\u00e9ent un th\u00e9 parfum\u00e9, mais moelleux.<\/p>\n","protected":false},"featured_media":16887,"comment_status":"open","ping_status":"closed","template":"","meta":{"_acf_changed":false},"product_brand":[375],"product_cat":[208,224],"product_tag":[319],"class_list":{"0":"post-18432","1":"product","2":"type-product","3":"status-publish","4":"has-post-thumbnail","6":"product_brand-wesley-tea","7":"product_cat-cbd-fr-ca","8":"product_cat-the","9":"product_tag-wesley-fr-ca","11":"first","12":"instock","13":"shipping-taxable","14":"purchasable","15":"product-type-simple"},"acf":[],"_links":{"self":[{"href":"https:\/\/420now.co\/fr-ca\/wp-json\/wp\/v2\/product\/18432","targetHints":{"allow":["GET"]}}],"collection":[{"href":"https:\/\/420now.co\/fr-ca\/wp-json\/wp\/v2\/product"}],"about":[{"href":"https:\/\/420now.co\/fr-ca\/wp-json\/wp\/v2\/types\/product"}],"replies":[{"embeddable":true,"href":"https:\/\/420now.co\/fr-ca\/wp-json\/wp\/v2\/comments?post=18432"}],"wp:featuredmedia":[{"embeddable":true,"href":"https:\/\/420now.co\/fr-ca\/wp-json\/wp\/v2\/media\/16887"}],"wp:attachment":[{"href":"https:\/\/420now.co\/fr-ca\/wp-json\/wp\/v2\/media?parent=18432"}],"wp:term":[{"taxonomy":"product_brand","embeddable":true,"href":"https:\/\/420now.co\/fr-ca\/wp-json\/wp\/v2\/product_brand?post=18432"},{"taxonomy":"product_cat","embeddable":true,"href":"https:\/\/420now.co\/fr-ca\/wp-json\/wp\/v2\/product_cat?post=18432"},{"taxonomy":"product_tag","embeddable":true,"href":"https:\/\/420now.co\/fr-ca\/wp-json\/wp\/v2\/product_tag?post=18432"}],"curies":[{"name":"wp","href":"https:\/\/api.w.org\/{rel}","templated":true}]}}