{"id":18433,"date":"2021-04-27T16:30:32","date_gmt":"2021-04-27T20:30:32","guid":{"rendered":"https:\/\/420now.co\/product\/barre-de-chocolat-au-lait-boost-cbd\/"},"modified":"2026-02-08T19:18:41","modified_gmt":"2026-02-09T00:18:41","slug":"barre-de-chocolat-au-lait-boost-cbd","status":"publish","type":"product","link":"https:\/\/420now.co\/fr-ca\/product\/barre-de-chocolat-au-lait-boost-cbd\/","title":{"rendered":"Boost Barre de chocolat au lait CBD"},"content":{"rendered":"<p>Donnez-vous un coup de pouce! Les barres de CBD au chocolat au lait Boost contiennent 240 mg de CBD &#8211; et le go\u00fbt riche et cr\u00e9meux du chocolat est incroyable! Chaque barre p\u00e8se 50 grammes de d\u00e9lices et peut \u00eatre facilement cass\u00e9e en 12 morceaux.  <\/p>\n<h2>Pourquoi Boost CBD Milk Chocolate?<\/h2>\n<p>Parce que les produits chocolat\u00e9s Boost sont litt\u00e9ralement incroyables! Pas de go\u00fbt ou d\u2019odeur de marijuana ou d\u2019herbe. Juste un d\u00e9licieux chocolat exquis. Lorsque vous voulez vraiment vous faire plaisir, optez pour un Boost &#8211; et ayez confiance dans la qualit\u00e9 et la pr\u00e9cision de la mesure du CBD dans chaque barre. Chocolat de style gastronomique fabriqu\u00e9 \u00e0 la main avec les bienfaits sant\u00e9 du CBD &#8211; un favori des fans comestibles et m\u00e9diables!    <\/p>\n<p><strong>Ingr\u00e9dients de la barre de chocolat au lait Boost CBD :<\/strong><\/p>\n<p>Isolat de CBD, sucre, beurre de cacao, lait entier en poudre, chocolat non sucr\u00e9, huile de noix de coco biologique, l\u00e9cithine de soja, graines de gousses de vanille.<\/p>\n<h2>Livraison gratuite en 2 heures GTA Boost CBD Chocolate<\/h2>\n<p>Avec une commande minimale de 100,00 $ en produits sur notre site Web, nous nous assurerons que vous recevrez votre commande le jour m\u00eame, dans les deux heures si vous commandez avant 20h. Nos chauffeurs sympathiques peuvent livrer vos barres de chocolat Boost CBD m\u00e9dicamenteuses &#8211; et vous pouvez rester \u00e0 la maison. <\/p>\n<h2>Barres de chocolat au CBD Shipping Boost \u00e0 l\u2019\u00e9chelle du Canada<\/h2>\n<p>Les fans de Medible\/Edible adorent les barres de chocolat Boost CBD, et pour de bonnes raisons! CBD avec chocolat au lait luxueux. Nous sommes heureux de pouvoir exp\u00e9dier \u00e0 des adresses canadiennes \u00e0 l\u2019ext\u00e9rieur de la r\u00e9gion du Grand Toronto par l\u2019interm\u00e9diaire de Postes Canada.  <\/p>\n<p>Il y a une commande minimale de 150,00 $ et vous recevrez la livraison gratuite! Cela inclut tous nos produits chez 420Now Weed Delivery (m\u00e9langez et assortissez les produits pour atteindre le niveau minimum). <\/p>\n<p>Pour l\u2019exp\u00e9dition pancanadienne de chocolats m\u00e9dicamenteux au CBD Boost et de nos autres produits, nous devons recevoir le paiement par courriel interac \u2013 les instructions sont fournies lors de votre paiement.<\/p>\n<p>Pour les commandes dans la r\u00e9gion de la GTA* \u2013 commandez en ligne et payez par courriel, ou si vous pr\u00e9f\u00e9rez, en paiement \u00e0 la livraison ou utilisez une carte de cr\u00e9dit au moment de la livraison.<\/p>\n<p>Veuillez garder les collations au THC telles que les barres de chocolat Boost CBD hors de port\u00e9e des enfants!  <\/p>\n<p>*La r\u00e9gion r\u00e9gionale du Grand Toronto comprend Markham, Richmond Hill, Aurora, Newmarket, Vaughan (r\u00e9gion de York).<\/p>\n","protected":false},"excerpt":{"rendered":"<p>Donnez-vous un coup de pouce! Les barres de CBD au chocolat au lait Boost contiennent 240 mg de CBD &#8211; et le go\u00fbt riche et cr\u00e9meux du chocolat est incroyable! Chaque barre p\u00e8se 50 grammes de d\u00e9lices et peut \u00eatre facilement cass\u00e9e en 12 morceaux.  <\/p>\n<p>Allez-y et faites-vous plaisir.<\/p>\n","protected":false},"featured_media":17672,"comment_status":"open","ping_status":"closed","template":"","meta":{"_acf_changed":false},"product_brand":[377],"product_cat":[208,226],"product_tag":[],"class_list":{"0":"post-18433","1":"product","2":"type-product","3":"status-publish","4":"has-post-thumbnail","6":"product_brand-boost","7":"product_cat-cbd-fr-ca","8":"product_cat-chocolats","10":"first","11":"instock","12":"shipping-taxable","13":"purchasable","14":"product-type-simple"},"acf":[],"_links":{"self":[{"href":"https:\/\/420now.co\/fr-ca\/wp-json\/wp\/v2\/product\/18433","targetHints":{"allow":["GET"]}}],"collection":[{"href":"https:\/\/420now.co\/fr-ca\/wp-json\/wp\/v2\/product"}],"about":[{"href":"https:\/\/420now.co\/fr-ca\/wp-json\/wp\/v2\/types\/product"}],"replies":[{"embeddable":true,"href":"https:\/\/420now.co\/fr-ca\/wp-json\/wp\/v2\/comments?post=18433"}],"wp:featuredmedia":[{"embeddable":true,"href":"https:\/\/420now.co\/fr-ca\/wp-json\/wp\/v2\/media\/17672"}],"wp:attachment":[{"href":"https:\/\/420now.co\/fr-ca\/wp-json\/wp\/v2\/media?parent=18433"}],"wp:term":[{"taxonomy":"product_brand","embeddable":true,"href":"https:\/\/420now.co\/fr-ca\/wp-json\/wp\/v2\/product_brand?post=18433"},{"taxonomy":"product_cat","embeddable":true,"href":"https:\/\/420now.co\/fr-ca\/wp-json\/wp\/v2\/product_cat?post=18433"},{"taxonomy":"product_tag","embeddable":true,"href":"https:\/\/420now.co\/fr-ca\/wp-json\/wp\/v2\/product_tag?post=18433"}],"curies":[{"name":"wp","href":"https:\/\/api.w.org\/{rel}","templated":true}]}}