{"id":18434,"date":"2021-07-27T13:50:45","date_gmt":"2021-07-27T17:50:45","guid":{"rendered":"https:\/\/420now.co\/product\/la-confidential\/"},"modified":"2026-03-12T19:57:10","modified_gmt":"2026-03-12T23:57:10","slug":"la-confidential","status":"publish","type":"product","link":"https:\/\/420now.co\/fr-ca\/product\/la-confidential\/","title":{"rendered":"LA Confidential"},"content":{"rendered":"<p>Si vous cherchez quelque chose d\u2019extr\u00eamement apaisant pour l\u2019esprit et le corps, vous voudrez essayer LA Confidential. Une vari\u00e9t\u00e9 extr\u00eamement populaire, elle a un go\u00fbt doux avec des notes de pin sous la saveur terreuse. Bien qu\u2019il ait de grandes propri\u00e9t\u00e9s psych\u00e9dliques, il peut vous aider \u00e0 dormir tout en traitant la douleur aigu\u00eb. Une vari\u00e9t\u00e9 pr\u00e9f\u00e9r\u00e9e de nombreux consommateurs de cannabis m\u00e9dical.   <\/p>\n<p>Indica.<\/p>\n<h2>En savoir plus sur la Strain LA Confidential<\/h2>\n<p>LA Confidential a un riche bagage g\u00e9n\u00e9tique &#8211; ce qui explique sa popularit\u00e9 et ses fans. Croisement entre une vari\u00e9t\u00e9 afghane et OG LA Affie, LA Confidential a remport\u00e9 de nombreux prix au fil des ans. Diff\u00e9rentes nuances de vert, de poils orange et de trichromes blancs.  <\/p>\n<p>Il peut avoir un ar\u00f4me semblable \u00e0 celui d\u2019un OG, avec un fort go\u00fbt terreux et des notes de pin et certains d\u00e9crivent comme une nuance \u00e9pic\u00e9e et de carburant.<\/p>\n<h2>Effets de la marijuana LA Confidential<\/h2>\n<p>LA Confidential est connu pour ses puissants effets psych\u00e9d\u00e9liques, mais d\u2019une mani\u00e8re apaisante et ax\u00e9e sur la pens\u00e9e. Lorsque vous essayez de bloquer les distractions, LA Confidential est souvent la vari\u00e9t\u00e9 de cannabis que beaucoup atteindront, roulent et allument. Cela peut fonctionner rapidement &#8211; il ne faut pas longtemps pour commencer \u00e0 ressentir les effets de LA Confidential.  <\/p>\n<p>La plupart des amateurs de cette vari\u00e9t\u00e9 rapportent des sensations calmantes et relaxantes et une minorit\u00e9 importante se sent somnolente (environ 40%).<\/p>\n<p>Les consommateurs de cannabis m\u00e9dical font appel \u00e0 LA Confidential pour traiter l\u2019anxi\u00e9t\u00e9 et la d\u00e9pression, ainsi que les douleurs mineures. Les insomniaques trouvent \u00e9galement LA Confidential est tr\u00e8s efficace pour traiter cette condition. <\/p>\n<p><em>REMARQUE : Les informations sur ce site sont fournies \u00e0 des fins \u00e9ducatives seulement et ne remplacent pas un avis m\u00e9dical professionnel. Consultez un professionnel de la sant\u00e9 avant utilisation.  Pour les adultes \u00e2g\u00e9s de 19 ans ou plus seulement.<\/em><\/p>\n<p>Bien qu\u2019il soit relaxant et apaisant, il peut \u00e9galement offrir des bienfaits cr\u00e9atifs et sensuels le soir.<\/p>\n<h2>LA Confidential \u2013 Livraison gratuite en 2 heures GTA<\/h2>\n<p>Si vous \u00eates dans la r\u00e9gion du Grand Toronto, vous pouvez vous procurer de l\u2019herbe LA Confidential en 2 heures* \u00e0 votre porte! Commandez avant 20 h et l\u2019un de nos chauffeurs vous livrera le jour m\u00eame, 2 heures gratuitement, lorsque vous commandez un minimum de 100,00 $ de l\u2019un des produits sur notre site Web.<\/p>\n<p>*Livraison en deux heures \u00e0 Toronto (Scarborough, North York, Etobicoke, DownTown, York &#8211; toutes les r\u00e9gions \u00e0 l\u2019int\u00e9rieur des fronti\u00e8res de la ville de Toronto), Richmond Hill, King, Aurora, Newmarket, Woodbridge, Vaughan et Markham.<\/p>\n","protected":false},"excerpt":{"rendered":"<p>Si vous cherchez quelque chose d\u2019extr\u00eamement apaisant pour l\u2019esprit et le corps, vous voudrez essayer LA Confidential. Une vari\u00e9t\u00e9 extr\u00eamement populaire, elle a un go\u00fbt doux avec des notes de pin sous la saveur terreuse. Bien qu\u2019il ait de grandes propri\u00e9t\u00e9s psych\u00e9dliques, il peut vous aider \u00e0 dormir tout en traitant la douleur aigu\u00eb. Une vari\u00e9t\u00e9 pr\u00e9f\u00e9r\u00e9e de nombreux consommateurs de cannabis m\u00e9dical.   <\/p>\n<p>Indica.<\/p>\n","protected":false},"featured_media":16905,"comment_status":"open","ping_status":"closed","template":"","meta":{"_acf_changed":false},"product_brand":[],"product_cat":[250],"product_tag":[303],"class_list":{"0":"post-18434","1":"product","2":"type-product","3":"status-publish","4":"has-post-thumbnail","6":"product_cat-pot-indica","7":"product_tag-june-special-fr-ca","8":"pa_weight-1-oz-fr-ca","9":"pa_weight-1-2-oz-fr-ca","10":"pa_weight-1-4-oz-fr-ca-2","12":"first","13":"instock","14":"shipping-taxable","15":"purchasable","16":"product-type-variable"},"acf":[],"_links":{"self":[{"href":"https:\/\/420now.co\/fr-ca\/wp-json\/wp\/v2\/product\/18434","targetHints":{"allow":["GET"]}}],"collection":[{"href":"https:\/\/420now.co\/fr-ca\/wp-json\/wp\/v2\/product"}],"about":[{"href":"https:\/\/420now.co\/fr-ca\/wp-json\/wp\/v2\/types\/product"}],"replies":[{"embeddable":true,"href":"https:\/\/420now.co\/fr-ca\/wp-json\/wp\/v2\/comments?post=18434"}],"wp:featuredmedia":[{"embeddable":true,"href":"https:\/\/420now.co\/fr-ca\/wp-json\/wp\/v2\/media\/16905"}],"wp:attachment":[{"href":"https:\/\/420now.co\/fr-ca\/wp-json\/wp\/v2\/media?parent=18434"}],"wp:term":[{"taxonomy":"product_brand","embeddable":true,"href":"https:\/\/420now.co\/fr-ca\/wp-json\/wp\/v2\/product_brand?post=18434"},{"taxonomy":"product_cat","embeddable":true,"href":"https:\/\/420now.co\/fr-ca\/wp-json\/wp\/v2\/product_cat?post=18434"},{"taxonomy":"product_tag","embeddable":true,"href":"https:\/\/420now.co\/fr-ca\/wp-json\/wp\/v2\/product_tag?post=18434"}],"curies":[{"name":"wp","href":"https:\/\/api.w.org\/{rel}","templated":true}]}}