{"id":18435,"date":"2021-04-27T15:16:16","date_gmt":"2021-04-27T19:16:16","guid":{"rendered":"https:\/\/420now.co\/product\/wesley-tea-company-sleep-comfortea-20mg-cbd\/"},"modified":"2026-02-08T18:45:23","modified_gmt":"2026-02-08T23:45:23","slug":"wesley-tea-company-sleep-comfortea-20mg-cbd","status":"publish","type":"product","link":"https:\/\/420now.co\/fr-ca\/product\/wesley-tea-company-sleep-comfortea-20mg-cbd\/","title":{"rendered":"Wesley Tea Company Sleep Comfortea 20mg CBD"},"content":{"rendered":"<p>Un m\u00e9lange apaisant de camomille biologique, d\u2019hibiscus, de p\u00e9tales de rose et de citronnelle pour favoriser la relaxation et revivre le stress. Le th\u00e9 parfait pour se d\u00e9tendre avant le coucher.<\/p>\n","protected":false},"excerpt":{"rendered":"<p>Un m\u00e9lange apaisant de camomille biologique, d\u2019hibiscus, de p\u00e9tales de rose et de citronnelle pour favoriser la relaxation et revivre le stress. Le th\u00e9 parfait pour se d\u00e9tendre avant le coucher.<\/p>\n","protected":false},"featured_media":16886,"comment_status":"open","ping_status":"closed","template":"","meta":{"_acf_changed":false},"product_brand":[375],"product_cat":[221,208,224],"product_tag":[319],"class_list":{"0":"post-18435","1":"product","2":"type-product","3":"status-publish","4":"has-post-thumbnail","6":"product_brand-wesley-tea","7":"product_cat-boissons","8":"product_cat-cbd-fr-ca","9":"product_cat-the","10":"product_tag-wesley-fr-ca","12":"first","13":"instock","14":"shipping-taxable","15":"purchasable","16":"product-type-simple"},"acf":[],"_links":{"self":[{"href":"https:\/\/420now.co\/fr-ca\/wp-json\/wp\/v2\/product\/18435","targetHints":{"allow":["GET"]}}],"collection":[{"href":"https:\/\/420now.co\/fr-ca\/wp-json\/wp\/v2\/product"}],"about":[{"href":"https:\/\/420now.co\/fr-ca\/wp-json\/wp\/v2\/types\/product"}],"replies":[{"embeddable":true,"href":"https:\/\/420now.co\/fr-ca\/wp-json\/wp\/v2\/comments?post=18435"}],"wp:featuredmedia":[{"embeddable":true,"href":"https:\/\/420now.co\/fr-ca\/wp-json\/wp\/v2\/media\/16886"}],"wp:attachment":[{"href":"https:\/\/420now.co\/fr-ca\/wp-json\/wp\/v2\/media?parent=18435"}],"wp:term":[{"taxonomy":"product_brand","embeddable":true,"href":"https:\/\/420now.co\/fr-ca\/wp-json\/wp\/v2\/product_brand?post=18435"},{"taxonomy":"product_cat","embeddable":true,"href":"https:\/\/420now.co\/fr-ca\/wp-json\/wp\/v2\/product_cat?post=18435"},{"taxonomy":"product_tag","embeddable":true,"href":"https:\/\/420now.co\/fr-ca\/wp-json\/wp\/v2\/product_tag?post=18435"}],"curies":[{"name":"wp","href":"https:\/\/api.w.org\/{rel}","templated":true}]}}