{"id":18436,"date":"2021-04-27T16:26:56","date_gmt":"2021-04-27T20:26:56","guid":{"rendered":"https:\/\/420now.co\/product\/moonrocks-meteorocks\/"},"modified":"2026-03-12T19:58:03","modified_gmt":"2026-03-12T23:58:03","slug":"moonrocks-meteorocks","status":"publish","type":"product","link":"https:\/\/420now.co\/fr-ca\/product\/moonrocks-meteorocks\/","title":{"rendered":"Moonrocks MeteoRocks"},"content":{"rendered":"<p>Bourgeon AAAA m\u00e9lang\u00e9 \u00e0 des trichomes frais de grade A.<\/p>\n","protected":false},"excerpt":{"rendered":"<p>Bourgeon AAAA m\u00e9lang\u00e9 \u00e0 des trichomes frais de grade A.<\/p>\n","protected":false},"featured_media":16892,"comment_status":"open","ping_status":"closed","template":"","meta":{"_acf_changed":false},"product_brand":[],"product_cat":[251],"product_tag":[],"class_list":{"0":"post-18436","1":"product","2":"type-product","3":"status-publish","4":"has-post-thumbnail","6":"product_cat-moon-rocks-fr-ca","8":"first","9":"instock","10":"shipping-taxable","11":"purchasable","12":"product-type-simple"},"acf":[],"_links":{"self":[{"href":"https:\/\/420now.co\/fr-ca\/wp-json\/wp\/v2\/product\/18436","targetHints":{"allow":["GET"]}}],"collection":[{"href":"https:\/\/420now.co\/fr-ca\/wp-json\/wp\/v2\/product"}],"about":[{"href":"https:\/\/420now.co\/fr-ca\/wp-json\/wp\/v2\/types\/product"}],"replies":[{"embeddable":true,"href":"https:\/\/420now.co\/fr-ca\/wp-json\/wp\/v2\/comments?post=18436"}],"wp:featuredmedia":[{"embeddable":true,"href":"https:\/\/420now.co\/fr-ca\/wp-json\/wp\/v2\/media\/16892"}],"wp:attachment":[{"href":"https:\/\/420now.co\/fr-ca\/wp-json\/wp\/v2\/media?parent=18436"}],"wp:term":[{"taxonomy":"product_brand","embeddable":true,"href":"https:\/\/420now.co\/fr-ca\/wp-json\/wp\/v2\/product_brand?post=18436"},{"taxonomy":"product_cat","embeddable":true,"href":"https:\/\/420now.co\/fr-ca\/wp-json\/wp\/v2\/product_cat?post=18436"},{"taxonomy":"product_tag","embeddable":true,"href":"https:\/\/420now.co\/fr-ca\/wp-json\/wp\/v2\/product_tag?post=18436"}],"curies":[{"name":"wp","href":"https:\/\/api.w.org\/{rel}","templated":true}]}}