{"id":18440,"date":"2021-04-27T16:42:24","date_gmt":"2021-04-27T20:42:24","guid":{"rendered":"https:\/\/420now.co\/product\/champignons-albinos-a\/"},"modified":"2026-02-08T15:08:32","modified_gmt":"2026-02-08T20:08:32","slug":"champignons-albinos-a","status":"publish","type":"product","link":"https:\/\/420now.co\/fr-ca\/product\/champignons-albinos-a\/","title":{"rendered":"Champignons Albinos A+"},"content":{"rendered":"<p>Ce champignon est tr\u00e8s fort et ne doit pas \u00eatre utilis\u00e9 par les d\u00e9butants, sauf pour commencer avec de faibles doses. Il est cr\u00e9\u00e9 \u00e0 partir d\u2019un m\u00e9lange <a href=\"https:\/\/420now.co\/fr-ca\/product\/champignons-cubensis-damazonie\/\">d\u2019Amazonian<\/a> et de Golden <a href=\"https:\/\/420now.co\/fr-ca\/product\/champignons-enseignants-dores\/\">Teacher<\/a>. <\/p>\n<p>Si vous recherchez un voyage tr\u00e8s sp\u00e9cial, alors la vari\u00e9t\u00e9 de champignons Albino A+ est faite pour vous. Attendez-vous \u00e0 des effets visuels intenses. Vos pens\u00e9es peuvent sauter et explorer les profondeurs de votre esprit.  <\/p>\n<h2>Description des champignons Albino A+<\/h2>\n<p>Comme mentionn\u00e9, un croisement entre Cubensis A= et Golden Teacher &#8211; ces champignons tirent leur nom de leur apparence tr\u00e8s blanche. Cependant, ils ne correspondent pas r\u00e9ellement \u00e0 la d\u00e9finition scientifique \u00ab albinos \u00bb. Ce n\u2019est pas une v\u00e9ritable esp\u00e8ce albinos. En fait, si vous meurtrissez ces champignons, ils peuvent prendre une couleur bleut\u00e9e; pas rouge qui est associ\u00e9 \u00e0 de v\u00e9ritables caract\u00e9ristiques albinos.   <\/p>\n<h2>Effets des champignons albinos<\/h2>\n<p>Ces champignons ne sont pas pour les \u00e2mes sensibles ou les d\u00e9butants. Sachez qu\u2019ils sont en fait parmi les plus puissants de tous les champignons magiques. M\u00eame les consommateurs v\u00e9t\u00e9rans de champignons feront des voyages sauvages &#8211; les d\u00e9butants peuvent trouver cela difficile \u00e0 g\u00e9rer. Votre esprit explorera les paradoxes du r\u00e9alisme et de la logique, avec des pens\u00e9es sur l\u2019illogique comme s\u2019il n\u2019y avait pas de diff\u00e9rence. Ce sera difficile de suivre, mais ce n\u2019est pas vraiment ce que vous essayez d\u2019accomplir lors d\u2019un voyage aux champignons albinos.    <\/p>\n<p>De v\u00e9ritables effets psych\u00e9d\u00e9liques qui sont faits pour am\u00e9liorer votre r\u00e9alit\u00e9, en savoir plus sur votre propre esprit et votre pens\u00e9e.<\/p>\n<h2>Dosage des champignons albinos<\/h2>\n<p>Nous fournissons cela simplement \u00e0 titre indicatif. Vous voudrez peut-\u00eatre commencer avec une dose encore plus faible, mais le poids corporel et la composition peuvent \u00eatre importants pour g\u00e9rer diff\u00e9rentes quantit\u00e9s de champignon magique albinos. <\/p>\n<p>Vous pouvez consommer des champignons albinos frais ou s\u00e9ch\u00e9s, mais n\u2019oubliez pas que s\u2019ils sont s\u00e9ch\u00e9s, n\u2019importe quelle quantit\u00e9 en poids sera plus puissante que le m\u00eame poids frais. Les produits chimiques sont plus concentr\u00e9s lorsqu\u2019ils sont s\u00e9ch\u00e9s. <\/p>\n<p>Vous pouvez \u00e9galement faire un th\u00e9 avec des champignons frais ou s\u00e9ch\u00e9s, mais les m\u00eames principes s\u2019appliquent.<\/p>\n<p>L\u2019intensit\u00e9 du voyage que vous cherchez \u00e0 vivre et \u00e0 cr\u00e9er vous guidera.  <strong>Cependant, vous ne devez pas d\u00e9passer 3 grammes \u00e0 la fois.<\/strong>  Vous devriez commencer par 0,5 gramme et voir comment cette dose vous affecte.<\/p>\n<h2>Albino Magic Mushroom Livraison gratuite en 2 heures R\u00e9gion du Grand Toronto<\/h2>\n<p><strong>Livraison gratuite en 2 heures<\/strong> avec une commande minimale de 100,00 $ de l\u2019un de nos produits, y compris les champignons magiques albinos de 420Now Weed Delivery. Veuillez commander avant 20 h pour une livraison en deux heures le jour m\u00eame. <\/p>\n<p>*Livraison en deux heures \u00e0 Toronto (Scarborough, North York, Etobicoke, DownTown, York &#8211; toutes les r\u00e9gions \u00e0 l\u2019int\u00e9rieur des fronti\u00e8res de la ville de Toronto), Richmond Hill, King, Aurora, Newmarket, Woodbridge, Vaughan et Markham.<\/p>\n<p>Pour les r\u00e9gions p\u00e9riph\u00e9riques telles que Brampton, Caledon, Mississauga, Pickering, Ajax, Whitby, Oshawa, Clarington, Scugog, Uxbridge, East Gwillimbury, Georgina et Brock, nous visons deux heures, mais veuillez vous attendre \u00e0 la possibilit\u00e9 de 3 heures pour la livraison. Si votre adresse se trouve dans ces r\u00e9gions p\u00e9riph\u00e9riques, vous pouvez nous contacter pour conna\u00eetre les d\u00e9lais de livraison pr\u00e9vus ce jour-l\u00e0. <\/p>\n<p>\u00c9galement disponible pour exp\u00e9dition partout au Canada.<\/p>\n","protected":false},"excerpt":{"rendered":"<p>Ce champignon est tr\u00e8s fort et ne doit pas \u00eatre utilis\u00e9 par les d\u00e9butants, sauf pour commencer avec de faibles doses. Il est cr\u00e9\u00e9 \u00e0 partir d\u2019un m\u00e9lange <a href=\"https:\/\/420now.co\/fr-ca\/product\/champignons-cubensis-damazonie\/\">d\u2019Amazonian<\/a> et de Golden <a href=\"https:\/\/420now.co\/fr-ca\/product\/champignons-enseignants-dores\/\">Teacher<\/a>. <\/p>\n<p>Si vous recherchez un voyage tr\u00e8s sp\u00e9cial, alors la vari\u00e9t\u00e9 de champignons Albino A+ est faite pour vous. Attendez-vous \u00e0 des effets visuels intenses. Vos pens\u00e9es peuvent sauter et explorer les profondeurs de votre esprit.  <\/p>\n","protected":false},"featured_media":16893,"comment_status":"open","ping_status":"closed","template":"","meta":{"_acf_changed":false},"product_brand":[],"product_cat":[237],"product_tag":[],"class_list":{"0":"post-18440","1":"product","2":"type-product","3":"status-publish","4":"has-post-thumbnail","6":"product_cat-champignons-secs","8":"first","9":"instock","10":"shipping-taxable","11":"purchasable","12":"product-type-variable"},"acf":[],"_links":{"self":[{"href":"https:\/\/420now.co\/fr-ca\/wp-json\/wp\/v2\/product\/18440","targetHints":{"allow":["GET"]}}],"collection":[{"href":"https:\/\/420now.co\/fr-ca\/wp-json\/wp\/v2\/product"}],"about":[{"href":"https:\/\/420now.co\/fr-ca\/wp-json\/wp\/v2\/types\/product"}],"replies":[{"embeddable":true,"href":"https:\/\/420now.co\/fr-ca\/wp-json\/wp\/v2\/comments?post=18440"}],"wp:featuredmedia":[{"embeddable":true,"href":"https:\/\/420now.co\/fr-ca\/wp-json\/wp\/v2\/media\/16893"}],"wp:attachment":[{"href":"https:\/\/420now.co\/fr-ca\/wp-json\/wp\/v2\/media?parent=18440"}],"wp:term":[{"taxonomy":"product_brand","embeddable":true,"href":"https:\/\/420now.co\/fr-ca\/wp-json\/wp\/v2\/product_brand?post=18440"},{"taxonomy":"product_cat","embeddable":true,"href":"https:\/\/420now.co\/fr-ca\/wp-json\/wp\/v2\/product_cat?post=18440"},{"taxonomy":"product_tag","embeddable":true,"href":"https:\/\/420now.co\/fr-ca\/wp-json\/wp\/v2\/product_tag?post=18440"}],"curies":[{"name":"wp","href":"https:\/\/api.w.org\/{rel}","templated":true}]}}