{"id":18442,"date":"2021-04-20T17:57:35","date_gmt":"2021-04-20T21:57:35","guid":{"rendered":"https:\/\/420now.co\/product\/wedding-cake\/"},"modified":"2026-03-12T20:01:06","modified_gmt":"2026-03-13T00:01:06","slug":"wedding-cake","status":"publish","type":"product","link":"https:\/\/420now.co\/fr-ca\/product\/wedding-cake\/","title":{"rendered":"Wedding Cake"},"content":{"rendered":"<p>Wedding Cake est probablement nomm\u00e9 pour son ar\u00f4me tr\u00e8s sucr\u00e9 ainsi que ses fortes saveurs fruit\u00e9es sucr\u00e9es \u00e0 l\u2019expiration (il peut avoir un go\u00fbt aigre \u00e0 l\u2019inhalation), mais c\u2019est plus que le go\u00fbt qui explique pourquoi beaucoup choisissent cet hybride \u00e0 dominante Indica . Elle stimule l\u2019app\u00e9tit et est connue pour ses effets tr\u00e8s calmants &#8211; souvent les personnes souffrant d\u2019anxi\u00e9t\u00e9 ou de d\u00e9pression se tournent vers l\u2019herbe Wedding Cake . Certaines personnes souffrant de douleurs arthritiques ont remarqu\u00e9 que cette souche procure un soulagement.  <\/p>\n<p>Cette vari\u00e9t\u00e9 provient du croisement des vari\u00e9t\u00e9s Cherry Pie et <a href=\"https:\/\/420now.co\/fr-ca\/product\/girl-scout-cookies\/\">Girl Scout Cookies<\/a> .<\/p>\n<h2>Wedding Cake Description des mauvaises herbes<\/h2>\n<p>Avec une vari\u00e9t\u00e9 moyenne d\u2019environ 20% de THC, les d\u00e9butants doivent noter soigneusement que les niveaux de THC peuvent g\u00e9n\u00e9ralement atteindre jusqu\u2019\u00e0 25% en Wedding Cake, et a m\u00eame \u00e9t\u00e9 test\u00e9 jusqu\u2019\u00e0 35%.<\/p>\n<p>Il a souvent un aspect givr\u00e9 avec des poils orange et une concentration importante de trichomes.<\/p>\n<h2>Wedding Cake Effets des mauvaises herbes<\/h2>\n<p>Wedding Cake frappe assez rapidement et vous ressentirez les effets dans votre t\u00eate assez rapidement. Les premi\u00e8res sensations peuvent causer des vertiges et des sentiments d\u2019euphorie, mais vos pens\u00e9es peuvent devenir assez intenses avec un sentiment de conscience aigu\u00eb. <\/p>\n<p>Bien qu\u2019intense, les fans de Wedding Cake le d\u00e9crivent souvent comme \u00ab dans le moment pr\u00e9sent \u00bb, ce qui peut \u00eatre utile pour ceux qui font face \u00e0 divers degr\u00e9s de TDA &#8211; avec des capacit\u00e9s accrues \u00e0 se concentrer sur des t\u00e2ches sp\u00e9cifiques qui n\u00e9cessitent une certaine concentration.<\/p>\n<p>Selon la dose, apr\u00e8s un certain temps, vous pouvez sentir un bourdonnement corporel prendre le dessus, avec une relaxation qui se propage partout, mais l\u2019esprit continue de ressentir les effets c\u00e9r\u00e9braux originaux. Certains qualifient ce type d\u2019euphorie d&#8217;\u00ab holistique \u00bb et peut m\u00eame susciter la cr\u00e9ativit\u00e9. Wedding Cake est souvent un favori des couples qui pr\u00e9voient une soir\u00e9e de cr\u00e9ativit\u00e9 et de temps d\u00e9complex\u00e9 ensemble.  <\/p>\n<p>Pour cette raison, cette vari\u00e9t\u00e9 est souvent consid\u00e9r\u00e9e comme id\u00e9ale pour le sexe et la passion.<\/p>\n<h2>Wedding Cake Consommation de Strain de marijuana<\/h2>\n<p>Nous avons abord\u00e9 certaines des utilisations ci-dessus tout en d\u00e9crivant certains des effets de l\u2019herbe Wedding Cake &#8211; mais nous devons souligner qu\u2019il s\u2019agit d\u2019une vari\u00e9t\u00e9 fortement recommand\u00e9e dans la recherche sur le cannabis m\u00e9dical. Il est g\u00e9n\u00e9ralement sugg\u00e9r\u00e9 pour : <\/p>\n<ul>\n<li>Anxi\u00e9t\u00e9<\/li>\n<li>Stimuler l\u2019app\u00e9tit<\/li>\n<li>Douleur chronique<\/li>\n<li>D\u00e9fis li\u00e9s \u00e0 la capacit\u00e9 d\u2019attention<\/li>\n<li>D\u00e9pression<\/li>\n<li>Insomnie<\/li>\n<\/ul>\n<p>Souvent, ceux qui subissent d\u2019autres traitements m\u00e9dicaux qui suppriment l\u2019app\u00e9tit trouveront que Wedding Cake leur est tr\u00e8s b\u00e9n\u00e9fique d\u2019une mani\u00e8re globale.<\/p>\n<p><em>REMARQUE : Les informations sur ce site sont fournies \u00e0 des fins \u00e9ducatives seulement et ne remplacent pas un avis m\u00e9dical professionnel. Consultez un professionnel de la sant\u00e9 avant utilisation.  Pour les adultes \u00e2g\u00e9s de 19 ans ou plus seulement.<\/em><\/p>\n<p>Voici quelques effets n\u00e9gatifs :<\/p>\n<ul>\n<li>Yeux secs<\/li>\n<li>Bouche s\u00e8che<\/li>\n<\/ul>\n<p>Avoir de l\u2019eau fra\u00eeche autour serait une excellente id\u00e9e lorsque vous fumez Wedding Cake.<\/p>\n<h2>Wedding Cake \u2013 Livraison gratuite en 2 heures GTA<\/h2>\n<p>Si vous \u00eates dans la r\u00e9gion du Grand Toronto, vous pouvez vous procurer de l\u2019herbe Wedding Cake en 2 heures* \u00e0 votre porte! Commandez avant 20 h et l\u2019un de nos chauffeurs vous livrera le jour m\u00eame, 2 heures gratuitement, lorsque vous commandez un minimum de 100,00 $ de l\u2019un des produits sur notre site Web.<\/p>\n<p>Livraison en deux heures \u00e0 Toronto (Scarborough, North York, Etobicoke, DownTown, York &#8211; tous les secteurs situ\u00e9s \u00e0 l\u2019int\u00e9rieur des fronti\u00e8res de la ville de Toronto), Richmond Hill, King, Aurora, Newmarket, Woodbridge, Vaughan et Markham.<\/p>\n<p>Pour les r\u00e9gions p\u00e9riph\u00e9riques telles que Brampton, Caledon, Mississauga, Pickering, Ajax, Whitby, Oshawa, Clarington, Scugog, Uxbridge, East Gwillimbury, Georgina et Brock, nous visons deux heures, mais veuillez vous attendre \u00e0 la possibilit\u00e9 de 3 heures pour la livraison. Si votre adresse se trouve dans ces r\u00e9gions p\u00e9riph\u00e9riques, vous pouvez nous contacter pour conna\u00eetre les d\u00e9lais de livraison pr\u00e9vus ce jour-l\u00e0. <\/p>\n<h2>Wedding Cake Exp\u00e9dition \u00e0 l\u2019ext\u00e9rieur de la r\u00e9gion du Grand Toronto<\/h2>\n<p>Si vous n\u2019habitez pas dans notre zone de livraison gratuite, nous pouvons \u00e9galement vous exp\u00e9dier Wedding Cake , partout au Canada. Les commandes de moins de 200,00 $ sont assujetties \u00e0 un tarif fixe de 20,00 $ pour les frais d\u2019exp\u00e9dition et d\u2019affranchissement. Plus de 200,00 $ vous donnera droit \u00e0 la livraison gratuite sur Wedding Cake ou l\u2019un de nos autres produits, partout au Canada.  <\/p>\n","protected":false},"excerpt":{"rendered":"<p>Wedding Cake doit probablement son nom \u00e0 son ar\u00f4me tr\u00e8s sucr\u00e9 ainsi qu\u2019\u00e0 ses fortes saveurs fruit\u00e9es sucr\u00e9es, mais c\u2019est plus que le go\u00fbt qui explique pourquoi beaucoup choisissent cet hybride \u00e0 dominante Indica . Elle stimule l\u2019app\u00e9tit et est connue pour ses effets tr\u00e8s calmants &#8211; souvent les personnes souffrant d\u2019anxi\u00e9t\u00e9 ou de d\u00e9pression se tournent vers l\u2019herbe Wedding Cake . <\/p>\n<p>Cette vari\u00e9t\u00e9 provient du croisement des vari\u00e9t\u00e9s Cherry Pie et <a href=\"https:\/\/420now.co\/fr-ca\/product\/girl-scout-cookies\/\">Girl Scout Cookies<\/a> .<\/p>\n<p>Certains de nos clients confient que cette vari\u00e9t\u00e9 est excellente pour leur vie sexuelle.<\/p>\n","protected":false},"featured_media":16878,"comment_status":"open","ping_status":"closed","template":"","meta":{"_acf_changed":false},"product_brand":[],"product_cat":[250],"product_tag":[303],"class_list":{"0":"post-18442","1":"product","2":"type-product","3":"status-publish","4":"has-post-thumbnail","6":"product_cat-pot-indica","7":"product_tag-june-special-fr-ca","8":"pa_weight-1-oz-fr-ca","9":"pa_weight-1-2-oz-fr-ca","10":"pa_weight-1-4-oz-fr-ca-2","12":"first","13":"instock","14":"shipping-taxable","15":"purchasable","16":"product-type-variable"},"acf":[],"_links":{"self":[{"href":"https:\/\/420now.co\/fr-ca\/wp-json\/wp\/v2\/product\/18442","targetHints":{"allow":["GET"]}}],"collection":[{"href":"https:\/\/420now.co\/fr-ca\/wp-json\/wp\/v2\/product"}],"about":[{"href":"https:\/\/420now.co\/fr-ca\/wp-json\/wp\/v2\/types\/product"}],"replies":[{"embeddable":true,"href":"https:\/\/420now.co\/fr-ca\/wp-json\/wp\/v2\/comments?post=18442"}],"wp:featuredmedia":[{"embeddable":true,"href":"https:\/\/420now.co\/fr-ca\/wp-json\/wp\/v2\/media\/16878"}],"wp:attachment":[{"href":"https:\/\/420now.co\/fr-ca\/wp-json\/wp\/v2\/media?parent=18442"}],"wp:term":[{"taxonomy":"product_brand","embeddable":true,"href":"https:\/\/420now.co\/fr-ca\/wp-json\/wp\/v2\/product_brand?post=18442"},{"taxonomy":"product_cat","embeddable":true,"href":"https:\/\/420now.co\/fr-ca\/wp-json\/wp\/v2\/product_cat?post=18442"},{"taxonomy":"product_tag","embeddable":true,"href":"https:\/\/420now.co\/fr-ca\/wp-json\/wp\/v2\/product_tag?post=18442"}],"curies":[{"name":"wp","href":"https:\/\/api.w.org\/{rel}","templated":true}]}}