{"id":18448,"date":"2021-09-30T23:04:33","date_gmt":"2021-10-01T03:04:33","guid":{"rendered":"https:\/\/420now.co\/product\/holy-grail-kush\/"},"modified":"2026-03-12T19:29:24","modified_gmt":"2026-03-12T23:29:24","slug":"holy-grail-kush","status":"publish","type":"product","link":"https:\/\/420now.co\/fr-ca\/product\/holy-grail-kush\/","title":{"rendered":"Holy Grail Kush"},"content":{"rendered":"<p>En 2011, Holy Grail a remport\u00e9 le premier prix de la High Times Cannabis Cup. C\u2019\u00e9tait la premi\u00e8re fois qu\u2019une vari\u00e9t\u00e9 obtenait un score parfait dans la cat\u00e9gorie hybride. Tr\u00e8s appr\u00e9ci\u00e9 des consommateurs de cannabis m\u00e9dical avec du CBD jusqu\u2019\u00e0 4% et du THC d\u00e9passant r\u00e9guli\u00e8rement 20. Aide \u00e0 calmer le stress et l\u2019anxi\u00e9t\u00e9, soulage la douleur et procure du plaisir mental et physique.   <\/p>\n<p>Hybride cr\u00e9\u00e9 \u00e0 partir d\u2019OG #18 et de Kosher Kush.<\/p>\n<h2>Holy Grail Kush Descriptif<\/h2>\n<p>Cette vari\u00e9t\u00e9 pr\u00e9sente un fort ar\u00f4me d\u2019agrumes avec des nuances d\u2019\u00e9pices et un go\u00fbt souvent d\u00e9crit comme terreux, piquant et avec des notes de pin. Certains le d\u00e9crivent simplement comme \u00ab kushy \u00bb. <\/p>\n<p>Ses origines remontent \u00e0 <em>DNA Genetics<\/em>, les Californiens prim\u00e9s qui sont all\u00e9s aux Pays-Bas pour perfectionner leur art de cr\u00e9er de superbes vari\u00e9t\u00e9s de cannabis. Ces d\u00e9veloppeurs de vari\u00e9t\u00e9s ont cr\u00e9\u00e9 plusieurs des vari\u00e9t\u00e9s les plus prim\u00e9es au fil des ans &#8211; et en ce qui concerne celle-ci : Certains sugg\u00e8rent que si vous deviez aller sur une \u00eele d\u00e9serte et choisir une seule vari\u00e9t\u00e9 de marijuana \u00e0 emporter avec vous, ce devrait \u00eatre le Saint Graal! <\/p>\n<h2>Effets du Saint Graal<\/h2>\n<p>Consid\u00e9rez que son parent maternel est Kosher Kush &#8211; une vari\u00e9t\u00e9 bien connue pour sa multitude d\u2019effets, et OG #18 &#8211; le parent paternel de cet hybride. Le Saint Graal peut vous faire sourire, tout en vous sentant d\u00e9tendu et en luttant contre toute anxi\u00e9t\u00e9 sociale que vous pourriez avoir. Elle commence dans la t\u00eate et finit par s\u2019installer dans l\u2019effet corporel indica classique.  <\/p>\n<h2>Holy Grail Kush &#8211; Affections qu\u2019elle traite<\/h2>\n<p>Les fans de Holy Grail l\u2019adorent pour de nombreuses raisons, y compris le fait qu\u2019il s\u2019agisse d\u2019une excellente vari\u00e9t\u00e9 de socialisation, mais certains peuvent la trouver un peu engourdissante. Les effets commen\u00e7ant par les plus forts : <\/p>\n<ul>\n<li>D\u00e9tendu<\/li>\n<li>Heureux<\/li>\n<li>\u00c9lev\u00e9<\/li>\n<li>Somnolent<\/li>\n<\/ul>\n<p>Pour certaines conditions sp\u00e9cifiques, cela peut \u00eatre utile, la r\u00e9duction de l\u2019anxi\u00e9t\u00e9 semble \u00eatre l\u2019un des attributs les plus courants, m\u00eame si elle peut aussi aider avec les probl\u00e8mes d\u2019apprentissage. Saint Graal peut aider avec : <\/p>\n<ul>\n<li>Stress<\/li>\n<li>Douleur<\/li>\n<li>Anxi\u00e9t\u00e9<\/li>\n<li>Insomnie<\/li>\n<\/ul>\n<p>En ce qui concerne le soulagement de la douleur, un critique a comment\u00e9 : \u00ab Cela d\u00e9connecte en quelque sorte mon cerveau de la douleur! \u00bb<\/p>\n<p><em>REMARQUE : Les informations sur ce site sont fournies \u00e0 des fins \u00e9ducatives seulement et ne remplacent pas un avis m\u00e9dical professionnel. Consultez un professionnel de la sant\u00e9 avant utilisation.  Pour les adultes \u00e2g\u00e9s de 19 ans ou plus seulement.<\/em><\/p>\n<p>Holy Grail est souvent consid\u00e9r\u00e9e comme une excellente vari\u00e9t\u00e9 pour les d\u00e9butants; Les crises de panique et les pens\u00e9es anxieuses ne sont pas courantes avec cette vari\u00e9t\u00e9.<\/p>\n<h2>Holy Grail Kush Livraison de cannabis \u2013 Livraison gratuite en 2 heures GTA<\/h2>\n<p>Si vous \u00eates dans la r\u00e9gion du Grand Toronto (RGT), vous pouvez obtenir de l\u2019herbe Holy Grail en 2 heures* \u00e0 votre porte! Commandez avant 20 h et l\u2019un de nos chauffeurs vous livrera le jour m\u00eame, 2 heures gratuitement, lorsque vous commandez un minimum de 100,00 $ de l\u2019un des produits sur notre site Web.<\/p>\n<p>*Livraison en deux heures \u00e0 Toronto (Scarborough, North York, Etobicoke, DownTown, York &#8211; toutes les r\u00e9gions \u00e0 l\u2019int\u00e9rieur des fronti\u00e8res de la ville de Toronto), Richmond Hill, King, Aurora, Newmarket, Woodbridge, Vaughan et Markham.<\/p>\n<h2>Le Saint Graal \u00e0 l\u2019ext\u00e9rieur de la r\u00e9gion du Grand Toronto<\/h2>\n<p>Si vous ne vivez pas dans notre zone de livraison gratuite, nous pouvons aussi vous exp\u00e9dier le Saint Graal Kush, partout au Canada.  <\/p>\n","protected":false},"excerpt":{"rendered":"<p>En 2011, Holy Grail a remport\u00e9 le premier prix de la High Times Cannabis Cup. C\u2019\u00e9tait la premi\u00e8re fois qu\u2019une vari\u00e9t\u00e9 obtenait un score parfait dans la cat\u00e9gorie hybride. Tr\u00e8s appr\u00e9ci\u00e9 des consommateurs de cannabis m\u00e9dical avec du CBD jusqu\u2019\u00e0 4% et du THC d\u00e9passant r\u00e9guli\u00e8rement 20. Aide \u00e0 calmer le stress et l\u2019anxi\u00e9t\u00e9, soulage la douleur et procure du plaisir mental et physique.   <\/p>\n<p>Si vous deviez aller sur une \u00eele d\u00e9serte et ne cueillir qu\u2019une seule souche d\u2019herbe, beaucoup r\u00e9pondraient : \u00ab Saint Graal! \u00bb<\/p>\n<p>Indica Hybride dominant cr\u00e9\u00e9 \u00e0 partir d\u2019OG #18 et de Kosher Kush.<\/p>\n","protected":false},"featured_media":16919,"comment_status":"open","ping_status":"closed","template":"","meta":{"_acf_changed":false},"product_brand":[],"product_cat":[249],"product_tag":[303],"class_list":{"0":"post-18448","1":"product","2":"type-product","3":"status-publish","4":"has-post-thumbnail","6":"product_cat-hybride-pot","7":"product_tag-june-special-fr-ca","8":"pa_weight-1-oz-fr-ca","9":"pa_weight-1-2-oz-fr-ca","10":"pa_weight-1-4-oz-fr-ca-2","12":"first","13":"instock","14":"shipping-taxable","15":"purchasable","16":"product-type-variable"},"acf":[],"_links":{"self":[{"href":"https:\/\/420now.co\/fr-ca\/wp-json\/wp\/v2\/product\/18448","targetHints":{"allow":["GET"]}}],"collection":[{"href":"https:\/\/420now.co\/fr-ca\/wp-json\/wp\/v2\/product"}],"about":[{"href":"https:\/\/420now.co\/fr-ca\/wp-json\/wp\/v2\/types\/product"}],"replies":[{"embeddable":true,"href":"https:\/\/420now.co\/fr-ca\/wp-json\/wp\/v2\/comments?post=18448"}],"wp:featuredmedia":[{"embeddable":true,"href":"https:\/\/420now.co\/fr-ca\/wp-json\/wp\/v2\/media\/16919"}],"wp:attachment":[{"href":"https:\/\/420now.co\/fr-ca\/wp-json\/wp\/v2\/media?parent=18448"}],"wp:term":[{"taxonomy":"product_brand","embeddable":true,"href":"https:\/\/420now.co\/fr-ca\/wp-json\/wp\/v2\/product_brand?post=18448"},{"taxonomy":"product_cat","embeddable":true,"href":"https:\/\/420now.co\/fr-ca\/wp-json\/wp\/v2\/product_cat?post=18448"},{"taxonomy":"product_tag","embeddable":true,"href":"https:\/\/420now.co\/fr-ca\/wp-json\/wp\/v2\/product_tag?post=18448"}],"curies":[{"name":"wp","href":"https:\/\/api.w.org\/{rel}","templated":true}]}}