{"id":18453,"date":"2021-07-29T19:05:18","date_gmt":"2021-07-29T23:05:18","guid":{"rendered":"https:\/\/420now.co\/product\/maui-wowie-aaaa\/"},"modified":"2026-03-12T19:54:39","modified_gmt":"2026-03-12T23:54:39","slug":"maui-wowie-aaaa","status":"publish","type":"product","link":"https:\/\/420now.co\/fr-ca\/product\/maui-wowie-aaaa\/","title":{"rendered":"Maui Wowie AAAA"},"content":{"rendered":"<p>Cette vari\u00e9t\u00e9 est \u00e9galement connue sous le nom de \u00ab Maui Waui \u00bb et \u00ab Mowie Wowie \u00bb, un croisement entre une vari\u00e9t\u00e9 hawa\u00efenne de cannabis et une vari\u00e9t\u00e9 inconnue. L\u2019euphorie tr\u00e8s \u00e9nergique est d\u00e9crite par les fans de Maui Wowie et a une d\u00e9licieuse nuance d\u2019ananas dans le go\u00fbt. \u00ab Heureux et \u00e9lev\u00e9! \u00bb est la fa\u00e7on dont les fans de Wowie d\u00e9crivent l\u2019euphorie de cette vari\u00e9t\u00e9, tandis qu\u2019un nombre important d\u2019entre eux rapportent une r\u00e9ponse \u00e9nergique positive.  <\/p>\n<p>Ce n\u2019est pas une tension nocturne, \u00e0 moins que vous ne planifiiez des activit\u00e9s de jour la nuit. Excellente vari\u00e9t\u00e9 de jour cependant! <\/p>\n<h2>Maui Wowie Description de la Strain de cannabis<\/h2>\n<p>Comme mentionn\u00e9, cette vari\u00e9t\u00e9 est originaire d\u2019Hawa\u00ef et pr\u00e9sente un go\u00fbt quelque peu tropical avec des notes d\u2019ananas. Elle est apparue pour la premi\u00e8re fois dans les ann\u00e9es 1960, et peut-\u00eatre parmi les premi\u00e8res vari\u00e9t\u00e9s de l\u2019\u00e9poque \u00e0 avoir une certaine puissance, avec ses niveaux de THC plus \u00e9lev\u00e9s. Avant son lancement, beaucoup de cannabis aux \u00c9tats-Unis avaient de faibles niveaux de THC, atteignant parfois un maximum de 10%, et surtout autour de 8%. Ainsi, Maui Wowie, avec du THC dans le pourcentage des adolescents, est rapidement devenue une favorite.   <\/p>\n<h2>Maui Wowie Effets<\/h2>\n<p>En plus de son go\u00fbt que la plupart des gens trouvent int\u00e9ressant et d\u00e9sirable, Maui Wowie vous mettra de bonne humeur, avec un bourdonnement pour tout le corps. La sensation d\u2019engourdissement corporel agr\u00e9able et l\u00e9ger laissera votre esprit en mode cr\u00e9atif, attentif aux nouvelles id\u00e9es, mais aura de la nourriture \u00e0 proximit\u00e9; vous aurez probablement des fringales. Vous pouvez souffrir de s\u00e9cheresse oculaire, ce dont il faut \u00eatre conscient. Quelques-uns ont d\u00e9crit la parano\u00efa alors qu\u2019ils \u00e9taient sous l\u2019euphorie, bien que la plupart aiment la concentration et la cr\u00e9ativit\u00e9 sans les sentiments \u00e9tranges ou l\u2019inconfort.   <\/p>\n<h2>Maui Wowie Avantages<\/h2>\n<p>Comme mentionn\u00e9, les fans adorent la cr\u00e9ativit\u00e9 \u00e9nergique ainsi que le buzz corporel qu\u2019offre cette vari\u00e9t\u00e9. Si vous \u00eates d\u2019humeur \u00e0 avoir besoin d\u2019un peu d\u2019aide pour vous remonter le moral, un joint Wowie pourrait \u00eatre la chose qui vous aidera \u00e0 surmonter les sentiments sombres ou d\u00e9prim\u00e9s, ou la d\u00e9pression. Les consommateurs de cannabis m\u00e9dical se tourneront vers Maui Wowie pour traiter les sympt\u00f4mes et les causes de la d\u00e9pression.  <\/p>\n<p>Les douleurs chroniques mineures sont souvent trait\u00e9es avec Maui Wowie &#8211; le buzz corporel va avec, tout en maintenant un sentiment d\u2019\u00e9nergie positive \u00e9difiante. L\u2019effet souvent ressenti signifie que les personnes souffrant de troubles de l\u2019alimentation le trouvent souvent utile. Il est \u00e9galement connu pour soulager le stress, l\u2019anxi\u00e9t\u00e9 et la d\u00e9pression chronique.  <\/p>\n<p>Nous savons tous que nous avons besoin du soleil dans nos vies &#8211; et cela signifie litt\u00e9ralement sortir et profiter du soleil. Si vous avez des jours o\u00f9 c\u2019est difficile \u00e0 faire, pour vous motiver \u00e0 l\u2019ext\u00e9rieur et simplement profiter du soleil et de la luminosit\u00e9 naturelle dans votre vie, Maui Wowie et ses racines tropicales pourraient bien \u00eatre le billet dont vous avez besoin pour vous motiver. <\/p>\n<p><em>REMARQUE : Les informations sur ce site sont fournies \u00e0 des fins \u00e9ducatives seulement et ne remplacent pas un avis m\u00e9dical professionnel. Consultez un professionnel de la sant\u00e9 avant utilisation.  Pour les adultes \u00e2g\u00e9s de 19 ans ou plus seulement.<\/em><\/p>\n<h2>Maui Wowie \u2013 Livraison gratuite en 2 heures GTA<\/h2>\n<p>Si vous \u00eates dans la r\u00e9gion du Grand Toronto, vous pouvez vous procurer de l\u2019herbe Maui Wowie en 2 heures* \u00e0 votre porte! Commandez avant 20 h et l\u2019un de nos chauffeurs vous livrera le jour m\u00eame, 2 heures gratuitement, lorsque vous commandez un minimum de 100,00 $ de l\u2019un des produits sur notre site Web.<\/p>\n<p>*Livraison en deux heures \u00e0 Toronto (Scarborough, North York, Etobicoke, DownTown, York &#8211; toutes les r\u00e9gions \u00e0 l\u2019int\u00e9rieur des fronti\u00e8res de la ville de Toronto), Richmond Hill, King, Aurora, Newmarket, Woodbridge, Vaughan et Markham.<\/p>\n","protected":false},"excerpt":{"rendered":"<p>Cette vari\u00e9t\u00e9 est \u00e9galement connue sous le nom de \u00ab Maui Waui \u00bb et \u00ab Mowie Wowie \u00bb, un croisement entre une vari\u00e9t\u00e9 hawa\u00efenne de cannabis et une vari\u00e9t\u00e9 inconnue. L\u2019euphorie tr\u00e8s \u00e9nergique est d\u00e9crite par les fans de Maui Wowie et a une d\u00e9licieuse nuance d\u2019ananas dans le go\u00fbt. \u00ab Heureux et \u00e9lev\u00e9! \u00bb est la fa\u00e7on dont les fans de Wowie d\u00e9crivent l\u2019euphorie de cette vari\u00e9t\u00e9, tandis qu\u2019un nombre important d\u2019entre eux rapportent une r\u00e9ponse \u00e9nergique positive.  <\/p>\n<p>Ce n\u2019est pas une tension nocturne, \u00e0 moins que vous ne planifiiez des activit\u00e9s de jour la nuit. Excellente vari\u00e9t\u00e9 de jour cependant! <\/p>\n<p>Sativa Hybride dominant.<\/p>\n","protected":false},"featured_media":16906,"comment_status":"open","ping_status":"closed","template":"","meta":{"_acf_changed":false},"product_brand":[],"product_cat":[255],"product_tag":[],"class_list":{"0":"post-18453","1":"product","2":"type-product","3":"status-publish","4":"has-post-thumbnail","6":"product_cat-pot-sativa","7":"pa_weight-1-oz-fr-ca","8":"pa_weight-1-2-oz-fr-ca","9":"pa_weight-1-4-oz-fr-ca-2","11":"first","12":"instock","13":"shipping-taxable","14":"purchasable","15":"product-type-variable"},"acf":[],"_links":{"self":[{"href":"https:\/\/420now.co\/fr-ca\/wp-json\/wp\/v2\/product\/18453","targetHints":{"allow":["GET"]}}],"collection":[{"href":"https:\/\/420now.co\/fr-ca\/wp-json\/wp\/v2\/product"}],"about":[{"href":"https:\/\/420now.co\/fr-ca\/wp-json\/wp\/v2\/types\/product"}],"replies":[{"embeddable":true,"href":"https:\/\/420now.co\/fr-ca\/wp-json\/wp\/v2\/comments?post=18453"}],"wp:featuredmedia":[{"embeddable":true,"href":"https:\/\/420now.co\/fr-ca\/wp-json\/wp\/v2\/media\/16906"}],"wp:attachment":[{"href":"https:\/\/420now.co\/fr-ca\/wp-json\/wp\/v2\/media?parent=18453"}],"wp:term":[{"taxonomy":"product_brand","embeddable":true,"href":"https:\/\/420now.co\/fr-ca\/wp-json\/wp\/v2\/product_brand?post=18453"},{"taxonomy":"product_cat","embeddable":true,"href":"https:\/\/420now.co\/fr-ca\/wp-json\/wp\/v2\/product_cat?post=18453"},{"taxonomy":"product_tag","embeddable":true,"href":"https:\/\/420now.co\/fr-ca\/wp-json\/wp\/v2\/product_tag?post=18453"}],"curies":[{"name":"wp","href":"https:\/\/api.w.org\/{rel}","templated":true}]}}