{"id":18454,"date":"2021-04-27T15:26:20","date_gmt":"2021-04-27T19:26:20","guid":{"rendered":"https:\/\/420now.co\/product\/wesley-tea-company-sunny-claritea-20mg-thc\/"},"modified":"2026-02-08T18:49:52","modified_gmt":"2026-02-08T23:49:52","slug":"wesley-tea-company-sunny-claritea-20mg-thc","status":"publish","type":"product","link":"https:\/\/420now.co\/fr-ca\/product\/wesley-tea-company-sunny-claritea-20mg-thc\/","title":{"rendered":"Wesley Tea Company Sunny Claritea 20mg THC"},"content":{"rendered":"<p>Ce m\u00e9lange de fenouil, de gingembre et de menthe poivr\u00e9e biologique apaise les maux de gorge dus \u00e0 la toux, au rhume et \u00e0 la grippe. De subtiles notes de r\u00e9glisse donnent \u00e0 ce th\u00e9 une touche de douceur.<\/p>\n","protected":false},"excerpt":{"rendered":"<p>Ce m\u00e9lange de fenouil, de gingembre et de menthe poivr\u00e9e biologique apaise les maux de gorge dus \u00e0 la toux, au rhume et \u00e0 la grippe. De subtiles notes de r\u00e9glisse donnent \u00e0 ce th\u00e9 une touche de douceur.<\/p>\n","protected":false},"featured_media":16889,"comment_status":"open","ping_status":"closed","template":"","meta":{"_acf_changed":false},"product_brand":[375],"product_cat":[224],"product_tag":[319],"class_list":{"0":"post-18454","1":"product","2":"type-product","3":"status-publish","4":"has-post-thumbnail","6":"product_brand-wesley-tea","7":"product_cat-the","8":"product_tag-wesley-fr-ca","10":"first","11":"instock","12":"shipping-taxable","13":"purchasable","14":"product-type-simple"},"acf":[],"_links":{"self":[{"href":"https:\/\/420now.co\/fr-ca\/wp-json\/wp\/v2\/product\/18454","targetHints":{"allow":["GET"]}}],"collection":[{"href":"https:\/\/420now.co\/fr-ca\/wp-json\/wp\/v2\/product"}],"about":[{"href":"https:\/\/420now.co\/fr-ca\/wp-json\/wp\/v2\/types\/product"}],"replies":[{"embeddable":true,"href":"https:\/\/420now.co\/fr-ca\/wp-json\/wp\/v2\/comments?post=18454"}],"wp:featuredmedia":[{"embeddable":true,"href":"https:\/\/420now.co\/fr-ca\/wp-json\/wp\/v2\/media\/16889"}],"wp:attachment":[{"href":"https:\/\/420now.co\/fr-ca\/wp-json\/wp\/v2\/media?parent=18454"}],"wp:term":[{"taxonomy":"product_brand","embeddable":true,"href":"https:\/\/420now.co\/fr-ca\/wp-json\/wp\/v2\/product_brand?post=18454"},{"taxonomy":"product_cat","embeddable":true,"href":"https:\/\/420now.co\/fr-ca\/wp-json\/wp\/v2\/product_cat?post=18454"},{"taxonomy":"product_tag","embeddable":true,"href":"https:\/\/420now.co\/fr-ca\/wp-json\/wp\/v2\/product_tag?post=18454"}],"curies":[{"name":"wp","href":"https:\/\/api.w.org\/{rel}","templated":true}]}}