{"id":18459,"date":"2021-08-08T19:37:43","date_gmt":"2021-08-08T23:37:43","guid":{"rendered":"https:\/\/420now.co\/product\/violator-kush\/"},"modified":"2026-03-12T22:04:24","modified_gmt":"2026-03-13T02:04:24","slug":"violator-kush","status":"publish","type":"product","link":"https:\/\/420now.co\/fr-ca\/product\/violator-kush\/","title":{"rendered":"Violator Kush"},"content":{"rendered":"<p>Une vari\u00e9t\u00e9 de premier plan d\u00e9velopp\u00e9e aux Pays-Bas, Violator Kush est une vari\u00e9t\u00e9 qui combine l\u2019h\u00e9ritage de l\u2019Hindu Kush et de la Malana. Il s\u2019agit d\u2019une souche forte que beaucoup d\u00e9crivent comme \u00ab &#8230; \u00e0 utiliser \u00bb seulement &#8211; \u00e0 moins que vous ne rendiez visite \u00e0 des amis et que cela ne vous d\u00e9range pas de vous sentir coinc\u00e9 \u00e0 leur chaise pendant une bonne p\u00e9riode. Oui, le bourdonnement corporel peut \u00eatre aussi fort avec des Violator aussi \u00e9lev\u00e9s que 22% de THC et CBC \u00e0 environ 1 1\/2 &#8211; 2. Vous pouvez commencer \u00e0 sentir le bourdonnement du corps apr\u00e8s votre premi\u00e8re bouff\u00e9e, mais vous pouvez aussi vous sentir assez bavard et social.   <\/p>\n<p>Indica Dominante<\/p>\n<h2>Violator Kush Descriptif<\/h2>\n<p>Comme mentionn\u00e9, la vari\u00e9t\u00e9 Violator Kush est originaire des Pays-Bas (Barney\u2019s Farm, Amsterdam) et a \u00e9t\u00e9 appr\u00e9ci\u00e9e par beaucoup lorsqu\u2019elle s\u2019est r\u00e9pandue en Am\u00e9rique du Nord depuis l\u2019Europe. Des trichomes denses avec une odeur et un go\u00fbt de moisi &#8211; et une touche de pin et de poivre. Une Indica extr\u00eamement puissante.  <\/p>\n<h2>Violator Kush Effets<\/h2>\n<p><em>Blocage du canap\u00e9<\/em> &#8211; <em>coll\u00e9 \u00e0 votre chaise<\/em> &#8211; ce sont quelques-unes des r\u00e9actions typiques d\u00e9crites par les fans de Violator Kush . Mais n\u2019ayez pas trop peur &#8211; \u00e0 moins que vous ne recherchiez un type d\u2019\u00e9nergie diurne &#8211; alors Violator n\u2019est pas la bonne fum\u00e9e pour ce moment-l\u00e0. <\/p>\n<p>Vous pouvez ressentir de l\u2019euphorie avant de vous retrouver heureux et de vouloir parler &#8211; et parler &#8211; c\u2019est donc un excellent choix lorsque deux d\u2019entre vous (ou plus) veulent un corps entier coinc\u00e9 dans la chaise ou enferm\u00e9 dans le canap\u00e9. Assurez-vous d\u2019avoir de la nourriture \u00e0 port\u00e9e de main, cependant&#8230; L\u2019un ou les deux auront probablement de mauvaises fringales. <\/p>\n<p>Ce n\u2019est pas une fum\u00e9e pour les personnes qui esp\u00e8rent \u00eatre productive ou faire avancer les choses, mais les fans qui veulent ressentir une profonde relaxation corporelle tout en profitant de pens\u00e9es sociales cr\u00e9atives (ou non), c\u2019est un excellent choix.<\/p>\n<h2>Violator Kush &#8211; Affections qu\u2019elle traite<\/h2>\n<p>Vous avez peut-\u00eatre devin\u00e9 d\u2019apr\u00e8s les effets que Violator Kush est souvent utilis\u00e9 pour traiter la douleur chronique, et votre supposition serait correcte. Parmi les autres conditions que cette souche aide, mentionnons : <\/p>\n<ul>\n<li>Perte d\u2019app\u00e9tit<\/li>\n<li>Troubles du sommeil, y compris l\u2019insomnie.<\/li>\n<li>Arthrite<\/li>\n<li>D\u00e9pression<\/li>\n<li>Stress<\/li>\n<\/ul>\n<p><em>REMARQUE : Les informations sur ce site sont fournies \u00e0 des fins \u00e9ducatives seulement et ne remplacent pas un avis m\u00e9dical professionnel. Consultez un professionnel de la sant\u00e9 avant utilisation.  Pour les adultes \u00e2g\u00e9s de 19 ans ou plus seulement.<\/em><\/p>\n<h2>Violator Kush Livraison de cannabis \u2013 Livraison gratuite en 2 heures GTA<\/h2>\n<p>Si vous \u00eates dans la r\u00e9gion du Grand Toronto (RGT), vous pouvez vous procurer de l\u2019herbe Violator Kush en 2 heures* \u00e0 votre porte! Commandez avant 20 h et l\u2019un de nos chauffeurs vous livrera le jour m\u00eame, 2 heures gratuitement, lorsque vous commandez un minimum de 100,00 $ de l\u2019un des produits sur notre site Web.<\/p>\n<p>*Livraison en deux heures \u00e0 Toronto (Scarborough, North York, Etobicoke, DownTown, York &#8211; toutes les r\u00e9gions \u00e0 l\u2019int\u00e9rieur des fronti\u00e8res de la ville de Toronto), Richmond Hill, King, Aurora, Newmarket, Woodbridge, Vaughan et Markham.<\/p>\n<h2>Violator Kush \u00c0 l\u2019ext\u00e9rieur de la r\u00e9gion du Grand Toronto<\/h2>\n<p>Si vous n\u2019habitez pas dans notre zone de livraison gratuite, nous pouvons aussi vous exp\u00e9dier Violator Kush, \u00e0 travers le Canada.  <\/p>\n","protected":false},"excerpt":{"rendered":"<p>Une vari\u00e9t\u00e9 de premier plan d\u00e9velopp\u00e9e aux Pays-Bas, Violator Kush est une vari\u00e9t\u00e9 qui combine l\u2019h\u00e9ritage de l\u2019Hindu Kush et de la Malana. Il s\u2019agit d\u2019une souche forte que beaucoup d\u00e9crivent comme \u00ab &#8230; \u00e0 utiliser \u00bb seulement &#8211; \u00e0 moins que vous ne rendiez visite \u00e0 des amis et que cela ne vous d\u00e9range pas de vous sentir coinc\u00e9 \u00e0 leur chaise pendant une bonne p\u00e9riode. Oui, le bourdonnement corporel peut \u00eatre aussi fort avec des Violator aussi \u00e9lev\u00e9s que 22% de THC et CBC \u00e0 environ 1 1\/2 &#8211; 2. Vous pouvez commencer \u00e0 sentir le bourdonnement du corps apr\u00e8s votre premi\u00e8re bouff\u00e9e, mais vous pouvez aussi vous sentir assez bavard et social.   <\/p>\n<p>Indica Dominante<\/p>\n","protected":false},"featured_media":16911,"comment_status":"open","ping_status":"closed","template":"","meta":{"_acf_changed":false},"product_brand":[],"product_cat":[250],"product_tag":[],"class_list":{"0":"post-18459","1":"product","2":"type-product","3":"status-publish","4":"has-post-thumbnail","6":"product_cat-pot-indica","7":"pa_weight-1-oz-fr-ca","8":"pa_weight-1-2-oz-fr-ca","9":"pa_weight-1-4-oz-fr-ca-2","11":"first","12":"instock","13":"shipping-taxable","14":"purchasable","15":"product-type-variable"},"acf":[],"_links":{"self":[{"href":"https:\/\/420now.co\/fr-ca\/wp-json\/wp\/v2\/product\/18459","targetHints":{"allow":["GET"]}}],"collection":[{"href":"https:\/\/420now.co\/fr-ca\/wp-json\/wp\/v2\/product"}],"about":[{"href":"https:\/\/420now.co\/fr-ca\/wp-json\/wp\/v2\/types\/product"}],"replies":[{"embeddable":true,"href":"https:\/\/420now.co\/fr-ca\/wp-json\/wp\/v2\/comments?post=18459"}],"wp:featuredmedia":[{"embeddable":true,"href":"https:\/\/420now.co\/fr-ca\/wp-json\/wp\/v2\/media\/16911"}],"wp:attachment":[{"href":"https:\/\/420now.co\/fr-ca\/wp-json\/wp\/v2\/media?parent=18459"}],"wp:term":[{"taxonomy":"product_brand","embeddable":true,"href":"https:\/\/420now.co\/fr-ca\/wp-json\/wp\/v2\/product_brand?post=18459"},{"taxonomy":"product_cat","embeddable":true,"href":"https:\/\/420now.co\/fr-ca\/wp-json\/wp\/v2\/product_cat?post=18459"},{"taxonomy":"product_tag","embeddable":true,"href":"https:\/\/420now.co\/fr-ca\/wp-json\/wp\/v2\/product_tag?post=18459"}],"curies":[{"name":"wp","href":"https:\/\/api.w.org\/{rel}","templated":true}]}}