{"id":18460,"date":"2021-08-08T18:38:21","date_gmt":"2021-08-08T22:38:21","guid":{"rendered":"https:\/\/420now.co\/product\/the-original-z\/"},"modified":"2026-03-12T19:41:45","modified_gmt":"2026-03-12T23:41:45","slug":"the-original-z","status":"publish","type":"product","link":"https:\/\/420now.co\/fr-ca\/product\/the-original-z\/","title":{"rendered":"The Original Z"},"content":{"rendered":"<p>Rebaptis\u00e9e The Original Z, cette vari\u00e9t\u00e9 Indica a des go\u00fbts qui correspondent \u00e0 son nom. Une vari\u00e9t\u00e9 prim\u00e9e qui a remport\u00e9 l\u2019Emerald Cup (2016) et la High Times Cannabis Cup (2015). Sa saveur est ce que certains trouvent le plus attrayant, mais avec jusqu\u2019\u00e0 23% (mais en moyenne moins) de THC, The Original Z offre un effet doux multidimensionnel.  <\/p>\n<p>Indica<\/p>\n<h2>Description The Original Z Strain Z originale<\/h2>\n<p>The Original Z a commenc\u00e9 comme un croisement entre Grapefruit et Grape Ape et est devenu c\u00e9l\u00e8bre pour son bon go\u00fbt ainsi que pour le fait qu\u2019il offre une exp\u00e9rience heureuse et relaxante. Les fleurs qui peuvent \u00eatre \u00e9paisses peuvent avoir une vari\u00e9t\u00e9 de nuances vertes et\/ou violettes. Broyer la fleur peut intensifier les notes acides.  <\/p>\n<h2>The Original Z Strain Z<\/h2>\n<p>La Z originale est pr\u00e9f\u00e9r\u00e9e par ceux qui recherchent un coup un peu plus l\u00e9ger &#8211; alors que les niveaux de THC peuvent atteindre 23%, il est plus courant de les trouver autour de 17%. Souvent d\u00e9crite comme une fum\u00e9e \u00ab tr\u00e8s agr\u00e9able \u00bb, cette vari\u00e9t\u00e9 \u00e0 dominante Indica offre une concentration joyeuse mais relaxante. Ce n\u2019est pas un effet intense &#8211; et un bon choix pour les d\u00e9butants, comme fum\u00e9e de nuit lorsqu\u2019un corps d\u00e9tendu est recherch\u00e9.  <\/p>\n<h2>Conditions pour lesquelles l\u2019original Z est utilis\u00e9<\/h2>\n<p>Parce qu\u2019il procure un buzz complet du corps, The Original Z est souvent utilis\u00e9 pour contr\u00f4ler et traiter toute douleur corporelle. On l\u2019utilise aussi r\u00e9guli\u00e8rement pour traiter : <\/p>\n<ul>\n<li>Insomnie<\/li>\n<li>Douleur chronique<\/li>\n<li>D\u00e9pression<\/li>\n<li>Stress<\/li>\n<li>Anxi\u00e9t\u00e9<\/li>\n<li>Inflammation<\/li>\n<\/ul>\n<p><em>REMARQUE : Les informations sur ce site sont fournies \u00e0 des fins \u00e9ducatives seulement et ne remplacent pas un avis m\u00e9dical professionnel. Consultez un professionnel de la sant\u00e9 avant utilisation.  Pour les adultes \u00e2g\u00e9s de 19 ans ou plus seulement.<\/em><\/p>\n<h2>The Original Z Livraison de cannabis \u2013 Livraison gratuite en 2 heures GTA<\/h2>\n<p>Si vous \u00eates dans la r\u00e9gion du Grand Toronto (GTA), vous pouvez obtenir du pot Original Z en moins de 2 heures* \u00e0 votre porte! Commandez avant 20 h et l\u2019un de nos chauffeurs vous livrera le jour m\u00eame, 2 heures gratuitement, lorsque vous commandez un minimum de 100,00 $ de l\u2019un des produits sur notre site Web.<\/p>\n<p>*Livraison en deux heures \u00e0 Toronto (Scarborough, North York, Etobicoke, DownTown, York &#8211; toutes les r\u00e9gions \u00e0 l\u2019int\u00e9rieur des fronti\u00e8res de la ville de Toronto), Richmond Hill, King, Aurora, Newmarket, Woodbridge, Vaughan et Markham.<\/p>\n<h2>Z original \u00e0 l\u2019ext\u00e9rieur de la r\u00e9gion du Grand Toronto<\/h2>\n<p>Si vous n\u2019habitez pas dans notre zone de livraison gratuite, nous pouvons \u00e9galement vous exp\u00e9dier Original Z partout au Canada. Livraison gratuite avec toute commande de 100,00 $ ou plus. <\/p>\n","protected":false},"excerpt":{"rendered":"<p>Rebaptis\u00e9e The Original Z, cette vari\u00e9t\u00e9 Indica a des go\u00fbts qui correspondent \u00e0 son nom. Une vari\u00e9t\u00e9 prim\u00e9e qui a remport\u00e9 l\u2019Emerald Cup (2016) et la High Times Cannabis Cup (2015). Sa saveur est ce que certains trouvent le plus attrayant, mais avec jusqu\u2019\u00e0 23% (mais en moyenne moins) de THC, The Original Z offre un effet doux multidimensionnel.  <\/p>\n<p>Indica<\/p>\n","protected":false},"featured_media":16910,"comment_status":"open","ping_status":"closed","template":"","meta":{"_acf_changed":false},"product_brand":[],"product_cat":[250],"product_tag":[],"class_list":{"0":"post-18460","1":"product","2":"type-product","3":"status-publish","4":"has-post-thumbnail","6":"product_cat-pot-indica","7":"pa_weight-1-oz-fr-ca","8":"pa_weight-1-2-oz-fr-ca","9":"pa_weight-1-4-oz-fr-ca-2","11":"first","12":"instock","13":"shipping-taxable","14":"purchasable","15":"product-type-variable"},"acf":[],"_links":{"self":[{"href":"https:\/\/420now.co\/fr-ca\/wp-json\/wp\/v2\/product\/18460","targetHints":{"allow":["GET"]}}],"collection":[{"href":"https:\/\/420now.co\/fr-ca\/wp-json\/wp\/v2\/product"}],"about":[{"href":"https:\/\/420now.co\/fr-ca\/wp-json\/wp\/v2\/types\/product"}],"replies":[{"embeddable":true,"href":"https:\/\/420now.co\/fr-ca\/wp-json\/wp\/v2\/comments?post=18460"}],"wp:featuredmedia":[{"embeddable":true,"href":"https:\/\/420now.co\/fr-ca\/wp-json\/wp\/v2\/media\/16910"}],"wp:attachment":[{"href":"https:\/\/420now.co\/fr-ca\/wp-json\/wp\/v2\/media?parent=18460"}],"wp:term":[{"taxonomy":"product_brand","embeddable":true,"href":"https:\/\/420now.co\/fr-ca\/wp-json\/wp\/v2\/product_brand?post=18460"},{"taxonomy":"product_cat","embeddable":true,"href":"https:\/\/420now.co\/fr-ca\/wp-json\/wp\/v2\/product_cat?post=18460"},{"taxonomy":"product_tag","embeddable":true,"href":"https:\/\/420now.co\/fr-ca\/wp-json\/wp\/v2\/product_tag?post=18460"}],"curies":[{"name":"wp","href":"https:\/\/api.w.org\/{rel}","templated":true}]}}