{"id":18468,"date":"2021-08-06T18:22:53","date_gmt":"2021-08-06T22:22:53","guid":{"rendered":"https:\/\/420now.co\/product\/trainwreck\/"},"modified":"2026-03-12T19:47:28","modified_gmt":"2026-03-12T23:47:28","slug":"trainwreck","status":"publish","type":"product","link":"https:\/\/420now.co\/fr-ca\/product\/trainwreck\/","title":{"rendered":"Trainwreck"},"content":{"rendered":"<p>Pourquoi cette souche s\u2019appelle-t-elle \u00ab Trainwreck \u00bb? Eh bien, lorsque vous la fumez, elle frappe comme un train &#8211; une vari\u00e9t\u00e9 d\u2019herbe extr\u00eamement puissante qui est connue pour plier l\u2019esprit tout en procurant une pouss\u00e9e d\u2019euphorie. \u00ab Heureux, heureux \u00bb disent plusieurs, alors que la cr\u00e9ativit\u00e9 s\u2019ouvre et que vous pensez peut-\u00eatre : \u00ab Wow, quelle pr\u00e9cipitation \u00bb lorsque vous aimez Trainwreck.  <\/p>\n<p>Les utilisations m\u00e9dicales comprennent le traitement des migraines, des douleurs arthritiques et autres, de l\u2019anxi\u00e9t\u00e9, du TSPT et du TDA\/TDAH. Peut donner un bon buzz corporel. <\/p>\n<p>Sativa.<\/p>\n<h2>Description de Strain Trainwreck<\/h2>\n<p>On pense que cette vari\u00e9t\u00e9 rapide et percutante trouve ses origines dans une sativa mexicaine, une Sativa tha\u00eflandaise et une Indica afghane. Son THC d\u2019environ 18 \u00e0 22% est \u00e9lev\u00e9 pour certains d\u00e9butants, mais les v\u00e9t\u00e9rans adorent cette herbe. <\/p>\n<p>La marijuana Train Wreck a un ar\u00f4me unique &#8211; alors que d\u2019autres vari\u00e9t\u00e9s peuvent avoir une touche d\u2019agrumes, Trainwreck remplira vos narines d\u2019un parfum de citron et de lime avant que vous ne vous allumiez. Apr\u00e8s avoir allum\u00e9, le go\u00fbt est souvent d\u00e9crit comme terreux avec des notes de pin, et certains d\u00e9crivent comme une touche poivr\u00e9e ou \u00e9pic\u00e9e. <\/p>\n<p>Cette vari\u00e9t\u00e9 n\u2019est pas connue pour ses niveaux de CBD &#8211; moins de 1%.<\/p>\n<h2>Trainwreck Effets des mauvaises herbes<\/h2>\n<p>Comme mentionn\u00e9, cette herbe frappe fort et rapidement &#8211; et procure une pouss\u00e9e d\u2019euphorie. Un bourdonnement corporel est souvent accompagn\u00e9, ce qui le rend id\u00e9al pour les personnes souffrant de douleur. Certains d\u00e9crivent l\u2019euphorie comme hallucinant, peut-\u00eatre m\u00eame une petite distorsion de la r\u00e9alit\u00e9. Le bonheur et la cr\u00e9ativit\u00e9 en sont souvent le r\u00e9sultat, mais en raison de la teneur \u00e9lev\u00e9e en THC, vous voudrez peut-\u00eatre reconsid\u00e9rer son utilisation pour une fum\u00e9e de travail de jour. Peut-\u00eatre un jour de cong\u00e9 ou en d\u00e9but de soir\u00e9e &#8211; surtout si vous \u00eates d\u00e9butant.    <\/p>\n<h2>Conditions pour lesquelles Trainwreck est utilis\u00e9e<\/h2>\n<p>Les consommateurs de cannabis m\u00e9dical sont souvent dirig\u00e9s vers Trainwreck afin de traiter :<\/p>\n<ul>\n<li>Migraines<\/li>\n<li>Arthrite<\/li>\n<li>Douleurs corporelles<\/li>\n<li>Anxi\u00e9t\u00e9<\/li>\n<li>TSPT<\/li>\n<li>TDA\/TDAH<\/li>\n<li>D\u00e9pression<\/li>\n<\/ul>\n<p><em>REMARQUE : Les informations sur ce site sont fournies \u00e0 des fins \u00e9ducatives seulement et ne remplacent pas un avis m\u00e9dical professionnel. Consultez un professionnel de la sant\u00e9 avant utilisation.  Pour les adultes \u00e2g\u00e9s de 19 ans ou plus seulement.<\/em><\/p>\n<p><strong>Mais &#8211; une grande mise en garde &#8211; cette souche a \u00e9galement caus\u00e9 de l\u2019anxi\u00e9t\u00e9 et des attaques de panique\/parano\u00efa chez certains.  <\/strong><\/p>\n<h2>Livraison de mauvaises herbes Trainwreck (alias Train Wreck) &#8211; Livraison gratuite en 2 heures GTA<\/h2>\n<p>Si vous \u00eates dans la r\u00e9gion du Grand Toronto (RGT), vous pouvez vous procurer de l\u2019herbe Trainwreck en 2 heures* \u00e0 votre porte! Commandez avant 20 h et l\u2019un de nos chauffeurs vous livrera le jour m\u00eame, 2 heures gratuitement, lorsque vous commandez un minimum de 100,00 $ de l\u2019un des produits sur notre site Web.<\/p>\n<p>*Livraison en deux heures \u00e0 Toronto (Scarborough, North York, Etobicoke, DownTown, York &#8211; toutes les r\u00e9gions \u00e0 l\u2019int\u00e9rieur des fronti\u00e8res de la ville de Toronto), Richmond Hill, King, Aurora, Newmarket, Woodbridge, Vaughan et Markham.<\/p>\n<h2>Trainwreck \u00c0 l\u2019ext\u00e9rieur de la r\u00e9gion du Grand Toronto<\/h2>\n<p>Si vous n\u2019habitez pas dans notre zone de livraison gratuite, nous pouvons aussi vous exp\u00e9dier Trainwreck, \u00e0 travers le Canada.  <\/p>\n","protected":false},"excerpt":{"rendered":"<p>Pourquoi cette souche s\u2019appelle-t-elle \u00ab Trainwreck \u00bb? Eh bien, lorsque vous la fumez, elle frappe comme un train &#8211; une vari\u00e9t\u00e9 d\u2019herbe extr\u00eamement puissante qui est connue pour plier l\u2019esprit tout en procurant une pouss\u00e9e d\u2019euphorie. \u00ab Heureux, heureux \u00bb disent plusieurs, alors que la cr\u00e9ativit\u00e9 s\u2019ouvre et que vous pensez peut-\u00eatre : \u00ab Wow, quelle pr\u00e9cipitation \u00bb lorsque vous aimez Trainwreck.  <\/p>\n<p>Les utilisations m\u00e9dicales comprennent le traitement des migraines, des douleurs arthritiques et autres, de la d\u00e9pression, du TSPT et du TDA\/TDAH. Peut donner un bon buzz corporel. (Peut provoquer des crises de panique\/parano\u00efa chez certaines personnes &#8211; attention si vous \u00eates d\u00e9butant).  <\/p>\n<p>Sativa Dominant.<\/p>\n","protected":false},"featured_media":16908,"comment_status":"open","ping_status":"closed","template":"","meta":{"_acf_changed":false},"product_brand":[],"product_cat":[255],"product_tag":[303],"class_list":{"0":"post-18468","1":"product","2":"type-product","3":"status-publish","4":"has-post-thumbnail","6":"product_cat-pot-sativa","7":"product_tag-june-special-fr-ca","8":"pa_weight-1-oz-fr-ca","9":"pa_weight-1-2-oz-fr-ca","10":"pa_weight-1-4-oz-fr-ca-2","12":"first","13":"instock","14":"shipping-taxable","15":"purchasable","16":"product-type-variable"},"acf":[],"_links":{"self":[{"href":"https:\/\/420now.co\/fr-ca\/wp-json\/wp\/v2\/product\/18468","targetHints":{"allow":["GET"]}}],"collection":[{"href":"https:\/\/420now.co\/fr-ca\/wp-json\/wp\/v2\/product"}],"about":[{"href":"https:\/\/420now.co\/fr-ca\/wp-json\/wp\/v2\/types\/product"}],"replies":[{"embeddable":true,"href":"https:\/\/420now.co\/fr-ca\/wp-json\/wp\/v2\/comments?post=18468"}],"wp:featuredmedia":[{"embeddable":true,"href":"https:\/\/420now.co\/fr-ca\/wp-json\/wp\/v2\/media\/16908"}],"wp:attachment":[{"href":"https:\/\/420now.co\/fr-ca\/wp-json\/wp\/v2\/media?parent=18468"}],"wp:term":[{"taxonomy":"product_brand","embeddable":true,"href":"https:\/\/420now.co\/fr-ca\/wp-json\/wp\/v2\/product_brand?post=18468"},{"taxonomy":"product_cat","embeddable":true,"href":"https:\/\/420now.co\/fr-ca\/wp-json\/wp\/v2\/product_cat?post=18468"},{"taxonomy":"product_tag","embeddable":true,"href":"https:\/\/420now.co\/fr-ca\/wp-json\/wp\/v2\/product_tag?post=18468"}],"curies":[{"name":"wp","href":"https:\/\/api.w.org\/{rel}","templated":true}]}}