{"id":18469,"date":"2021-10-10T13:48:12","date_gmt":"2021-10-10T17:48:12","guid":{"rendered":"https:\/\/420now.co\/product\/jack-frost\/"},"modified":"2026-03-12T19:24:26","modified_gmt":"2026-03-12T23:24:26","slug":"jack-frost","status":"publish","type":"product","link":"https:\/\/420now.co\/fr-ca\/product\/jack-frost\/","title":{"rendered":"Jack Frost"},"content":{"rendered":"<p>\u00cates-vous \u00e0 la recherche d\u2019une vari\u00e9t\u00e9 parfaite pour un usage social et pour vous r\u00e9unir avec des amis, des amants ou m\u00eame des inconnus? L\u2019herbe Jack Frost est souvent le choix pour une r\u00e9union sociale en apr\u00e8s-midi ou en soir\u00e9e, ou pour une utilisation en solo lorsque vous avez besoin d\u2019un high \u00e9difiant avec des sentiments de bonheur qui \u00e9clatent. Il a \u00e9galement des utilisations m\u00e9dicales majeures, notamment le traitement des sympt\u00f4mes de d\u00e9pression, de stress et m\u00eame du TSPT.  <\/p>\n<p>Attendez-vous \u00e0 d\u2019\u00e9ventuelles p\u00e9riodes de rire, ce qui pourrait r\u00e9v\u00e9ler que vous avez consomm\u00e9! Des r\u00e9unions d\u2019affaires s\u00e9rieuses? &#8211; <strong>Soyez conscient de cet effet secondaire fr\u00e9quent des rires!<\/strong>  <\/p>\n<h2>Jack Frost Description de Strain de mauvaises herbes<\/h2>\n<p>Goldenseed, le cultivateur et d\u00e9veloppeur de vari\u00e9t\u00e9s de Santa Cruz, en Californie, a pour devise <em>\u00ab Fa\u00e7onn\u00e9 dans la nature, pas un entrep\u00f4t \u00bb<\/em> et cela se refl\u00e8te dans le raffinement de la vari\u00e9t\u00e9 Jack Frost .<\/p>\n<p>Ses origines incluent Jack Herrer, White Widow et Northern Lights #5, puis plus tard, Rainbow Kashmiri (alias Rainbow Kush) a \u00e9t\u00e9 introduite pour cr\u00e9er la Jack Frost finalement raffin\u00e9e qui est maintenant si populaire.<\/p>\n<p>Le THC se situe en moyenne entre 17 et 25%, avec environ 22% en moyenne. Les bourgeons vert fonc\u00e9 et moelleux offrent un parfum sucr\u00e9 avec des notes de citron et un go\u00fbt terreux. <\/p>\n<p>Une vari\u00e9t\u00e9 hybride avec une dominance Sativa d\u2019environ 65%.<\/p>\n<h2>Jack Frost Effets<\/h2>\n<p>Avec sa teneur \u00e9lev\u00e9e en THC et sa dominance Sativa , la vari\u00e9t\u00e9 Jack Frost vous fera peut-\u00eatre voir des \u00e9clats de rire imparables. Vous vous sentirez probablement plong\u00e9 dans un sentiment de bonheur exub\u00e9rant, ainsi qu\u2019un sentiment d\u2019encouragement social et de d\u00e9sir d\u2019engagement. Mais, vous pouvez aussi profiter pleinement de ses effets en fumant seul! Il offre une \u00e9nergie cr\u00e9ative ainsi qu\u2019une agr\u00e9able relaxation qui fait fondre le stress.   <\/p>\n<p>Deux grosses d\u00e9chirures du bang vous mettront dans cet \u00e9tat euphorisant pendant environ 3 heures &#8211; et bien que les rires puissent prendre le dessus, beaucoup signalent \u00e9galement une concentration accrue, surtout lorsqu\u2019il s\u2019agit d\u2019efforts cr\u00e9atifs.<\/p>\n<h2>Jack Frost Avantages des Strain de marijuana<\/h2>\n<p>Cette vari\u00e9t\u00e9 est souvent recommand\u00e9e par les membres de la communaut\u00e9 m\u00e9dicale du cannabis comme th\u00e9rapie pour :<\/p>\n<ul>\n<li>Anxi\u00e9t\u00e9<\/li>\n<li>TSPT<\/li>\n<li>Stress<\/li>\n<li>D\u00e9pression<\/li>\n<li>Perte d\u2019app\u00e9tit (pr\u00e9parez des collations!)<\/li>\n<\/ul>\n<p>Elle peut avoir l\u2019effet n\u00e9gatif de la s\u00e9cheresse oculaire.<\/p>\n<p><em>REMARQUE : Les informations sur ce site sont fournies \u00e0 des fins \u00e9ducatives seulement et ne remplacent pas un avis m\u00e9dical professionnel. Consultez un professionnel de la sant\u00e9 avant utilisation.  Pour les adultes \u00e2g\u00e9s de 19 ans ou plus seulement.<\/em><\/p>\n<h2>Jack Frost Livraison de cannabis \u2013 Livraison gratuite en 2 heures GTA<\/h2>\n<p>Si vous \u00eates dans la r\u00e9gion du Grand Toronto (RGT), vous pouvez vous procurer de l\u2019herbe Jack Frost en 2 heures* \u00e0 votre porte! Commandez avant 20 h et l\u2019un de nos chauffeurs vous livrera le jour m\u00eame, 2 heures gratuitement, lorsque vous commandez un minimum de 100,00 $ de l\u2019un des produits sur notre site Web.<\/p>\n<p>*Livraison en deux heures \u00e0 Toronto (Scarborough, North York, Etobicoke, DownTown, York &#8211; toutes les r\u00e9gions \u00e0 l\u2019int\u00e9rieur des fronti\u00e8res de la ville de Toronto), Richmond Hill, King, Aurora, Newmarket, Woodbridge, Vaughan et Markham.<\/p>\n<p>Pour les r\u00e9gions p\u00e9riph\u00e9riques telles que Brampton, Caledon, Mississauga, Pickering, Ajax, Whitby, Oshawa, Clarington, Scugog, Uxbridge, East Gwillimbury, Georgina et Brock, nous visons deux heures, mais veuillez vous attendre \u00e0 la possibilit\u00e9 de 3 heures pour la livraison. Si votre adresse se trouve dans ces r\u00e9gions p\u00e9riph\u00e9riques, vous pouvez nous contacter pour conna\u00eetre les d\u00e9lais de livraison pr\u00e9vus ce jour-l\u00e0. <\/p>\n<h2>Jack Frost \u00c0 l\u2019ext\u00e9rieur de la r\u00e9gion du Grand Toronto<\/h2>\n<p>Si vous n\u2019habitez pas dans notre zone de livraison gratuite, nous pouvons \u00e9galement vous exp\u00e9dier Jack Frost , partout au Canada. Les commandes de moins de 200,00 $ sont assujetties \u00e0 un tarif fixe de 20,00 $ pour les frais d\u2019exp\u00e9dition et d\u2019affranchissement. Plus de 200,00 $ vous donneront droit \u00e0 la livraison gratuite sur Zkittles ou l\u2019un de nos autres produits, partout au Canada.  <\/p>\n","protected":false},"excerpt":{"rendered":"<p>\u00cates-vous \u00e0 la recherche d\u2019une vari\u00e9t\u00e9 parfaite pour un usage social et pour vous r\u00e9unir avec des amis, des amants ou m\u00eame des inconnus? L\u2019herbe Jack Frost est souvent le choix pour une r\u00e9union sociale en apr\u00e8s-midi ou en soir\u00e9e, ou pour une utilisation en solo lorsque vous avez besoin d\u2019un high \u00e9difiant avec des sentiments de bonheur qui \u00e9clatent. Il a \u00e9galement des utilisations m\u00e9dicales majeures, notamment le traitement des sympt\u00f4mes de d\u00e9pression, de stress et m\u00eame du TSPT.  <\/p>\n<p>Attendez-vous \u00e0 d\u2019\u00e9ventuelles p\u00e9riodes de rire, ce qui pourrait r\u00e9v\u00e9ler que vous avez consomm\u00e9! Des r\u00e9unions d\u2019affaires s\u00e9rieuses? &#8211; <strong>Soyez conscient de cet effet secondaire fr\u00e9quent des rires!<\/strong>  <\/p>\n<p>Sativa Hybride dominant<\/p>\n","protected":false},"featured_media":16921,"comment_status":"closed","ping_status":"closed","template":"","meta":{"_acf_changed":false},"product_brand":[],"product_cat":[255],"product_tag":[],"class_list":{"0":"post-18469","1":"product","2":"type-product","3":"status-publish","4":"has-post-thumbnail","6":"product_cat-pot-sativa","7":"pa_weight-1-oz-fr-ca","8":"pa_weight-1-2-oz-fr-ca","9":"pa_weight-1-4-oz-fr-ca-2","11":"first","12":"instock","13":"shipping-taxable","14":"purchasable","15":"product-type-variable"},"acf":[],"_links":{"self":[{"href":"https:\/\/420now.co\/fr-ca\/wp-json\/wp\/v2\/product\/18469","targetHints":{"allow":["GET"]}}],"collection":[{"href":"https:\/\/420now.co\/fr-ca\/wp-json\/wp\/v2\/product"}],"about":[{"href":"https:\/\/420now.co\/fr-ca\/wp-json\/wp\/v2\/types\/product"}],"replies":[{"embeddable":true,"href":"https:\/\/420now.co\/fr-ca\/wp-json\/wp\/v2\/comments?post=18469"}],"wp:featuredmedia":[{"embeddable":true,"href":"https:\/\/420now.co\/fr-ca\/wp-json\/wp\/v2\/media\/16921"}],"wp:attachment":[{"href":"https:\/\/420now.co\/fr-ca\/wp-json\/wp\/v2\/media?parent=18469"}],"wp:term":[{"taxonomy":"product_brand","embeddable":true,"href":"https:\/\/420now.co\/fr-ca\/wp-json\/wp\/v2\/product_brand?post=18469"},{"taxonomy":"product_cat","embeddable":true,"href":"https:\/\/420now.co\/fr-ca\/wp-json\/wp\/v2\/product_cat?post=18469"},{"taxonomy":"product_tag","embeddable":true,"href":"https:\/\/420now.co\/fr-ca\/wp-json\/wp\/v2\/product_tag?post=18469"}],"curies":[{"name":"wp","href":"https:\/\/api.w.org\/{rel}","templated":true}]}}