{"id":18482,"date":"2021-08-08T17:25:21","date_gmt":"2021-08-08T21:25:21","guid":{"rendered":"https:\/\/420now.co\/product\/green-crack\/"},"modified":"2026-03-12T19:44:15","modified_gmt":"2026-03-12T23:44:15","slug":"green-crack","status":"publish","type":"product","link":"https:\/\/420now.co\/fr-ca\/product\/green-crack\/","title":{"rendered":"Green Crack"},"content":{"rendered":"<p>Il s\u2019appelait \u00e0 l\u2019origine \u00ab Cush \u00bb, mais le nom donn\u00e9 par Snoop Dog &#8211; Green Crack &#8211; en a marqu\u00e9 beaucoup. Parfois aussi appel\u00e9e \u00ab Mango Crack \u00bb ou \u00ab Green Crush \u00bb, cette vari\u00e9t\u00e9 est connue pour \u00eatre puissante avec des niveaux de THC allant jusqu\u2019\u00e0 24%. C\u2019est tr\u00e8s puissant; un peu peut faire beaucoup de chemin m\u00eame pour les utilisateurs exp\u00e9riment\u00e9s.  <\/p>\n<p>Sativa Dominante<\/p>\n<h2>Green Crack Descriptif<\/h2>\n<p>La vari\u00e9t\u00e9 Green Crack est tr\u00e8s certainement d\u00e9riv\u00e9e de Skunk #1, mais \u00e0 partir de l\u00e0, ses origines compl\u00e8tes sont contest\u00e9es. Beaucoup s\u2019entendent cependant pour dire qu\u2019il s\u2019agit d\u2019une souche afghane et qu\u2019elle pourrait provenir d\u2019Athens, en G\u00e9orgie. Au moins, il existe depuis les ann\u00e9es 1970 &#8211; comme mentionn\u00e9 pr\u00e9c\u00e9demment, connu sous le nom de \u00ab Cush \u00bb avant que Snoop Dogg ne lui donne son surnom pr\u00e9f\u00e9r\u00e9.  <\/p>\n<p>Terreux avec des notes fruit\u00e9es &#8211; une saveur quelque peu sucr\u00e9e, avec des notes sugg\u00e9rant des notes de mangue.<\/p>\n<h2>Green Crack Effets de la marijuana<\/h2>\n<p>Green Crack peut \u00eatre une vari\u00e9t\u00e9 de cannabis qui frappe rapidement, procurant un sentiment d\u2019\u00e9nergie nerveux. Cette vari\u00e9t\u00e9 \u00e0 dominante sativa est probablement mieux consid\u00e9r\u00e9e comme une fum\u00e9e de jour et peut stimuler la cr\u00e9ativit\u00e9 et la concentration. <\/p>\n<p>Certains doivent savoir que le Green Crack peut causer de la parano\u00efa chez certains &#8211; et s\u2019accompagne souvent de s\u00e9cheresse de la bouche et des yeux. Beaucoup d\u2019eau ou d\u2019autres boissons hydratantes \u00e0 port\u00e9e de main est une bonne id\u00e9e. <\/p>\n<h2>Conditions pour lesquelles Green Green Crack est utilis\u00e9<\/h2>\n<p>Les consommateurs de marijuana m\u00e9dicale trouvent souvent cette vari\u00e9t\u00e9 de cannabis utile pour traiter le TSPT, le TDA\/TDAH, la d\u00e9pression et les probl\u00e8mes d\u2019app\u00e9tit. Green Crack peut aider \u00e0 augmenter l\u2019app\u00e9tit &#8211; ayez des aliments sains \u00e0 proximit\u00e9. Une vari\u00e9t\u00e9 tr\u00e8s \u00e9nergisante, Green Crack est une excellente id\u00e9e lorsque vous avez besoin d\u2019un peu de remontant pour vous sortir du marasme ou lorsque vous ne vous sentez pas tr\u00e8s motiv\u00e9. Les t\u00e2ches m\u00e9nag\u00e8res peuvent devenir un vrai r\u00e9gal avec votre ami, le Green Crack!   <\/p>\n<p><em>REMARQUE : Les informations sur ce site sont fournies \u00e0 des fins \u00e9ducatives seulement et ne remplacent pas un avis m\u00e9dical professionnel. Consultez un professionnel de la sant\u00e9 avant utilisation.  Pour les adultes \u00e2g\u00e9s de 19 ans ou plus seulement.<\/em><\/p>\n<h2>Green Crack Livraison de cannabis \u2013 Livraison gratuite en 2 heures GTA<\/h2>\n<p>Si vous \u00eates dans la r\u00e9gion du Grand Toronto (RGT), vous pouvez vous procurer de l\u2019herbe Green Crack (alias Mango Crack, Green Crush) en 2 heures* \u00e0 votre porte! Commandez avant 20 h et l\u2019un de nos chauffeurs vous livrera le jour m\u00eame, 2 heures gratuitement, lorsque vous commandez un minimum de 100,00 $ de l\u2019un des produits sur notre site Web.<\/p>\n<p>*Livraison en deux heures \u00e0 Toronto (Scarborough, North York, Etobicoke, DownTown, York &#8211; toutes les r\u00e9gions \u00e0 l\u2019int\u00e9rieur des fronti\u00e8res de la ville de Toronto), Richmond Hill, King, Aurora, Newmarket, Woodbridge, Vaughan et Markham.<\/p>\n<h2>Green Crack \u00c0 l\u2019ext\u00e9rieur de la r\u00e9gion du Grand Toronto<\/h2>\n<p>Si vous n\u2019habitez pas dans notre zone de livraison gratuite, nous pouvons \u00e9galement vous exp\u00e9dier Green Crack , partout au Canada. Commande minimale de 100,00 $ s\u2019applique <\/p>\n","protected":false},"excerpt":{"rendered":"<p>Il s\u2019appelait \u00e0 l\u2019origine \u00ab Cush \u00bb, mais le nom donn\u00e9 par Snoop Dog &#8211; Green Crack &#8211; en a marqu\u00e9 beaucoup. Parfois aussi appel\u00e9e \u00ab Mango Crack \u00bb ou \u00ab Green Crush \u00bb, cette vari\u00e9t\u00e9 est connue pour \u00eatre puissante avec des niveaux de THC allant jusqu\u2019\u00e0 24%. C\u2019est tr\u00e8s puissant; un peu peut faire beaucoup de chemin m\u00eame pour les utilisateurs exp\u00e9riment\u00e9s.  <\/p>\n<p>Sativa Dominante<\/p>\n","protected":false},"featured_media":16909,"comment_status":"open","ping_status":"closed","template":"","meta":{"_acf_changed":false},"product_brand":[],"product_cat":[255],"product_tag":[],"class_list":{"0":"post-18482","1":"product","2":"type-product","3":"status-publish","4":"has-post-thumbnail","6":"product_cat-pot-sativa","7":"pa_weight-1-oz-fr-ca","8":"pa_weight-1-2-oz-fr-ca","9":"pa_weight-1-4-oz-fr-ca-2","11":"first","12":"instock","13":"shipping-taxable","14":"purchasable","15":"product-type-variable"},"acf":[],"_links":{"self":[{"href":"https:\/\/420now.co\/fr-ca\/wp-json\/wp\/v2\/product\/18482","targetHints":{"allow":["GET"]}}],"collection":[{"href":"https:\/\/420now.co\/fr-ca\/wp-json\/wp\/v2\/product"}],"about":[{"href":"https:\/\/420now.co\/fr-ca\/wp-json\/wp\/v2\/types\/product"}],"replies":[{"embeddable":true,"href":"https:\/\/420now.co\/fr-ca\/wp-json\/wp\/v2\/comments?post=18482"}],"wp:featuredmedia":[{"embeddable":true,"href":"https:\/\/420now.co\/fr-ca\/wp-json\/wp\/v2\/media\/16909"}],"wp:attachment":[{"href":"https:\/\/420now.co\/fr-ca\/wp-json\/wp\/v2\/media?parent=18482"}],"wp:term":[{"taxonomy":"product_brand","embeddable":true,"href":"https:\/\/420now.co\/fr-ca\/wp-json\/wp\/v2\/product_brand?post=18482"},{"taxonomy":"product_cat","embeddable":true,"href":"https:\/\/420now.co\/fr-ca\/wp-json\/wp\/v2\/product_cat?post=18482"},{"taxonomy":"product_tag","embeddable":true,"href":"https:\/\/420now.co\/fr-ca\/wp-json\/wp\/v2\/product_tag?post=18482"}],"curies":[{"name":"wp","href":"https:\/\/api.w.org\/{rel}","templated":true}]}}