{"id":18485,"date":"2021-11-09T13:42:27","date_gmt":"2021-11-09T18:42:27","guid":{"rendered":"https:\/\/420now.co\/product\/barre-shatter-indica-au-chocolat-au-lait-250-mg\/"},"modified":"2026-04-02T19:28:30","modified_gmt":"2026-04-02T23:28:30","slug":"barre-shatter-indica-au-chocolat-au-lait-250-mg","status":"publish","type":"product","link":"https:\/\/420now.co\/fr-ca\/product\/barre-shatter-indica-au-chocolat-au-lait-250-mg\/","title":{"rendered":"Barres Shatter Milk Chocolate Indica 250 mg"},"content":{"rendered":"<p>Voir toutes les <a href=\"https:\/\/420now.co\/fr-ca\/barres-de-brisage-euphoria-extractions-420now-livraison-de-weed\/\">barres \u00e0 \u00e9clats d\u2019Euphoria Extractions<\/a>.  <\/p>\n<p>Les barres cassantes de chocolat au lait Euphoria Extractions sont la solution parfaite pour vos besoins comestibles. Avec 24 carr\u00e9s, ces barres sont faciles \u00e0 g\u00e9rer et contiennent 250 mg d\u2019extrait \u00e0 spectre complet test\u00e9 en laboratoire provenant du meilleur cannabis disponible. Les barres de cassage Euphoria sont garanties pour procurer une satisfaction totale.  <\/p>\n<p>Fabriqu\u00e9 avec du vrai chocolat au lait au go\u00fbt riche.  <\/p>\n<h2>Chocolat au lait Indica 250 mg Barres Shatter<\/h2>\n<p>Euphoria Solutions utilise des ingr\u00e9dients de haute qualit\u00e9 dans ses barres de chocolat au lait, ainsi que du THC de la marijuana Indica , test\u00e9 en laboratoire. Selon la saison et la disponibilit\u00e9, la vari\u00e9t\u00e9 de marijuana sp\u00e9cifique peut changer, mais le nom de la vari\u00e9t\u00e9 est inclus sur chaque emballage. <\/p>\n<h2>Barres cassantes de chocolat au lait &#8211; Livraison gratuite dans la r\u00e9gion du Grand Toronto<\/h2>\n<p>Peu importe o\u00f9 vous vous trouvez dans la r\u00e9gion du Grand Toronto, vous pouvez obtenir des barres cass\u00e9es de chocolat au lait en 2 heures \u00e0 votre porte! Commandez avant 20 h et l\u2019un de nos chauffeurs vous livrera le jour m\u00eame, 2 heures gratuitement, lorsque vous commandez un minimum de 100,00 $ de l\u2019un des produits sur notre site Web.<\/p>\n<p>Notre r\u00e9gion de livraison du Grand Toronto comprend : Toronto, Mississauga, Brampton, Caledon, King, Vaughan, Richmond Hill, Aurora, Newmarket, East Gwillimbury, Whitchurch-Stouffville, Markham, Uxbridge, Pickering, Ajax, Whitby, Oshawa, Scugog, Clarington, Brock, Georgina.<\/p>\n<h2>Barres cassantes de chocolat au lait \u00e0 l\u2019ext\u00e9rieur de la r\u00e9gion du Grand Toronto et du reste du Canada<\/h2>\n<p>Si vous n\u2019habitez pas dans notre zone de livraison gratuite, nous pouvons \u00e9galement vous exp\u00e9dier des barres Shatter au chocolat au lait, partout au Canada. Les commandes de moins de 200,00 $ sont assujetties \u00e0 un tarif fixe de 20,00 $ pour l\u2019exp\u00e9dition et l\u2019affranchissement. Plus de 200,00 $ vous donnera droit \u00e0 la livraison gratuite sur les barres cassantes ou l\u2019un de nos autres produits, partout au Canada. Combinez votre commande avec l\u2019un de nos produits pour la commande minimale de 200.00.   <\/p>\n","protected":false},"excerpt":{"rendered":"<p>Les barres de chocolat au lait Euphoria Extractions sont la solution parfaite pour vos besoins en mati\u00e8re de produits comestibles. Avec 24 carr\u00e9s, ces barres sont faciles \u00e0 g\u00e9rer et contiennent 250 mg d\u2019extrait \u00e0 spectre complet test\u00e9 en laboratoire provenant du meilleur cannabis disponible. Les barres de protection Euphoria sont garanties pour vous procurer satisfaction.  <\/p>\n<p>Fabriqu\u00e9 avec du vrai chocolat au lait au go\u00fbt riche.  <\/p>\n<p>250 mg de THC pour ceux qui veulent de plus petites doses de THC \u00e0 la fois.  <\/p>\n","protected":false},"featured_media":17001,"comment_status":"open","ping_status":"closed","template":"","meta":{"_acf_changed":false},"product_brand":[],"product_cat":[226],"product_tag":[302,313],"class_list":{"0":"post-18485","1":"product","2":"type-product","3":"status-publish","4":"has-post-thumbnail","6":"product_cat-chocolats","7":"product_tag-indica-fr-ca","8":"product_tag-shatter-bars-fr-ca","10":"first","11":"instock","12":"shipping-taxable","13":"purchasable","14":"product-type-simple"},"acf":[],"_links":{"self":[{"href":"https:\/\/420now.co\/fr-ca\/wp-json\/wp\/v2\/product\/18485","targetHints":{"allow":["GET"]}}],"collection":[{"href":"https:\/\/420now.co\/fr-ca\/wp-json\/wp\/v2\/product"}],"about":[{"href":"https:\/\/420now.co\/fr-ca\/wp-json\/wp\/v2\/types\/product"}],"replies":[{"embeddable":true,"href":"https:\/\/420now.co\/fr-ca\/wp-json\/wp\/v2\/comments?post=18485"}],"wp:featuredmedia":[{"embeddable":true,"href":"https:\/\/420now.co\/fr-ca\/wp-json\/wp\/v2\/media\/17001"}],"wp:attachment":[{"href":"https:\/\/420now.co\/fr-ca\/wp-json\/wp\/v2\/media?parent=18485"}],"wp:term":[{"taxonomy":"product_brand","embeddable":true,"href":"https:\/\/420now.co\/fr-ca\/wp-json\/wp\/v2\/product_brand?post=18485"},{"taxonomy":"product_cat","embeddable":true,"href":"https:\/\/420now.co\/fr-ca\/wp-json\/wp\/v2\/product_cat?post=18485"},{"taxonomy":"product_tag","embeddable":true,"href":"https:\/\/420now.co\/fr-ca\/wp-json\/wp\/v2\/product_tag?post=18485"}],"curies":[{"name":"wp","href":"https:\/\/api.w.org\/{rel}","templated":true}]}}