{"id":18491,"date":"2021-12-20T18:35:41","date_gmt":"2021-12-20T23:35:41","guid":{"rendered":"https:\/\/420now.co\/product\/hachisch-de-moineau-afghan\/"},"modified":"2026-02-09T11:45:08","modified_gmt":"2026-02-09T16:45:08","slug":"hachisch-de-moineau-afghan","status":"publish","type":"product","link":"https:\/\/420now.co\/fr-ca\/product\/hachisch-de-moineau-afghan\/","title":{"rendered":"Afghani Sparrow Hash"},"content":{"rendered":"<p>Le haschisch est un concentr\u00e9 de cannabis fabriqu\u00e9 \u00e0 partir de glandes de r\u00e9sine fra\u00eeches (trichomes) qui ont \u00e9t\u00e9 s\u00e9par\u00e9es de la mati\u00e8re v\u00e9g\u00e9tale d\u2019une fleur de marijuana.<\/p>\n","protected":false},"excerpt":{"rendered":"<p>(La photo peut ne pas \u00eatre exactement la m\u00eame que le produit).<\/p>\n","protected":false},"featured_media":17079,"comment_status":"open","ping_status":"closed","template":"","meta":{"_acf_changed":false},"product_brand":[],"product_cat":[213],"product_tag":[],"class_list":{"0":"post-18491","1":"product","2":"type-product","3":"status-publish","4":"has-post-thumbnail","6":"product_cat-hash-fr-ca","7":"pa_weight-1-oz-fr-ca","8":"pa_weight-1-2-oz-fr-ca","9":"pa_weight-1-4-oz-fr-ca-2","10":"pa_weight-1-8-oz-fr-ca","11":"pa_weight-1gr-fr-ca","13":"first","14":"instock","15":"shipping-taxable","16":"purchasable","17":"product-type-variable"},"acf":[],"_links":{"self":[{"href":"https:\/\/420now.co\/fr-ca\/wp-json\/wp\/v2\/product\/18491","targetHints":{"allow":["GET"]}}],"collection":[{"href":"https:\/\/420now.co\/fr-ca\/wp-json\/wp\/v2\/product"}],"about":[{"href":"https:\/\/420now.co\/fr-ca\/wp-json\/wp\/v2\/types\/product"}],"replies":[{"embeddable":true,"href":"https:\/\/420now.co\/fr-ca\/wp-json\/wp\/v2\/comments?post=18491"}],"wp:featuredmedia":[{"embeddable":true,"href":"https:\/\/420now.co\/fr-ca\/wp-json\/wp\/v2\/media\/17079"}],"wp:attachment":[{"href":"https:\/\/420now.co\/fr-ca\/wp-json\/wp\/v2\/media?parent=18491"}],"wp:term":[{"taxonomy":"product_brand","embeddable":true,"href":"https:\/\/420now.co\/fr-ca\/wp-json\/wp\/v2\/product_brand?post=18491"},{"taxonomy":"product_cat","embeddable":true,"href":"https:\/\/420now.co\/fr-ca\/wp-json\/wp\/v2\/product_cat?post=18491"},{"taxonomy":"product_tag","embeddable":true,"href":"https:\/\/420now.co\/fr-ca\/wp-json\/wp\/v2\/product_tag?post=18491"}],"curies":[{"name":"wp","href":"https:\/\/api.w.org\/{rel}","templated":true}]}}