{"id":18493,"date":"2021-11-10T10:53:59","date_gmt":"2021-11-10T15:53:59","guid":{"rendered":"https:\/\/420now.co\/product\/barre-shatter-vegan-menthe-sativa-250-mg\/"},"modified":"2026-04-02T19:55:03","modified_gmt":"2026-04-02T23:55:03","slug":"barre-shatter-vegan-menthe-sativa-250-mg","status":"publish","type":"product","link":"https:\/\/420now.co\/fr-ca\/product\/barre-shatter-vegan-menthe-sativa-250-mg\/","title":{"rendered":"Shatter Bars V\u00e9gane Menthe Chocolat Sativa 250 mg"},"content":{"rendered":"<p>Voir toutes les <a href=\"https:\/\/420now.co\/fr-ca\/barres-de-brisage-euphoria-extractions-420now-livraison-de-weed\/\">barres \u00e0 \u00e9clats d\u2019Euphoria Extractions<\/a>.  <\/p>\n<p>Les barres de chocolat \u00e0 la menthe v\u00e9g\u00e9talienne Euphoria Extractions sont la solution parfaite pour vos besoins comestibles. Avec 24 carr\u00e9s, ces barres sont faciles \u00e0 g\u00e9rer et contiennent 250 mg d\u2019extrait \u00e0 spectre complet test\u00e9 en laboratoire provenant du meilleur cannabis disponible. Les barres de cassage Euphoria sont garanties pour procurer une satisfaction totale.  <\/p>\n<p>Fait avec du vrai chocolat au go\u00fbt riche.  <\/p>\n<h2>Barres Shatter Vegan Menthe Sativa 250 mg<\/h2>\n<p>Euphoria Solutions utilise des ingr\u00e9dients de haute qualit\u00e9 dans ses barres de chocolat au lait, ainsi que du THC de la marijuana Sativa , test\u00e9 en laboratoire. Selon la saison et la disponibilit\u00e9, la vari\u00e9t\u00e9 de marijuana sp\u00e9cifique peut changer, mais le nom de la vari\u00e9t\u00e9 est inclus sur chaque emballage. <\/p>\n<p>Toutes les barres Shatter Vegan d\u2019Euphoria Extractions sont sans sucre!<\/p>\n<h2>Barres cassantes de chocolat v\u00e9g\u00e9talien \u00e0 la menthe &#8211; Livraison gratuite dans la r\u00e9gion du Grand Toronto<\/h2>\n<p>Peu importe o\u00f9 vous vous trouvez dans la r\u00e9gion du Grand Toronto (RGT), vous pouvez obtenir des barres cassantes de chocolat v\u00e9g\u00e9talien \u00e0 la menthe en 2 heures \u00e0 votre porte! Commandez avant 20 h et l\u2019un de nos chauffeurs vous livrera le jour m\u00eame, 2 heures gratuitement, lorsque vous commandez un minimum de 100,00 $ de l\u2019un des produits sur notre site Web.<\/p>\n<p>Notre r\u00e9gion de livraison du Grand Toronto comprend : Toronto, Vaughan, Markham, Richmond Hill, Aurora, Newmarket, Bradford.<\/p>\n<h2>Barres v\u00e9g\u00e9taliennes au chocolat \u00e0 la menthe \u00e0 l\u2019ext\u00e9rieur de la r\u00e9gion du Grand Toronto et du reste du Canada<\/h2>\n<p>Si vous n\u2019habitez pas dans notre zone de livraison gratuite, nous pouvons aussi vous exp\u00e9dier des barres Mint Chocolate Shatter partout au Canada. Commande minimale de 100,00 $ pour livraison gratuite via Postes Canada. <\/p>\n","protected":false},"excerpt":{"rendered":"<p>Les barres cassantes au chocolat \u00e0 la menthe Euphoria Extractions sont la solution parfaite pour vos besoins comestibles. Avec 24 carr\u00e9s, ces barres sont faciles \u00e0 g\u00e9rer et contiennent une dose plus faible g\u00e9rable de 250 mg d\u2019extrait \u00e0 spectre complet test\u00e9 en laboratoire provenant du meilleur cannabis disponible. Les barres de brisage Euphoria sont garanties pour vous procurer satisfaction.  <\/p>\n<p>Fabriqu\u00e9 avec du chocolat \u00e0 la menthe v\u00e9ritable et revigorant.<\/p>\n<p>250 mg de THC pour ceux qui veulent de petites doses de THC faciles \u00e0 g\u00e9rer \u00e0 la fois.  <\/p>\n","protected":false},"featured_media":17013,"comment_status":"open","ping_status":"closed","template":"","meta":{"_acf_changed":false},"product_brand":[],"product_cat":[226],"product_tag":[290,313],"class_list":{"0":"post-18493","1":"product","2":"type-product","3":"status-publish","4":"has-post-thumbnail","6":"product_cat-chocolats","7":"product_tag-sativa-fr-ca","8":"product_tag-shatter-bars-fr-ca","10":"first","11":"instock","12":"shipping-taxable","13":"purchasable","14":"product-type-simple"},"acf":[],"_links":{"self":[{"href":"https:\/\/420now.co\/fr-ca\/wp-json\/wp\/v2\/product\/18493","targetHints":{"allow":["GET"]}}],"collection":[{"href":"https:\/\/420now.co\/fr-ca\/wp-json\/wp\/v2\/product"}],"about":[{"href":"https:\/\/420now.co\/fr-ca\/wp-json\/wp\/v2\/types\/product"}],"replies":[{"embeddable":true,"href":"https:\/\/420now.co\/fr-ca\/wp-json\/wp\/v2\/comments?post=18493"}],"wp:featuredmedia":[{"embeddable":true,"href":"https:\/\/420now.co\/fr-ca\/wp-json\/wp\/v2\/media\/17013"}],"wp:attachment":[{"href":"https:\/\/420now.co\/fr-ca\/wp-json\/wp\/v2\/media?parent=18493"}],"wp:term":[{"taxonomy":"product_brand","embeddable":true,"href":"https:\/\/420now.co\/fr-ca\/wp-json\/wp\/v2\/product_brand?post=18493"},{"taxonomy":"product_cat","embeddable":true,"href":"https:\/\/420now.co\/fr-ca\/wp-json\/wp\/v2\/product_cat?post=18493"},{"taxonomy":"product_tag","embeddable":true,"href":"https:\/\/420now.co\/fr-ca\/wp-json\/wp\/v2\/product_tag?post=18493"}],"curies":[{"name":"wp","href":"https:\/\/api.w.org\/{rel}","templated":true}]}}