{"id":18512,"date":"2021-12-23T15:53:21","date_gmt":"2021-12-23T20:53:21","guid":{"rendered":"https:\/\/420now.co\/product\/punch-aux-fruits\/"},"modified":"2026-02-09T12:23:29","modified_gmt":"2026-02-09T17:23:29","slug":"punch-aux-fruits","status":"publish","type":"product","link":"https:\/\/420now.co\/fr-ca\/product\/punch-aux-fruits\/","title":{"rendered":"Fruit Punch Hash"},"content":{"rendered":"<p>Certains de nos clients pensent que le punch aux fruits est carr\u00e9ment tropical &#8211; avec des saveurs et des ar\u00f4mes qui rappellent un punch aux fruits tropicaux.  <\/p>\n<p>Il est \u00e9galement populaire pour sa puissance car il \u00e9nergise l\u2019esprit. Id\u00e9al pour le travail cr\u00e9atif ou lorsque vous voulez \u00eatre social.   <\/p>\n<p>Le haschisch est un cannabis concentr\u00e9 fabriqu\u00e9 \u00e0 partir de glandes de r\u00e9sine fra\u00eeches (trichomes) qui ont \u00e9t\u00e9 s\u00e9par\u00e9es de la mati\u00e8re v\u00e9g\u00e9tale d\u2019une fleur de marijuana. Il existe diff\u00e9rentes fa\u00e7ons, y compris les m\u00e9thodes traditionnelles afghanes et marocaines de production de haschisch. <\/p>\n<p>Fruit Punch Hash est un excellent choix pour les journ\u00e9es cr\u00e9atives, que ce soit au travail ou pour des passe-temps personnels. Mais cela peut aussi induire une activit\u00e9 sociale, alors gardez cela \u00e0 l\u2019esprit. Gardez une r\u00e9serve \u00e0 port\u00e9e de main pour les journ\u00e9es avec des amis ou m\u00eame des inconnus que vous voulez mieux conna\u00eetre, et pour les heures o\u00f9 vous voulez que votre esprit ait une explosion cr\u00e9ative.  <\/p>\n<h2>Livraison de Fruit Punch Hash dans la r\u00e9gion du Grand Toronto (RGT)<\/h2>\n<p>Si vous \u00eates dans la r\u00e9gion du Grand Toronto (RGT), vous pouvez vous procurer du Fruit Punch Hash en 2 heures* \u00e0 votre porte! Commandez avant 20h et l\u2019un de nos chauffeurs livrera le jour m\u00eame, dans les 2 heures gratuitement, lorsque vous commandez un minimum de 100,00 $ de l\u2019un des produits sur notre site Web. <\/p>\n<p>*Livraison en deux heures \u00e0 Toronto (Scarborough, North York, Etobicoke, DownTown, York \u2013 toutes les r\u00e9gions \u00e0 l\u2019int\u00e9rieur des fronti\u00e8res de la ville de Toronto), Richmond Hill, King, Aurora, Newmarket, Woodbridge, Vaughan et Markham.<\/p>\n","protected":false},"excerpt":{"rendered":"<p>Certains de nos clients pensent que le punch aux fruits est carr\u00e9ment tropical &#8211; avec des saveurs et des ar\u00f4mes qui rappellent un punch aux fruits tropicaux.  <\/p>\n<p>Il est \u00e9galement populaire pour sa puissance car il \u00e9nergise l\u2019esprit. Id\u00e9al pour le travail cr\u00e9atif ou lorsque vous voulez \u00eatre social.   <\/p>\n<p>Cependant, les produits \u00e0 base de cannabis ne doivent pas \u00eatre utilis\u00e9s avant de conduire des v\u00e9hicules ou des machines. Bien que le punch aux fruits puisse stimuler, il peut tout de m\u00eame nuire \u00e0 la r\u00e9flexion et au jugement dans des circonstances o\u00f9 il faut conduire ou conduire prudemment. <\/p>\n","protected":false},"featured_media":17079,"comment_status":"open","ping_status":"closed","template":"","meta":{"_acf_changed":false},"product_brand":[],"product_cat":[213],"product_tag":[],"class_list":{"0":"post-18512","1":"product","2":"type-product","3":"status-publish","4":"has-post-thumbnail","6":"product_cat-hash-fr-ca","7":"pa_weight-1-oz-fr-ca","8":"pa_weight-1-2-oz-fr-ca","9":"pa_weight-1-4-oz-fr-ca-2","10":"pa_weight-1-8-oz-fr-ca","11":"pa_weight-1gr-fr-ca","13":"first","14":"instock","15":"shipping-taxable","16":"purchasable","17":"product-type-variable"},"acf":[],"_links":{"self":[{"href":"https:\/\/420now.co\/fr-ca\/wp-json\/wp\/v2\/product\/18512","targetHints":{"allow":["GET"]}}],"collection":[{"href":"https:\/\/420now.co\/fr-ca\/wp-json\/wp\/v2\/product"}],"about":[{"href":"https:\/\/420now.co\/fr-ca\/wp-json\/wp\/v2\/types\/product"}],"replies":[{"embeddable":true,"href":"https:\/\/420now.co\/fr-ca\/wp-json\/wp\/v2\/comments?post=18512"}],"wp:featuredmedia":[{"embeddable":true,"href":"https:\/\/420now.co\/fr-ca\/wp-json\/wp\/v2\/media\/17079"}],"wp:attachment":[{"href":"https:\/\/420now.co\/fr-ca\/wp-json\/wp\/v2\/media?parent=18512"}],"wp:term":[{"taxonomy":"product_brand","embeddable":true,"href":"https:\/\/420now.co\/fr-ca\/wp-json\/wp\/v2\/product_brand?post=18512"},{"taxonomy":"product_cat","embeddable":true,"href":"https:\/\/420now.co\/fr-ca\/wp-json\/wp\/v2\/product_cat?post=18512"},{"taxonomy":"product_tag","embeddable":true,"href":"https:\/\/420now.co\/fr-ca\/wp-json\/wp\/v2\/product_tag?post=18512"}],"curies":[{"name":"wp","href":"https:\/\/api.w.org\/{rel}","templated":true}]}}