{"id":18513,"date":"2021-12-23T15:50:24","date_gmt":"2021-12-23T20:50:24","guid":{"rendered":"https:\/\/420now.co\/product\/raisin-crush-hash\/"},"modified":"2026-02-09T12:30:45","modified_gmt":"2026-02-09T17:30:45","slug":"raisin-crush-hash","status":"publish","type":"product","link":"https:\/\/420now.co\/fr-ca\/product\/raisin-crush-hash\/","title":{"rendered":"Grape Crush Hash"},"content":{"rendered":"<p>Un haschisch de style artisanal canadien, cr\u00e9\u00e9 pour la premi\u00e8re fois en Colombie-Britannique. Haschisch concentr\u00e9 fabriqu\u00e9 \u00e0 partir des trichomes de la souche de cannabis Grape Crush. Un high s\u00e9datif corporel qui comprend une pouss\u00e9e d\u2019\u00e9nergie c\u00e9r\u00e9brale que de nombreux utilisateurs de soins m\u00e9dicaux appr\u00e9cient.  <\/p>\n<p>Le haschisch est un concentr\u00e9 de cannabis fabriqu\u00e9 \u00e0 partir de glandes de r\u00e9sine fra\u00eeches (trichomes) qui ont \u00e9t\u00e9 s\u00e9par\u00e9es de la mati\u00e8re v\u00e9g\u00e9tale d\u2019une fleur de marijuana.<\/p>\n<p>Le Grape Crush Hash a tendance \u00e0 \u00eatre blond et a une saveur riche et un grand punch.  <\/p>\n<p>Il est souvent utilis\u00e9 pour soulager le stress et pour se concentrer dans un \u00e9tat de d\u00e9tente qui peut \u00e9galement inspirer l\u2019esprit.<\/p>\n<p>(Les produits \u00e0 base de cannabis ne sont pas destin\u00e9s \u00e0 diagnostiquer, traiter, gu\u00e9rir ou pr\u00e9venir une maladie ou condition m\u00e9dicale. Consultez un professionnel de la sant\u00e9 avant utilisation. <\/p>\n<p><strong>Pour les adultes \u00e2g\u00e9s de 19 ans ou plus seulement.<\/strong><\/p>\n<p><strong>Tenir hors de la port\u00e9e des enfants.<\/strong><\/p>\n<p><strong>Le cannabis peut nuire \u00e0 la concentration, \u00e0 la coordination et au jugement \u2013 ne conduisez pas de v\u00e9hicules ou de machines sous l\u2019influence de l\u2019alcool.<\/strong><\/p>\n<h2>Livraison de haschisch Grape Crush dans la r\u00e9gion du Grand Toronto<\/h2>\n<p>Si vous \u00eates dans la r\u00e9gion du Grand Toronto (RGT), vous pouvez obtenir du haschisch Grape Crush en 2 heures* \u00e0 votre porte! Commandez avant 20h et l\u2019un de nos chauffeurs livrera le jour m\u00eame, dans les 2 heures gratuitement, lorsque vous commandez un minimum de 100,00 $ de l\u2019un des produits sur notre site Web. <\/p>\n<p>*Livraison en deux heures \u00e0 Toronto (Scarborough, North York, Etobicoke, DownTown, York \u2013 toutes les r\u00e9gions \u00e0 l\u2019int\u00e9rieur des fronti\u00e8res de la ville de Toronto), Richmond Hill, King, Aurora, Newmarket, Woodbridge, Vaughan et Markham.<\/p>\n","protected":false},"excerpt":{"rendered":"<p>Un haschisch de style artisanal canadien, cr\u00e9\u00e9 pour la premi\u00e8re fois en Colombie-Britannique. Haschisch concentr\u00e9 fabriqu\u00e9 \u00e0 partir des trichomes de la souche de cannabis Grape Crush. Un high s\u00e9datif que de nombreux utilisateurs m\u00e9dicaux appr\u00e9cient.  <\/p>\n","protected":false},"featured_media":17050,"comment_status":"open","ping_status":"closed","template":"","meta":{"_acf_changed":false},"product_brand":[],"product_cat":[213],"product_tag":[],"class_list":{"0":"post-18513","1":"product","2":"type-product","3":"status-publish","4":"has-post-thumbnail","6":"product_cat-hash-fr-ca","7":"pa_weight-1-oz-fr-ca","8":"pa_weight-1-2-oz-fr-ca","9":"pa_weight-1-4-oz-fr-ca-2","10":"pa_weight-1-8-oz-fr-ca","11":"pa_weight-1gr-fr-ca","13":"first","14":"instock","15":"shipping-taxable","16":"purchasable","17":"product-type-variable"},"acf":[],"_links":{"self":[{"href":"https:\/\/420now.co\/fr-ca\/wp-json\/wp\/v2\/product\/18513","targetHints":{"allow":["GET"]}}],"collection":[{"href":"https:\/\/420now.co\/fr-ca\/wp-json\/wp\/v2\/product"}],"about":[{"href":"https:\/\/420now.co\/fr-ca\/wp-json\/wp\/v2\/types\/product"}],"replies":[{"embeddable":true,"href":"https:\/\/420now.co\/fr-ca\/wp-json\/wp\/v2\/comments?post=18513"}],"wp:featuredmedia":[{"embeddable":true,"href":"https:\/\/420now.co\/fr-ca\/wp-json\/wp\/v2\/media\/17050"}],"wp:attachment":[{"href":"https:\/\/420now.co\/fr-ca\/wp-json\/wp\/v2\/media?parent=18513"}],"wp:term":[{"taxonomy":"product_brand","embeddable":true,"href":"https:\/\/420now.co\/fr-ca\/wp-json\/wp\/v2\/product_brand?post=18513"},{"taxonomy":"product_cat","embeddable":true,"href":"https:\/\/420now.co\/fr-ca\/wp-json\/wp\/v2\/product_cat?post=18513"},{"taxonomy":"product_tag","embeddable":true,"href":"https:\/\/420now.co\/fr-ca\/wp-json\/wp\/v2\/product_tag?post=18513"}],"curies":[{"name":"wp","href":"https:\/\/api.w.org\/{rel}","templated":true}]}}