{"id":18520,"date":"2021-12-23T15:56:24","date_gmt":"2021-12-23T20:56:24","guid":{"rendered":"https:\/\/420now.co\/product\/hachis-au-cola-a-la-cerise\/"},"modified":"2026-02-09T12:10:03","modified_gmt":"2026-02-09T17:10:03","slug":"hachis-au-cola-a-la-cerise","status":"publish","type":"product","link":"https:\/\/420now.co\/fr-ca\/product\/hachis-au-cola-a-la-cerise\/","title":{"rendered":"Cherry Cola Hash"},"content":{"rendered":"<p>Le nom de ce haschisch vient de son ar\u00f4me &#8211; de fortes notes de cola cerise! Mais c\u2019est un haschisch enti\u00e8rement naturel avec une teneur \u00e9lev\u00e9e en THC mais une fum\u00e9e tr\u00e8s douce. Procure un effet doux lorsqu\u2019il est m\u00e9lang\u00e9 \u00e0 vos articulations.    <\/p>\n<p>Les utilisateurs m\u00e9dicaux utilisent souvent leur haschisch Cherry Cola, car il peut aider \u00e0 soulager un large \u00e9ventail de conditions, notamment l\u2019insomnie, la r\u00e9duction de l\u2019anxi\u00e9t\u00e9 et comme stimulant de l\u2019app\u00e9tit.  <\/p>\n<p>(Les produits \u00e0 base de cannabis ne sont pas destin\u00e9s \u00e0 diagnostiquer, traiter, gu\u00e9rir ou pr\u00e9venir une maladie ou condition m\u00e9dicale. Consultez un professionnel de la sant\u00e9 avant utilisation. Pour les adultes \u00e2g\u00e9s de 19 ans ou plus seulement.)<\/p>\n<p>Puissance \u00e9lev\u00e9e &#8211; vous n\u2019avez pas besoin de beaucoup de haschisch Cherry Cola pour ressentir les effets.<\/p>\n<h2>Cherry Cola Hash Livraison en 2 heures dans la r\u00e9gion du Grand Toronto<\/h2>\n<p>Si vous \u00eates dans la r\u00e9gion du Grand Toronto (RGT), vous pouvez vous procurer du haschisch Cherry Cola en 2 heures* \u00e0 votre porte! Commandez avant 20h et l\u2019un de nos chauffeurs livrera le jour m\u00eame, dans les 2 heures gratuitement, lorsque vous commandez un minimum de 100,00 $ de l\u2019un des produits sur notre site Web. <\/p>\n<p>*Livraison en deux heures \u00e0 Toronto (Scarborough, North York, Etobicoke, DownTown, York \u2013 toutes les r\u00e9gions \u00e0 l\u2019int\u00e9rieur des fronti\u00e8res de la ville de Toronto), Richmond Hill, King, Aurora, Newmarket, Woodbridge, Vaughan et Markham.<\/p>\n<p>Pour les r\u00e9gions p\u00e9riph\u00e9riques telles que Brampton, Caledon, Mississauga, Pickering, Ajax, Whitby, Oshawa, Clarington, Scugog, Uxbridge, East Gwillimbury, Georgina et Brock, nous visons deux heures, mais veuillez vous attendre \u00e0 la possibilit\u00e9 de 3 heures pour la livraison. Si votre adresse se trouve dans ces r\u00e9gions p\u00e9riph\u00e9riques, vous pouvez nous contacter pour conna\u00eetre les d\u00e9lais de livraison pr\u00e9vus ce jour-l\u00e0. <\/p>\n","protected":false},"excerpt":{"rendered":"<p>Le nom de ce haschisch vient de son ar\u00f4me &#8211; de fortes notes de cola cerise! Mais c\u2019est un haschisch enti\u00e8rement naturel avec une teneur \u00e9lev\u00e9e en THC mais une fum\u00e9e tr\u00e8s douce. Procure un effet doux lorsqu\u2019il est m\u00e9lang\u00e9 \u00e0 vos articulations. Utilisez en petites quantit\u00e9s pour commencer.   <\/p>\n","protected":false},"featured_media":17047,"comment_status":"open","ping_status":"closed","template":"","meta":{"_acf_changed":false},"product_brand":[],"product_cat":[213],"product_tag":[],"class_list":{"0":"post-18520","1":"product","2":"type-product","3":"status-publish","4":"has-post-thumbnail","6":"product_cat-hash-fr-ca","7":"pa_weight-1-oz-fr-ca","8":"pa_weight-1-2-oz-fr-ca","9":"pa_weight-1-4-oz-fr-ca-2","10":"pa_weight-1-8-oz-fr-ca","11":"pa_weight-1gr-fr-ca","13":"first","14":"instock","15":"shipping-taxable","16":"purchasable","17":"product-type-variable"},"acf":[],"_links":{"self":[{"href":"https:\/\/420now.co\/fr-ca\/wp-json\/wp\/v2\/product\/18520","targetHints":{"allow":["GET"]}}],"collection":[{"href":"https:\/\/420now.co\/fr-ca\/wp-json\/wp\/v2\/product"}],"about":[{"href":"https:\/\/420now.co\/fr-ca\/wp-json\/wp\/v2\/types\/product"}],"replies":[{"embeddable":true,"href":"https:\/\/420now.co\/fr-ca\/wp-json\/wp\/v2\/comments?post=18520"}],"wp:featuredmedia":[{"embeddable":true,"href":"https:\/\/420now.co\/fr-ca\/wp-json\/wp\/v2\/media\/17047"}],"wp:attachment":[{"href":"https:\/\/420now.co\/fr-ca\/wp-json\/wp\/v2\/media?parent=18520"}],"wp:term":[{"taxonomy":"product_brand","embeddable":true,"href":"https:\/\/420now.co\/fr-ca\/wp-json\/wp\/v2\/product_brand?post=18520"},{"taxonomy":"product_cat","embeddable":true,"href":"https:\/\/420now.co\/fr-ca\/wp-json\/wp\/v2\/product_cat?post=18520"},{"taxonomy":"product_tag","embeddable":true,"href":"https:\/\/420now.co\/fr-ca\/wp-json\/wp\/v2\/product_tag?post=18520"}],"curies":[{"name":"wp","href":"https:\/\/api.w.org\/{rel}","templated":true}]}}