{"id":18530,"date":"2021-12-28T18:01:39","date_gmt":"2021-12-28T23:01:39","guid":{"rendered":"https:\/\/420now.co\/product\/purple-punch-aaaa\/"},"modified":"2026-03-12T16:33:46","modified_gmt":"2026-03-12T20:33:46","slug":"purple-punch-aaaa","status":"publish","type":"product","link":"https:\/\/420now.co\/fr-ca\/product\/purple-punch-aaaa\/","title":{"rendered":"Purple Punch AAAA"},"content":{"rendered":"<p>Purple Punch La vari\u00e9t\u00e9 de cannabis tire son nom en partie de son ar\u00f4me qui fait allusion aux bleuets et au raisin, ainsi que d\u2019un profil de saveur qui comprend une touche de vanille et de bleuet avec un peu de raisin aigre.<\/p>\n<p>Mais il peut aussi frapper fort comme un coup de poing qui ne vous assomme pas tout \u00e0 fait, mais vous allez le ressentir &#8211; un coup de t\u00eate euphorisant que vous appr\u00e9cierez d\u2019euphorie et un high corporel tr\u00e8s relaxant.<\/p>\n<h2>Description de Strain Purple Punch<\/h2>\n<p>Souvent d\u00e9crit comme \u00ab DE-Licious! \u00bb Purple Punch plaira \u00e0 coup s\u00fbr \u00e0 plusieurs d\u2019entre vous, avec ses environ 20% de THC qui frappent assez fort et rapidement. On pr\u00e9tend que cette vari\u00e9t\u00e9 fruit\u00e9e et percutante a \u00e9t\u00e9 cr\u00e9\u00e9e pour la premi\u00e8re fois \u00e0 Hawa\u00ef \u00e0 partir d\u2019un croisement entre Granddaddy Purple et Larry OG. Bien qu\u2019il s\u2019agisse d\u2019un hybride, il s\u2019agit d\u2019environ 80% Indica.   <\/p>\n<p>Le go\u00fbt bien connu de cette vari\u00e9t\u00e9 est d\u00fb \u00e0 son profil dominant de terp\u00e8nes &#8211; le caryophyll\u00e8ne donne un soup\u00e7on de poivre, le limon\u00e8ne offre des agrumes et le pin\u00e8ne donne des go\u00fbts de pin. Combin\u00e9s, nous avons des bleuets et du Grape Freshie, gaz\u00e9ifi\u00e9s. Le pin\u00e8ne est \u00e9galement puissant \u00e0 d\u2019autres \u00e9gards, et c\u2019est peut-\u00eatre ce qui conf\u00e8re \u00e0 cette souche certains de ses bienfaits m\u00e9dicaux de soulagement de la douleur, d\u2019anti-inflammatoire et de suppression de l\u2019anxi\u00e9t\u00e9.  <\/p>\n<h2>Effets de Strain Purple Punch<\/h2>\n<p>Bien qu\u2019il frappe rapidement, il rampe aussi apr\u00e8s ce premier coup de t\u00eate, de plus en plus haut, et peut \u00e9ventuellement devenir presque s\u00e9datif. Si vous ne voulez pas dormir, peut-\u00eatre que vous vous limiterez \u00e0 vous \u00e9loigner et \u00e0 vous demander si le temps passe, recule ou s\u2019arr\u00eate. <\/p>\n<p>Un high Purple Punch peut \u00eatre intense &#8211; les d\u00e9butants doivent en \u00eatre conscients. Mais les d\u00e9butants et les v\u00e9t\u00e9rans conviendront qu\u2019il est pr\u00e9f\u00e9rable de consid\u00e9rer cette vari\u00e9t\u00e9 comme une vari\u00e9t\u00e9 de soir ou de nuit &#8211; et non une vari\u00e9t\u00e9 que vous voulez utiliser lorsque vous voulez vous concentrer pendant la journ\u00e9e ou faire un travail cr\u00e9atif. Oubliez la lessive et la vaisselle.  <\/p>\n<p>Il peut vous frapper assez rapidement, juste entre les yeux, et continue de glisser. Le creep est un bon creep qui vous emm\u00e8ne plus haut. \u00ab H\u00e9, c\u2019est toi l\u00e0-haut, dans les nuages? \u00bb  <\/p>\n<p>\u00ab H\u00e9, tu m\u2019as entendu? Dormez-vous ou simplement&#8230; espac\u00e9?<\/p>\n<p>Un consensus commun sur cette excellente vari\u00e9t\u00e9 est qu\u2019elle est \u00e0 peu pr\u00e8s \u00e9gale au niveau c\u00e9r\u00e9bral et corporel &#8211; tr\u00e8s \u00e9quilibr\u00e9e, et lorsque votre corps se sent totalement d\u00e9tendu, votre t\u00eate le sera aussi.<\/p>\n<p>Mais pendant que vous traversez tout ce bourdonnement enivrant et corporel, vous vous sentirez&#8230; eh bien&#8230; heureux! Et vous serez heureux! En fait, \u00ab bonheur \u00bb est l\u2019une des descriptions les plus souvent utilis\u00e9es des effets de Purple Punch.  <\/p>\n<h2>Avantages m\u00e9dicaux de la Strain Purple Punch<\/h2>\n<p>Avons-nous dit \u00ab heureux \u00bb? Nous l\u2019avons fait. Mais avec ce bonheur, il y a beaucoup de soulagement et d\u2019euphorie dans l\u2019esprit et dans le corps, un sentiment \u00e9gal de plaisir d\u00e9tendu et d\u2019\u00e9l\u00e9vation.  <\/p>\n<p>Il existe une longue liste de conditions pour lesquelles l\u2019herbe Purple Punch est connue pour \u00eatre utile, notamment :<\/p>\n<ul>\n<li>Insomnie<\/li>\n<li>Anxi\u00e9t\u00e9<\/li>\n<li>D\u00e9pression<\/li>\n<li>Stress<\/li>\n<li>Naus\u00e9es<\/li>\n<li>Inflammation<\/li>\n<li>Douleurs chroniques et neuropathiques<\/li>\n<li>Scl\u00e9rose en plaques<\/li>\n<li>Trouble bipolaire<\/li>\n<li>Trouble d\u2019Alzheimer<\/li>\n<li>TSPT<\/li>\n<li>Perte d\u2019app\u00e9tit<\/li>\n<\/ul>\n<p>Certains d\u2019entre vous ne comprendront peut-\u00eatre pas cela, mais ceux qui l\u2019ont v\u00e9cu le feront&#8230; Si vous avez d\u00e9j\u00e0 \u00e9t\u00e9 si \u00e9puis\u00e9 que vous n\u2019arrivez pas \u00e0 dormir, vous saurez \u00e0 quel point c\u2019est frustrant. Purple Punch vous aidera probablement dans ces situations. <\/p>\n<p><em>REMARQUE : Les informations sur ce site sont fournies \u00e0 des fins \u00e9ducatives seulement et ne remplacent pas un avis m\u00e9dical professionnel. Consultez un professionnel de la sant\u00e9 avant utilisation.  Pour les adultes \u00e2g\u00e9s de 19 ans ou plus seulement.<\/em><\/p>\n<h2>Purple Punch Livraison de mauvaises herbes dans la r\u00e9gion du Grand Toronto<\/h2>\n<p>Livraison gratuite en 2 heures : Livraison en deux heures avec de l\u2019herbe Purple Punch \u00e0 Toronto (Scarborough, North York, Etobicoke, DownTown, York \u2013 toutes les r\u00e9gions \u00e0 l\u2019int\u00e9rieur des fronti\u00e8res de la ville de Toronto), Richmond Hill, King, Aurora, Newmarket, Woodbridge, Vaughan et Markham.<\/p>\n<p>Pour les r\u00e9gions p\u00e9riph\u00e9riques telles que Brampton, Caledon, Mississauga, Pickering, Ajax, Whitby, Oshawa, Clarington, Scugog, Uxbridge, East Gwillimbury, Georgina et Brock, nous visons deux heures, mais veuillez vous attendre \u00e0 la possibilit\u00e9 de 3 heures pour la livraison. Si votre adresse se trouve dans ces r\u00e9gions p\u00e9riph\u00e9riques, vous pouvez nous contacter pour conna\u00eetre les d\u00e9lais de livraison pr\u00e9vus ce jour-l\u00e0. <\/p>\n<p>\u00c9galement disponible pour exp\u00e9dition partout au Canada.<\/p>\n<p>Une commande minimale de 100,00 sur l\u2019un de nos produits est requise.<\/p>\n","protected":false},"excerpt":{"rendered":"<p>Purple Punch La vari\u00e9t\u00e9 de cannabis tire son nom en partie de son ar\u00f4me qui fait allusion aux bleuets et au raisin, ainsi que d\u2019un profil de saveur qui comprend une touche de vanille et de bleuet avec un peu de raisin aigre.<\/p>\n<p>Mais il peut aussi frapper fort comme un coup de poing qui ne vous assomme pas tout \u00e0 fait, mais vous allez le ressentir &#8211; un coup de t\u00eate euphorisant que vous appr\u00e9cierez d\u2019euphorie et un high corporel tr\u00e8s relaxant.<\/p>\n<p>Un hybride compos\u00e9 \u00e0 environ 80% Indica. Plus d\u2019informations dans la description compl\u00e8te ci-dessous. <\/p>\n","protected":false},"featured_media":17052,"comment_status":"closed","ping_status":"closed","template":"","meta":{"_acf_changed":false},"product_brand":[],"product_cat":[250],"product_tag":[],"class_list":{"0":"post-18530","1":"product","2":"type-product","3":"status-publish","4":"has-post-thumbnail","6":"product_cat-pot-indica","7":"pa_weight-1-oz-fr-ca","8":"pa_weight-1-2-oz-fr-ca","9":"pa_weight-1-4-oz-fr-ca-2","11":"first","12":"instock","13":"shipping-taxable","14":"purchasable","15":"product-type-variable"},"acf":[],"_links":{"self":[{"href":"https:\/\/420now.co\/fr-ca\/wp-json\/wp\/v2\/product\/18530","targetHints":{"allow":["GET"]}}],"collection":[{"href":"https:\/\/420now.co\/fr-ca\/wp-json\/wp\/v2\/product"}],"about":[{"href":"https:\/\/420now.co\/fr-ca\/wp-json\/wp\/v2\/types\/product"}],"replies":[{"embeddable":true,"href":"https:\/\/420now.co\/fr-ca\/wp-json\/wp\/v2\/comments?post=18530"}],"wp:featuredmedia":[{"embeddable":true,"href":"https:\/\/420now.co\/fr-ca\/wp-json\/wp\/v2\/media\/17052"}],"wp:attachment":[{"href":"https:\/\/420now.co\/fr-ca\/wp-json\/wp\/v2\/media?parent=18530"}],"wp:term":[{"taxonomy":"product_brand","embeddable":true,"href":"https:\/\/420now.co\/fr-ca\/wp-json\/wp\/v2\/product_brand?post=18530"},{"taxonomy":"product_cat","embeddable":true,"href":"https:\/\/420now.co\/fr-ca\/wp-json\/wp\/v2\/product_cat?post=18530"},{"taxonomy":"product_tag","embeddable":true,"href":"https:\/\/420now.co\/fr-ca\/wp-json\/wp\/v2\/product_tag?post=18530"}],"curies":[{"name":"wp","href":"https:\/\/api.w.org\/{rel}","templated":true}]}}