{"id":18531,"date":"2021-11-23T11:41:44","date_gmt":"2021-11-23T16:41:44","guid":{"rendered":"https:\/\/420now.co\/product\/wizard-punch-aaaa\/"},"modified":"2026-03-12T17:01:41","modified_gmt":"2026-03-12T21:01:41","slug":"wizard-punch-aaaa","status":"publish","type":"product","link":"https:\/\/420now.co\/fr-ca\/product\/wizard-punch-aaaa\/","title":{"rendered":"Wizard Punch AAAA"},"content":{"rendered":"<p><strong>Hybride l\u00e9g\u00e8rement indica tr\u00e8s<\/strong> puissant avec des niveaux \u00e9lev\u00e9s de THC (jusqu\u2019\u00e0 32%) &#8211; et comme son nom l\u2019indique, peut donner un gros coup de poing. D\u00e9conseill\u00e9 aux d\u00e9butants, mais aux amateurs de cannabis v\u00e9t\u00e9rans et aux utilisateurs m\u00e9dicaux qui veulent\/ont besoin d\u2019exp\u00e9rimenter une puissance tr\u00e8s forte d\u00e8s la premi\u00e8re inhalation. Extr\u00eamement enivrant, mais laissera \u00e9galement votre corps rempli de relaxation, tandis que vous ressentez une euphorie vertigineuse et que vous voudrez peut-\u00eatre rire, parler, rire et simplement exprimer tout ce bonheur autour.  <\/p>\n<p>Ce sorcier vous mettra presque litt\u00e9ralement de bonne humeur!<\/p>\n<h2>Wizard Punch Description des mauvaises herbes<\/h2>\n<p>\u00ab Fruit sucr\u00e9 et cr\u00e9meux \u00bb, c\u2019est ainsi que le go\u00fbt de Wizard Punch est souvent d\u00e9crit, avec le raisin et les baies. Certains d\u00e9crivent \u00e9galement le go\u00fbt comme \u00e9tant dans la lign\u00e9e du miel avec une touche de pin &#8211; vos propres papilles gustatives peuvent offrir quelque chose d\u2019autre qui attire votre attention. Cela va de pair avec l\u2019apparence du vert aux nuances de violet ainsi que des poils orange dans la description de la couleur physique.  <\/p>\n<p>Elle est g\u00e9n\u00e9ralement assez \u00e9lev\u00e9e en THC &#8211; les niveaux peuvent atteindre 32%, donc cette vari\u00e9t\u00e9 Wizard Punch n\u2019est pas pour les \u00e2mes sensibles. Cela peut frapper fort &#8211; et peut vous endormir ou vous assommer mentalement si vous en faites trop. Ses principaux terp\u00e8nes, dont le b\u00eata-caryophyll\u00e8ne, le limon\u00e8ne, le linalol, donnent le go\u00fbt fruit\u00e9, de baies et de raisin.  <\/p>\n<h3>Caryophyll\u00e8ne alias B\u00eata-caryophyll\u00e8ne (\u03b2-caryophyll\u00e8ne)<\/h3>\n<p>Ce terp\u00e8ne est bien connu et assez courant non seulement dans le cannabis, mais aussi dans les clous de girofle, le romarin, le poivre noir et le houblon. C\u2019est en fait le principal tricomate du poivre noir, qui est responsable de l\u2019odeur que vous sentez quand vous broyez des grains de poivre noir.  <\/p>\n<p>Avec des propri\u00e9t\u00e9s anti-inflammatoires, le caryophyll\u00e8ne de cette souche peut aider \u00e0 soulager la douleur chronique et d\u2019autres conditions m\u00e9dicales qui sont enracin\u00e9es dans une inflammation \u00e9lev\u00e9e (voir <em><a href=\"https:\/\/www.pnas.org\/doi\/10.1073\/pnas.0803601105\" target=\"_blank\" rel=\"noopener\">Le b\u00eata-caryophyll\u00e8ne est un cannabino\u00efde alimentaire<\/a>,<\/em> J\u00fcrg Gertsch, Marco Leonti, Stefan Raduner et Andreas Zimmer. PNAS). <\/p>\n<h3>Limon\u00e8ne<\/h3>\n<p>Si vous prononcez ce mot \u00e0 haute voix, vous reconna\u00eetrez sa relation avec les citrons et les citrons verts et, en effet, le limon\u00e8ne est un terp\u00e8ne que l\u2019on trouve couramment dans les \u00e9corces d\u2019agrumes. Il a \u00e9t\u00e9 d\u00e9montr\u00e9 que ce terp\u00e8ne a des propri\u00e9t\u00e9s anti-inflammatoires et a \u00e9t\u00e9 \u00e9tudi\u00e9 en relation avec les sympt\u00f4mes de l\u2019arthrose. Il a \u00e9galement \u00e9t\u00e9 d\u00e9montr\u00e9 qu\u2019il a des propri\u00e9t\u00e9s antioxydantes et peut \u00eatre utile pour les personnes souffrant de divers cancers, mais d\u2019autres \u00e9tudes doivent \u00eatre men\u00e9es avant de pouvoir faire des all\u00e9gations.  <\/p>\n<h3>Linalol<\/h3>\n<p>Pr\u00e9sent dans la menthe, la cannelle, le bois de rose, le laurier, le basilic et certains fruits, le linalol est souvent utilis\u00e9 comme parfum dans les d\u00e9tergents de nettoyage, y compris ceux dans lesquels vous pouvez laver vos v\u00eatements. R\u00e9cemment, le linalol peut aider et peut-\u00eatre pr\u00e9venir la maladie d\u2019Alzheimer, entre autres. Il a d\u00e9montr\u00e9 ses propri\u00e9t\u00e9s antioxydantes, anti-inflammatoires et anti\u00e9pileptiques. Elle peut \u00e9galement aider \u00e0 soulager les sentiments de relaxation et de d\u00e9stressement.   <\/p>\n<h2>Effets de Wizard Punch<\/h2>\n<p>Comme d\u00e9j\u00e0 mentionn\u00e9, les niveaux \u00e9lev\u00e9s de THC de cette vari\u00e9t\u00e9 auront un effet rapide et lourd sur vous. Vous voulez cela lorsque vous \u00eates pr\u00eat et que vous voulez simplement vous d\u00e9tendre, vous sentir bien, rire et sourire. Lors de votre premi\u00e8re inspiration et expiration, vous pourriez imm\u00e9diatement le sentir dans votre t\u00eate &#8211; un enveloppement r\u00e9confortant qui peut vous laisser un peu d\u00e9connect\u00e9, mais en m\u00eame temps, rempli de vertige et de bonheur.  <\/p>\n<h2>Wizard Punch Utilisations m\u00e9dicales<\/h2>\n<p>Gardez \u00e0 l\u2019esprit que cette vari\u00e9t\u00e9 peut \u00eatre percutante &#8211; si vous \u00eates un utilisateur m\u00e9dical inexp\u00e9riment\u00e9 et que vous d\u00e9butez, vous voudrez certainement vous d\u00e9tendre avec Wizard Punch. Mais on l\u2019utilise souvent pour traiter les sympt\u00f4mes suivants : <\/p>\n<ul>\n<li>stress chronique<\/li>\n<li>glaucome ou pression oculaire<\/li>\n<li>fatigue chronique<\/li>\n<li>la d\u00e9pression;<\/li>\n<li>douleur chronique<\/li>\n<\/ul>\n<p><em>REMARQUE : Les informations sur ce site sont fournies \u00e0 des fins \u00e9ducatives seulement et ne remplacent pas un avis m\u00e9dical professionnel. Consultez un professionnel de la sant\u00e9 avant utilisation.  Pour les adultes \u00e2g\u00e9s de 19 ans ou plus seulement.<\/em><\/p>\n<h2>Wizard Punch Livraison de mauvaises herbes dans la r\u00e9gion du Grand Toronto<\/h2>\n<p>Livraison gratuite en 2 heures : Livraison en deux heures avec de l\u2019herbe Wizard Punch \u00e0 Toronto (Scarborough, North York, Etobicoke, DownTown, York \u2013 toutes les r\u00e9gions \u00e0 l\u2019int\u00e9rieur des fronti\u00e8res de la ville de Toronto), Richmond Hill, King, Aurora, Newmarket, Woodbridge, Vaughan et Markham.<\/p>\n<p>\u00c9galement disponible pour exp\u00e9dition partout au Canada.<\/p>\n<p>Une commande minimale de 100,00 sur l\u2019un de nos produits est requise.<\/p>\n","protected":false},"excerpt":{"rendered":"<p><strong>Hybride l\u00e9g\u00e8rement indica tr\u00e8s<\/strong> puissant avec des niveaux \u00e9lev\u00e9s de THC (jusqu\u2019\u00e0 32%) &#8211; et comme son nom l\u2019indique, peut donner un gros coup de poing. D\u00e9conseill\u00e9 aux d\u00e9butants, mais aux amateurs de cannabis v\u00e9t\u00e9rans et aux utilisateurs m\u00e9dicaux qui veulent\/ont besoin d\u2019exp\u00e9rimenter une puissance tr\u00e8s forte d\u00e8s la premi\u00e8re inhalation. Extr\u00eamement enivrant, mais laissera \u00e9galement votre corps rempli de relaxation, tandis que vous ressentez une euphorie vertigineuse et que vous voudrez peut-\u00eatre rire, parler, rire et simplement exprimer tout ce bonheur autour.  <\/p>\n<p>Ce sorcier vous mettra presque litt\u00e9ralement de bonne humeur!<\/p>\n<p>Indica Hybride dominant.<\/p>\n","protected":false},"featured_media":17044,"comment_status":"open","ping_status":"closed","template":"","meta":{"_acf_changed":false},"product_brand":[],"product_cat":[249],"product_tag":[],"class_list":{"0":"post-18531","1":"product","2":"type-product","3":"status-publish","4":"has-post-thumbnail","6":"product_cat-hybride-pot","7":"pa_weight-1-oz-fr-ca","8":"pa_weight-1-2-oz-fr-ca","9":"pa_weight-1-4-oz-fr-ca-2","11":"first","12":"instock","13":"shipping-taxable","14":"purchasable","15":"product-type-variable"},"acf":[],"_links":{"self":[{"href":"https:\/\/420now.co\/fr-ca\/wp-json\/wp\/v2\/product\/18531","targetHints":{"allow":["GET"]}}],"collection":[{"href":"https:\/\/420now.co\/fr-ca\/wp-json\/wp\/v2\/product"}],"about":[{"href":"https:\/\/420now.co\/fr-ca\/wp-json\/wp\/v2\/types\/product"}],"replies":[{"embeddable":true,"href":"https:\/\/420now.co\/fr-ca\/wp-json\/wp\/v2\/comments?post=18531"}],"wp:featuredmedia":[{"embeddable":true,"href":"https:\/\/420now.co\/fr-ca\/wp-json\/wp\/v2\/media\/17044"}],"wp:attachment":[{"href":"https:\/\/420now.co\/fr-ca\/wp-json\/wp\/v2\/media?parent=18531"}],"wp:term":[{"taxonomy":"product_brand","embeddable":true,"href":"https:\/\/420now.co\/fr-ca\/wp-json\/wp\/v2\/product_brand?post=18531"},{"taxonomy":"product_cat","embeddable":true,"href":"https:\/\/420now.co\/fr-ca\/wp-json\/wp\/v2\/product_cat?post=18531"},{"taxonomy":"product_tag","embeddable":true,"href":"https:\/\/420now.co\/fr-ca\/wp-json\/wp\/v2\/product_tag?post=18531"}],"curies":[{"name":"wp","href":"https:\/\/api.w.org\/{rel}","templated":true}]}}