{"id":18537,"date":"2022-01-06T15:10:33","date_gmt":"2022-01-06T20:10:33","guid":{"rendered":"https:\/\/420now.co\/product\/faded-edibles-thc-gummy-240-mg-fruit-pack\/"},"modified":"2025-04-11T09:45:55","modified_gmt":"2025-04-11T13:45:55","slug":"faded-edibles-thc-gummy-240-mg-fruit-pack","status":"publish","type":"product","link":"https:\/\/420now.co\/fr-ca\/product\/faded-edibles-thc-gummy-240-mg-fruit-pack\/","title":{"rendered":"Faded Edibles THC Gummy 240 mg Fruit Pack"},"content":{"rendered":"<p>Ces gommes de 240 mg de THC sont livr\u00e9es avec 8 pi\u00e8ces qui contiennent 30 mg de THC par pi\u00e8ce. Les paquets de fruits vous permettent d\u2019avoir un peu de tout \u00e0 partir de toute une s\u00e9lection de gommes. Soulagez-vous de vos soucis et de vos douleurs en en consommant quelques-uns. <\/p>\n<p>L\u2019emballage de fruits comprend 2 morceaux de Strawberry Dazes, 2 morceaux de Grape Crushes, 2 morceaux de Peach Drops et 2 morceaux de melons d\u2019eau sauvages.<\/p>\n<p>Vous adorerez le go\u00fbt pendant que vous prenez votre m\u00e9dicament contre le THC.<\/p>\n<h2>Ingr\u00e9dients de l\u2019emballage de fruits<\/h2>\n<p>Sucre, extrait de cannabis THC, sirop de glucose, amidon de ma\u00efs, acide citrique, ar\u00f4mes naturels et artificiels, colorant.<\/p>\n<h2>Livraison gratuite de produits comestibles au cannabis d\u00e9lav\u00e9 dans la r\u00e9gion du Grand Toronto (RGT)<\/h2>\n<p>Si vous \u00eates dans la r\u00e9gion du Grand Toronto (RGT), vous pouvez vous procurer des produits comestibles au cannabis d\u00e9lav\u00e9 en 2 heures* \u00e0 votre porte! Commandez avant 20 h et l\u2019un de nos chauffeurs vous livrera le jour m\u00eame, 2 heures gratuitement, lorsque vous commandez un minimum de 100,00 $ de l\u2019un des produits sur notre site Web.<\/p>\n<p>*Livraison en deux heures \u00e0 Toronto (Scarborough, North York, Etobicoke, DownTown, York \u2013 toutes les r\u00e9gions \u00e0 l\u2019int\u00e9rieur des fronti\u00e8res de la ville de Toronto), Richmond Hill, King, Aurora, Newmarket, Woodbridge, Vaughan et Markham.<\/p>\n<p>Pour les r\u00e9gions p\u00e9riph\u00e9riques telles que Brampton, Caledon, Mississauga, Pickering, Ajax, Whitby, Oshawa, Clarington, Scugog, Uxbridge, East Gwillimbury, Georgina et Brock, nous visons deux heures, mais veuillez vous attendre \u00e0 la possibilit\u00e9 de 3 heures pour la livraison. Si votre adresse se trouve dans ces r\u00e9gions p\u00e9riph\u00e9riques, vous pouvez nous contacter pour conna\u00eetre les d\u00e9lais de livraison pr\u00e9vus ce jour-l\u00e0. <\/p>\n","protected":false},"excerpt":{"rendered":"<p>Ces gommes de 240 mg de THC sont livr\u00e9es avec 8 pi\u00e8ces qui contiennent 30 mg de THC par pi\u00e8ce. Les paquets de fruits et les paquets vari\u00e9s vous permettent d\u2019avoir un peu de tout \u00e0 partir d\u2019une s\u00e9lection compl\u00e8te de gommes. Soulagez-vous de vos soucis et de vos douleurs en en consommant quelques-uns.<\/p>\n<p>L\u2019emballage de fruits comprend 2 morceaux de Strawberry Dazes, 2 morceaux de Grape Crushes, 2 morceaux de Peach Drops et 2 morceaux de melons d\u2019eau sauvages.<\/p>\n<p>Vous adorerez le go\u00fbt pendant que vous prenez votre m\u00e9dicament contre le THC.<\/p>\n<p>Sans gluten et produit pour les v\u00e9g\u00e9taliens. Liste des ingr\u00e9dients ci-dessous. <\/p>\n","protected":false},"featured_media":17056,"comment_status":"closed","ping_status":"closed","template":"","meta":{"_acf_changed":false},"product_brand":[],"product_cat":[225,219,231],"product_tag":[298],"class_list":{"0":"post-18537","1":"product","2":"type-product","3":"status-publish","4":"has-post-thumbnail","6":"product_cat-bonbons","7":"product_cat-comestibles","8":"product_cat-gummies-fr-ca","9":"product_tag-faded-gummy-fr-ca","11":"first","12":"instock","13":"shipping-taxable","14":"purchasable","15":"product-type-simple"},"acf":[],"_links":{"self":[{"href":"https:\/\/420now.co\/fr-ca\/wp-json\/wp\/v2\/product\/18537","targetHints":{"allow":["GET"]}}],"collection":[{"href":"https:\/\/420now.co\/fr-ca\/wp-json\/wp\/v2\/product"}],"about":[{"href":"https:\/\/420now.co\/fr-ca\/wp-json\/wp\/v2\/types\/product"}],"replies":[{"embeddable":true,"href":"https:\/\/420now.co\/fr-ca\/wp-json\/wp\/v2\/comments?post=18537"}],"wp:featuredmedia":[{"embeddable":true,"href":"https:\/\/420now.co\/fr-ca\/wp-json\/wp\/v2\/media\/17056"}],"wp:attachment":[{"href":"https:\/\/420now.co\/fr-ca\/wp-json\/wp\/v2\/media?parent=18537"}],"wp:term":[{"taxonomy":"product_brand","embeddable":true,"href":"https:\/\/420now.co\/fr-ca\/wp-json\/wp\/v2\/product_brand?post=18537"},{"taxonomy":"product_cat","embeddable":true,"href":"https:\/\/420now.co\/fr-ca\/wp-json\/wp\/v2\/product_cat?post=18537"},{"taxonomy":"product_tag","embeddable":true,"href":"https:\/\/420now.co\/fr-ca\/wp-json\/wp\/v2\/product_tag?post=18537"}],"curies":[{"name":"wp","href":"https:\/\/api.w.org\/{rel}","templated":true}]}}