{"id":18538,"date":"2021-12-28T18:01:18","date_gmt":"2021-12-28T23:01:18","guid":{"rendered":"https:\/\/420now.co\/product\/gelato-punch-aaaa\/"},"modified":"2026-03-15T19:49:27","modified_gmt":"2026-03-15T23:49:27","slug":"gelato-punch-aaaa","status":"publish","type":"product","link":"https:\/\/420now.co\/fr-ca\/product\/gelato-punch-aaaa\/","title":{"rendered":"Gelato Punch AAAA"},"content":{"rendered":"<p>\u00c0 haute teneur en THC, cette vari\u00e9t\u00e9 \u00e0 dominante Indica est bien connue pour plus que sa d\u00e9licieuse saveur &#8211; les fans adorent l\u2019euphorie ainsi que les saveurs cr\u00e9meuses et sucr\u00e9es de la terre.<\/p>\n<p>Les utilisateurs m\u00e9dicaux choisissent souvent Gelato Punch pour traiter des conditions telles que le TDA, l\u2019anxi\u00e9t\u00e9, la douleur et l\u2019inflammation, l\u2019insomnie et la fonte du stress.<\/p>\n<h2>Gelato Punch Description des mauvaises herbes<\/h2>\n<p>Croisement entre Purple Punch x Gelato #33, Gelato Punch offre un gros punch avec du THC dans des gammes de 20 \u00e0 26%. De nombreux fans de Gelato Punch d\u00e9crivent le go\u00fbt comme un sorbet en bouche avec des notes de cr\u00e8me, de terre, avec une touche de bleuet et d\u2019orange souvent d\u00e9tect\u00e9e. Le go\u00fbt sucr\u00e9 est accompagn\u00e9 d\u2019un ar\u00f4me tout aussi sucr\u00e9; parfois des notes de lavande sont identifi\u00e9es.    <\/p>\n<h2>Gelato Punch Effets des mauvaises herbes<\/h2>\n<p>Vous pourriez penser qu\u2019une vari\u00e9t\u00e9 \u00e0 dominante Indica \u00e0 20+% de THC pourrait vous laisser clou\u00e9 sur le canap\u00e9, mais cette vari\u00e9t\u00e9 peut donner un gros coup de poing avec un high euphorique, un sourire permanent et une relaxation corporelle. Le high peut \u00eatre de longue dur\u00e9e, et pendant la majeure partie du buzz, vous pouvez vous sentir assez sociable avec un peu de vertige accompagnant les sourires, se transformant en rires lorsque vous ressentez les effets c\u00e9r\u00e9braux. <\/p>\n<p>Au fur et \u00e0 mesure qu\u2019elle s\u2019estompe, vous vous sentirez probablement tr\u00e8s d\u00e9tendu &#8211; et pr\u00eat pour un bon sommeil &#8211; c\u2019est pourquoi cette vari\u00e9t\u00e9 est souvent utilis\u00e9e en soir\u00e9e avec l\u2019id\u00e9e que plus tard, un bon sommeil suivra.<\/p>\n<p>Le profil terp\u00e9nique de Gelato Punch comprend du limon\u00e8ne, du caryophyll\u00e8ne et du myrc\u00e8ne dominants, avec un soup\u00e7on de pin\u00e8ne que vous d\u00e9tecterez lorsque vous expirez.<\/p>\n<h3>Limon\u00e8ne<\/h3>\n<p>Lorsque vos papilles gustatives d\u00e9tectent le go\u00fbt du citron lorsque vous fumez Gelato Punch, c\u2019est d\u00fb aux grandes quantit\u00e9s de limon\u00e8ne pr\u00e9sentes. Il peut \u00e9galement fournir une saveur rappelant n\u2019importe quel agrume, y compris l\u2019orange, mais dans le cas de Gelato Punch, combin\u00e9 avec les autres terp\u00e8nes, vous obtenez g\u00e9n\u00e9ralement ce sorbet citronn\u00e9 notable avec une touche d\u2019orange. <\/p>\n<p>Pour les bienfaits m\u00e9dicaux, le limon\u00e8ne est \u00e9galement connu pour sa capacit\u00e9 \u00e0 \u00eatre un compos\u00e9 anxiolytique, tout en aidant \u00e0 am\u00e9liorer l\u2019humeur qui a besoin d\u2019un peu de lifting. Ce terp\u00e8ne est \u00e9galement \u00e0 l\u2019\u00e9tude pour d\u00e9terminer ses propri\u00e9t\u00e9s anticanc\u00e9reuses possibles (voir <a href=\"https:\/\/pubmed.ncbi.nlm.nih.gov\/9654110\/\" target=\"_blank\" rel=\"noopener\">\u00c9tude de phase I et pharmacocin\u00e9tique du D-limon\u00e8ne chez les patients atteints d\u2019un cancer avanc\u00e9<\/a>). <\/p>\n<h3>Caryophyll\u00e8ne<\/h3>\n<p>Un autre terp\u00e8ne couramment pr\u00e9sent dans les diff\u00e9rentes vari\u00e9t\u00e9s de cannabis, le caryophyll\u00e8ne se trouve \u00e9galement dans le poivre noir, le basilic et la cannelle. Il donne un peu de piquant au go\u00fbt et est connu pour \u00eatre anti-inflammatoire.   <\/p>\n<h3>Myrc\u00e8ne<\/h3>\n<p>De tous les terp\u00e8nes du cannabis, le myrc\u00e8ne est le plus abondant en g\u00e9n\u00e9ral. Bien que certains terp\u00e8nes se trouvent dans certaines vari\u00e9t\u00e9s, et pas dans d\u2019autres, vous constaterez que le myrc\u00e8ne est presque omnipr\u00e9sent dans le cannabis. Souvent, c\u2019est le terp\u00e8ne dominant \u00e0 des niveaux \u00e9lev\u00e9s, les autres terp\u00e8nes mesurant une grande distance en pourcentage. Ce terp\u00e8ne se trouve \u00e9galement dans le thym, la citronnelle et la mangue, et il a fait l\u2019objet de nombreuses recherches. Nous savons qu\u2019il favorise des effets calmants dans l\u2019esprit et le corps, et peut aider \u00e0 \u00e9loigner les pens\u00e9es n\u00e9gatives.    <\/p>\n<h3>Pin\u00e8ne alias Alpha-Pin\u00e8ne (\u03b1-Pin\u00e8ne)<\/h3>\n<p>Comme vous pouvez vous y attendre d\u2019apr\u00e8s son nom, ce terp\u00e8ne se trouve fortement dans les aiguilles de pin, et vous pouvez tr\u00e8s bien d\u00e9tecter une forte odeur de pin de votre Strawberry Cough avec l\u2019ar\u00f4me de fraise qui est une bouff\u00e9e de douceur apr\u00e8s. Le pin\u00e8ne se trouve \u00e9galement dans le basilic, le romarin, l\u2019aneth, la t\u00e9r\u00e9benthine, le persil et l\u2019aneth. En plus d\u2019\u00eatre un composant majeur de Strawberry Cough, ce terp\u00e8ne est \u00e9galement tr\u00e8s disponible dans l\u2019ancien mais \u00e9prouv\u00e9 th\u00e9 grec de montagne anti-inflammatoire et cicatrisant.  <\/p>\n<p>On pense que le pin\u00e8ne est un terp\u00e8ne anti-inflammatoire aux propri\u00e9t\u00e9s analg\u00e9siques et anxiolytiques. Il est int\u00e9ressant de noter que les vari\u00e9t\u00e9s riches en ce terp\u00e8ne sont moins associ\u00e9es \u00e0 l\u2019anxi\u00e9t\u00e9 et \u00e0 la parano\u00efa lors de la consommation, tandis que d\u2019autres vari\u00e9t\u00e9s ont un effet accru de provoquer des sentiments de parano\u00efa chez certains utilisateurs. <\/p>\n<p>Selon l\u2019article \u00e9valu\u00e9 par les pairs, <em><a href=\"https:\/\/www.ncbi.nlm.nih.gov\/pmc\/articles\/PMC6920849\/\" target=\"_blank\" rel=\"noopener\">Therapeutic Potential of \u03b1- and \u03b2-Pinene&nbsp;: A Miracle Gift of Nature<\/a><\/em> publi\u00e9 dans la revue scientifique Biomolecules, v.9(11); Novembre 2019 :<\/p>\n<blockquote><p>Le \u03b1-pin\u00e8ne est un terp\u00e9no\u00efde important ayant des propri\u00e9t\u00e9s anticanc\u00e9reuses contre les lign\u00e9es cellulaires de cancer de l\u2019ovaire humain, les lign\u00e9es cellulaires de carcinome h\u00e9patocellulaire du foie et les cellules de neuroblastome N2a.<\/p><\/blockquote>\n<h2>Gelato Punch Avantages pour les mauvaises herbes<\/h2>\n<p>Comme mentionn\u00e9, cette souche est souvent dans la r\u00e9serve des utilisateurs m\u00e9dicaux pour traiter une vari\u00e9t\u00e9 de conditions, notamment :<\/p>\n<ul>\n<li>AJOUTER<\/li>\n<li>Anxi\u00e9t\u00e9<\/li>\n<li>Douleur chronique<\/li>\n<li>Inflammation<\/li>\n<li>Insomnie<\/li>\n<li>Troubles de l\u2019app\u00e9tit<\/li>\n<li>Hypertension oculaire (hypertension oculaire)\n<\/ul>\n<p>Les personnes souffrant de migraine allument parfois du Gelato Punch pour soulager la douleur infernale et l\u2019inconfort de cette condition invalidante.<\/p>\n<p><strong>Perte de libido :<\/strong> Gelato Punch est \u00e9galement connu pour sa capacit\u00e9 \u00e0 augmenter les sentiments d\u2019intimit\u00e9 et d\u2019excitation chez les hommes et les femmes, et peut m\u00eame provoquer un sentiment d\u2019\u00e9rotisme chez certains.  <\/p>\n<p><em>REMARQUE : Les informations sur ce site sont fournies \u00e0 des fins \u00e9ducatives seulement et ne remplacent pas un avis m\u00e9dical professionnel. Consultez un professionnel de la sant\u00e9 avant utilisation.  Pour les adultes \u00e2g\u00e9s de 19 ans ou plus seulement.<\/em><\/p>\n<h2>Gelato Punch Livraison de mauvaises herbes dans la r\u00e9gion du Grand Toronto<\/h2>\n<p>Livraison gratuite en 2 heures : Livraison en deux heures avec de l\u2019herbe Gelato Punch \u00e0 Toronto (Scarborough, North York, Etobicoke, DownTown, York \u2013 toutes les r\u00e9gions \u00e0 l\u2019int\u00e9rieur des fronti\u00e8res de la ville de Toronto), Richmond Hill, King, Aurora, Newmarket, Woodbridge, Vaughan et Markham.<\/p>\n<p>Pour les r\u00e9gions p\u00e9riph\u00e9riques telles que Brampton, Caledon, Mississauga, Pickering, Ajax, Whitby, Oshawa, Clarington, Scugog, Uxbridge, East Gwillimbury, Georgina et Brock, nous visons deux heures, mais veuillez vous attendre \u00e0 la possibilit\u00e9 de 3 heures pour la livraison. Si votre adresse se trouve dans ces r\u00e9gions p\u00e9riph\u00e9riques, vous pouvez nous contacter pour conna\u00eetre les d\u00e9lais de livraison pr\u00e9vus ce jour-l\u00e0. <\/p>\n<p>\u00c9galement disponible pour exp\u00e9dition partout au Canada.<\/p>\n<p>Une commande minimale de 100,00 sur l\u2019un de nos produits est requise.<\/p>\n","protected":false},"excerpt":{"rendered":"<p>\u00c0 haute teneur en THC, cette vari\u00e9t\u00e9 \u00e0 dominante Indica est bien connue pour plus que sa d\u00e9licieuse saveur &#8211; les fans adorent l\u2019euphorie ainsi que les saveurs cr\u00e9meuses et sucr\u00e9es de la terre.<\/p>\n<p>Les utilisateurs m\u00e9dicaux choisissent souvent Gelato Punch pour traiter des conditions telles que le TDA, l\u2019anxi\u00e9t\u00e9, la douleur et l\u2019inflammation, l\u2019insomnie et la fonte du stress.<\/p>\n<p>Cette vari\u00e9t\u00e9 est \u00e9galement connue pour aider \u00e0 soulager les probl\u00e8mes de libido chez certaines personnes, provoquant de forts sentiments d\u2019intimit\u00e9 et d\u2019excitation avec votre partenaire. Cela peut augmenter les pens\u00e9es \u00e9rotiques euphoriques, si c\u2019est ce qui vous int\u00e9resse. <\/p>\n","protected":false},"featured_media":17051,"comment_status":"open","ping_status":"closed","template":"","meta":{"_acf_changed":false},"product_brand":[],"product_cat":[250],"product_tag":[],"class_list":{"0":"post-18538","1":"product","2":"type-product","3":"status-publish","4":"has-post-thumbnail","6":"product_cat-pot-indica","7":"pa_weight-1-oz-fr-ca","8":"pa_weight-1-2-oz-fr-ca","9":"pa_weight-1-4-oz-fr-ca-2","11":"first","12":"instock","13":"shipping-taxable","14":"purchasable","15":"product-type-variable"},"acf":[],"_links":{"self":[{"href":"https:\/\/420now.co\/fr-ca\/wp-json\/wp\/v2\/product\/18538","targetHints":{"allow":["GET"]}}],"collection":[{"href":"https:\/\/420now.co\/fr-ca\/wp-json\/wp\/v2\/product"}],"about":[{"href":"https:\/\/420now.co\/fr-ca\/wp-json\/wp\/v2\/types\/product"}],"replies":[{"embeddable":true,"href":"https:\/\/420now.co\/fr-ca\/wp-json\/wp\/v2\/comments?post=18538"}],"wp:featuredmedia":[{"embeddable":true,"href":"https:\/\/420now.co\/fr-ca\/wp-json\/wp\/v2\/media\/17051"}],"wp:attachment":[{"href":"https:\/\/420now.co\/fr-ca\/wp-json\/wp\/v2\/media?parent=18538"}],"wp:term":[{"taxonomy":"product_brand","embeddable":true,"href":"https:\/\/420now.co\/fr-ca\/wp-json\/wp\/v2\/product_brand?post=18538"},{"taxonomy":"product_cat","embeddable":true,"href":"https:\/\/420now.co\/fr-ca\/wp-json\/wp\/v2\/product_cat?post=18538"},{"taxonomy":"product_tag","embeddable":true,"href":"https:\/\/420now.co\/fr-ca\/wp-json\/wp\/v2\/product_tag?post=18538"}],"curies":[{"name":"wp","href":"https:\/\/api.w.org\/{rel}","templated":true}]}}