{"id":18548,"date":"2021-12-23T15:54:41","date_gmt":"2021-12-23T20:54:41","guid":{"rendered":"https:\/\/420now.co\/product\/hachis-croustillant-au-cafe\/"},"modified":"2026-02-09T12:19:11","modified_gmt":"2026-02-09T17:19:11","slug":"hachis-croustillant-au-cafe","status":"publish","type":"product","link":"https:\/\/420now.co\/fr-ca\/product\/hachis-croustillant-au-cafe\/","title":{"rendered":"Coffee Crisp Hash"},"content":{"rendered":"<p>Si vous aimez le go\u00fbt des barres de chocolat Coffee Crisp, vous serez probablement agr\u00e9ablement surpris par ce haschisch Coffee Crisp &#8211; tr\u00e8s puissant mais avec des ar\u00f4mes et des saveurs qui rappellent beaucoup les barres de chocolat Coffee Crisp classiques! Mais vous n\u2019\u00eates pas \u00e0 la recherche d\u2019un effet de sucre au chocolat &#8211; non, vous appr\u00e9cierez un puissant hachis brun \u00e0 haute teneur en THC.   <\/p>\n<p>Certains trouvent ce hash tr\u00e8s puissant : il vaut mieux commencer par un peu au d\u00e9but, car un peu peut faire une tr\u00e8s grande diff\u00e9rence. Les utilisateurs de hash Coffee Crisp devraient d\u2019abord observer les effets de petites quantit\u00e9s. Les personnes sans exp\u00e9rience devraient \u00eatre prudentes.  <\/p>\n<p>Il est appr\u00e9ci\u00e9 par les connaisseurs de hasch qui l\u2019appr\u00e9cient pour sa puissance, son go\u00fbt et son ar\u00f4me.<\/p>\n<p>Le haschisch est une forme concentr\u00e9e de cannabis, fabriqu\u00e9e \u00e0 partir de glandes de r\u00e9sine fra\u00eeches (trichomes) qui ont \u00e9t\u00e9 s\u00e9par\u00e9es de la mati\u00e8re v\u00e9g\u00e9tale d\u2019une fleur de marijuana. Les utilisateurs r\u00e9cr\u00e9atifs comme m\u00e9dicaux appr\u00e9cient le haschich pour sa puissance, sa capacit\u00e9 de frappe rapide, et ajoutent souvent de petites quantit\u00e9s de haschich \u00e0 la fleur de cannabis avant de rouler leurs joints. Elle est aussi utilis\u00e9e directement en fumant avec un bang ou une pipe, en vaporisant, et peut \u00eatre utilis\u00e9e dans des comestibles maison. <\/p>\n<h2>Livraison de Coffee Crisp Hash dans la r\u00e9gion du Grand Toronto (RGT)<\/h2>\n<p>Si vous \u00eates dans la r\u00e9gion du Grand Toronto (RGT), vous pouvez vous procurer du Coffee Crisp Hash en 2 heures* \u00e0 votre porte! Commandez avant 20h et l\u2019un de nos chauffeurs livrera le jour m\u00eame, dans les 2 heures gratuitement, lorsque vous commandez un minimum de 100,00 $ de l\u2019un des produits sur notre site Web. <\/p>\n<p>*Livraison en deux heures \u00e0 Toronto (Scarborough, North York, Etobicoke, DownTown, York \u2013 toutes les r\u00e9gions \u00e0 l\u2019int\u00e9rieur des fronti\u00e8res de la ville de Toronto), Richmond Hill, King, Aurora, Newmarket, Woodbridge, Vaughan et Markham.<\/p>\n","protected":false},"excerpt":{"rendered":"<p>Si vous aimez le go\u00fbt des barres de chocolat Coffee Crisp, vous serez probablement agr\u00e9ablement surpris par ce haschisch Coffee Crisp &#8211; tr\u00e8s puissant mais avec des ar\u00f4mes et des saveurs qui rappellent beaucoup les barres de chocolat Coffee Crisp classiques! Mais vous n\u2019\u00eates pas \u00e0 la recherche d\u2019un effet de sucre au chocolat &#8211; non, vous appr\u00e9cierez un puissant hachis brun \u00e0 haute teneur en THC.   <\/p>\n<p>Certains trouvent que ce hachage est tr\u00e8s puissant : vous voudrez commencer par un peu au d\u00e9but, car un peu peut aller tr\u00e8s loin. Il est appr\u00e9ci\u00e9 par les connaisseurs de haschisch qui l\u2019aiment pour sa puissance, son go\u00fbt et son ar\u00f4me. <\/p>\n<p>Le haschisch est une forme concentr\u00e9e de cannabis, fabriqu\u00e9e \u00e0 partir de glandes de r\u00e9sine fra\u00eeches (trichomes) qui ont \u00e9t\u00e9 s\u00e9par\u00e9es de la mati\u00e8re v\u00e9g\u00e9tale d\u2019une fleur de marijuana.<\/p>\n","protected":false},"featured_media":17048,"comment_status":"open","ping_status":"closed","template":"","meta":{"_acf_changed":false},"product_brand":[],"product_cat":[213],"product_tag":[],"class_list":{"0":"post-18548","1":"product","2":"type-product","3":"status-publish","4":"has-post-thumbnail","6":"product_cat-hash-fr-ca","7":"pa_weight-1-oz-fr-ca","8":"pa_weight-1-2-oz-fr-ca","9":"pa_weight-1-4-oz-fr-ca-2","10":"pa_weight-1-8-oz-fr-ca","11":"pa_weight-1gr-fr-ca","13":"first","14":"instock","15":"shipping-taxable","16":"purchasable","17":"product-type-variable"},"acf":[],"_links":{"self":[{"href":"https:\/\/420now.co\/fr-ca\/wp-json\/wp\/v2\/product\/18548","targetHints":{"allow":["GET"]}}],"collection":[{"href":"https:\/\/420now.co\/fr-ca\/wp-json\/wp\/v2\/product"}],"about":[{"href":"https:\/\/420now.co\/fr-ca\/wp-json\/wp\/v2\/types\/product"}],"replies":[{"embeddable":true,"href":"https:\/\/420now.co\/fr-ca\/wp-json\/wp\/v2\/comments?post=18548"}],"wp:featuredmedia":[{"embeddable":true,"href":"https:\/\/420now.co\/fr-ca\/wp-json\/wp\/v2\/media\/17048"}],"wp:attachment":[{"href":"https:\/\/420now.co\/fr-ca\/wp-json\/wp\/v2\/media?parent=18548"}],"wp:term":[{"taxonomy":"product_brand","embeddable":true,"href":"https:\/\/420now.co\/fr-ca\/wp-json\/wp\/v2\/product_brand?post=18548"},{"taxonomy":"product_cat","embeddable":true,"href":"https:\/\/420now.co\/fr-ca\/wp-json\/wp\/v2\/product_cat?post=18548"},{"taxonomy":"product_tag","embeddable":true,"href":"https:\/\/420now.co\/fr-ca\/wp-json\/wp\/v2\/product_tag?post=18548"}],"curies":[{"name":"wp","href":"https:\/\/api.w.org\/{rel}","templated":true}]}}