{"id":18549,"date":"2022-01-12T12:12:45","date_gmt":"2022-01-12T17:12:45","guid":{"rendered":"https:\/\/420now.co\/product\/c-r-e-a-m-cannabis-co-trousse-de-vapotage-htfse\/"},"modified":"2026-02-07T17:32:20","modified_gmt":"2026-02-07T22:32:20","slug":"c-r-e-a-m-cannabis-co-trousse-de-vapotage-htfse","status":"publish","type":"product","link":"https:\/\/420now.co\/fr-ca\/product\/c-r-e-a-m-cannabis-co-trousse-de-vapotage-htfse\/","title":{"rendered":"C.R.E.A.M Cannabis Co. \u2013 Trousse de vapotage HTFSE"},"content":{"rendered":"<h2>C.R.E.A.M. Vape Kits &#8211; Cannabino\u00efdes \u00e0 spectre complet <\/h2>\n<p>Lorsque le mot \u00ab cannabino\u00efdes \u00bb appara\u00eet, beaucoup de gens ne pensent qu\u2019au THC &#8211; bien que la plupart des utilisateurs m\u00e9dicaux consid\u00e8rent \u00e9galement la teneur en CBD dans les vari\u00e9t\u00e9s et les extraits de marijuana. Mais il y a beaucoup plus de cannabino\u00efdes dans le cannabis qui peuvent avoir de grands avantages et, en fait, il y a au moins 113 cannabino\u00efdes diff\u00e9rents qui ont \u00e9t\u00e9 isol\u00e9s dans l\u2019herbe. <\/p>\n<p>S\u2019il est vrai que le THC (t\u00e9trahydrocannabinol), le CBD (cannabidiol) et le CBN (cannabinol) sont les plus connus, c\u2019est parce qu\u2019ils sont g\u00e9n\u00e9ralement les cannabino\u00efdes les plus concentr\u00e9s, et les plus \u00e9tudi\u00e9s. Nous continuons d\u2019en apprendre davantage sur les autres cannbino\u00efdes et leurs bienfaits pour la sant\u00e9. Avec les m\u00e9thodes d\u2019extraction exclusives utilis\u00e9es, il y a plus de cannabino\u00efdes disponibles pour votre corps. Pourquoi est-ce important?   <\/p>\n<h2>Le syst\u00e8me endocannabino\u00efde dans votre corps<\/h2>\n<p>Nous savons que vous n\u2019\u00eates pas l\u00e0 pour \u00eatre \u00e9duqu\u00e9 sur votre corps &#8211; vous voulez juste les saveurs et les effets du syst\u00e8me C.R.E.A.M. Vape! Mais vous serez peut-\u00eatre int\u00e9ress\u00e9 d\u2019apprendre qu\u2019il a \u00e9t\u00e9 d\u00e9couvert que votre corps a un syst\u00e8me endocannabino\u00efde compos\u00e9 de r\u00e9cepteurs cannabino\u00efdes. Il y a en fait deux types de r\u00e9cepteurs diff\u00e9rents qui ont \u00e9t\u00e9 d\u00e9tect\u00e9s, CB1 et CB2. Le but de ces r\u00e9cepteurs est d\u2019attirer les cannabino\u00efdes dans diverses cellules de votre corps. Votre cerveau a principalement des r\u00e9cepteurs CB1 tandis que dans votre syst\u00e8me nerveux, il est principalement CB2.       <\/p>\n<p>Nous n\u2019avons pas l\u2019intention d\u2019entrer dans toute la science de cela &#8211; il y a d\u2019excellentes informations disponibles et vous pouvez commencer sur <a href=\"https:\/\/en.wikipedia.org\/wiki\/Cannabinoid\" rel=\"nofollow noopener\" target=\"_blank\">Wikip\u00e9dia<\/a> si vous souhaitez en savoir plus. Vous pouvez suivre les r\u00e9f\u00e9rences et les citations pour mieux comprendre votre syst\u00e8me d\u2019endocannabinode. <\/p>\n<p>Mais ce que nous voulons que vous sachiez qu\u2019avec les kits de vapotage C.R.E.A.M (CR\u00c8ME), vous obtiendrez plus d\u2019extraits de cannabino\u00efdes complets que la plupart des autres marques.<\/p>\n<h2>Terp\u00e8nes \u00e0 spectre complet<\/h2>\n<p>Les terp\u00e8nes sont des compos\u00e9s pr\u00e9sents dans les trichomes de la marijuana (et d\u2019autres plantes). Les terp\u00e8nes sont g\u00e9n\u00e9ralement responsables des ar\u00f4mes et des go\u00fbts des diff\u00e9rentes vari\u00e9t\u00e9s de marijuana. Il y a au moins 150 terp\u00e8nes diff\u00e9rents que l\u2019on trouve dans la marijuana, et leur m\u00e9lange, lesquels sont pr\u00e9dominants et dans quel ordre de pr\u00e9dominance fournit les diff\u00e9rents ar\u00f4mes.    <\/p>\n<p>Mais ce n\u2019est pas seulement le go\u00fbt et l\u2019ar\u00f4me. Les terp\u00e8nes ont \u00e9galement des bienfaits pour la sant\u00e9 et des effets sur l\u2019humeur. La recherche sur les terp\u00e8nes dans l\u2019herbe de cannabis ne fait que commencer, mais il semble que diff\u00e9rents terp\u00e8nes et combin\u00e9s les uns aux autres aient :  <\/p>\n<ul>\n<li>Potentiel d\u2019\u00eatre antiviral\n<li>Activit\u00e9 anticanc\u00e9reuse possible\n<li>Effets antid\u00e9presseurs\n<li>Soulagement de la douleur\n<\/ul>\n<p>Ainsi, avec une technique d\u2019extraction avanc\u00e9e, vous pourrez profiter des bienfaits potentiels des terp\u00e8nes en plus des cannabino\u00efdes pr\u00e9sents. C\u2019est facilit\u00e9 avec le kit de vapotage C.R.E.A.M. (<strong>Ce n\u2019est pas cens\u00e9 \u00eatre pris comme un avis m\u00e9dical \u2013 nous faisons plut\u00f4t un reportage sur certaines recherches int\u00e9ressantes que certains membres de notre \u00e9quipe ont d\u00e9couvertes<\/strong>).<\/p>\n<h2>Livraison gratuite de trousses de vapotage C.R.E.A.M. (CR\u00c8ME) dans la r\u00e9gion du Grand Toronto (r\u00e9gion du Grand Toronto)<\/h2>\n<p>Si vous \u00eates dans la r\u00e9gion du Grand Toronto (RGT), vous pouvez vous procurer n\u2019importe quelle herbe C.R.E.A.M. (Cream) Vape Kits dans les 2 heures* \u00e0 votre porte! Commandez avant 20 h et l\u2019un de nos chauffeurs vous livrera le jour m\u00eame, 2 heures gratuitement, lorsque vous commandez un minimum de 100,00 $ de l\u2019un des produits sur notre site Web.<\/p>\n<p>*Livraison en deux heures \u00e0 Toronto (Scarborough, North York, Etobicoke, DownTown, York \u2013 toutes les r\u00e9gions \u00e0 l\u2019int\u00e9rieur des fronti\u00e8res de la ville de Toronto), Richmond Hill, King, Aurora, Newmarket, Woodbridge, Vaughan et Markham.<\/p>\n","protected":false},"excerpt":{"rendered":"<p>Les produits d\u2019extrait \u00e0 spectre complet \u00e0 haute teneur en terp\u00e8nes (HTSFE) de C.R.E.A.M Cannabis Co. sont fabriqu\u00e9s \u00e0 l\u2019aide de notre m\u00e9thode d\u2019extraction exclusive. Le r\u00e9sultat est un produit puissant contenant des terp\u00e8nes enti\u00e8rement naturels d\u00e9riv\u00e9s du cannabis, du THC et d\u2019autres cannabino\u00efdes tels que le CBD et le CBN.  <\/p>\n<p>Une m\u00e9thode d\u2019extraction exclusive est utilis\u00e9e par C.R.E.A.M. Cannabis Co. afin d\u2019obtenir un produit puissant, avec de l\u2019extrait \u00e0 spectre complet \u00e0 haute teneur en terp\u00e8nes (HTSFE). Profitez de tous les d\u00e9riv\u00e9s du cannabis, y compris les terp\u00e8nes, le THC, LE CBD, CBN et d\u2019autres cannabino\u00efdes.  <\/p>\n<p>Disponible en : Death Bubba (Indica), Cherry Pie (Hybride), Lemoncello (Sativa), Mac &amp; Cheese (Hybride), El Chapo (Indica), Candy Crashers (Indica Dominant) et Death Bubba X White Shark (Indica).<\/p>\n<p>Comprend une batterie rechargeable, un adaptateur USB et une cartouche de 0,5 ml. Pr\u00eat \u00e0 partir. <\/p>\n","protected":false},"featured_media":17057,"comment_status":"open","ping_status":"closed","template":"","meta":{"_acf_changed":false},"product_brand":[],"product_cat":[282],"product_tag":[],"class_list":{"0":"post-18549","1":"product","2":"type-product","3":"status-publish","4":"has-post-thumbnail","6":"product_cat-trousse-de-demarrage","8":"first","9":"instock","10":"shipping-taxable","11":"purchasable","12":"product-type-variable"},"acf":[],"_links":{"self":[{"href":"https:\/\/420now.co\/fr-ca\/wp-json\/wp\/v2\/product\/18549","targetHints":{"allow":["GET"]}}],"collection":[{"href":"https:\/\/420now.co\/fr-ca\/wp-json\/wp\/v2\/product"}],"about":[{"href":"https:\/\/420now.co\/fr-ca\/wp-json\/wp\/v2\/types\/product"}],"replies":[{"embeddable":true,"href":"https:\/\/420now.co\/fr-ca\/wp-json\/wp\/v2\/comments?post=18549"}],"wp:featuredmedia":[{"embeddable":true,"href":"https:\/\/420now.co\/fr-ca\/wp-json\/wp\/v2\/media\/17057"}],"wp:attachment":[{"href":"https:\/\/420now.co\/fr-ca\/wp-json\/wp\/v2\/media?parent=18549"}],"wp:term":[{"taxonomy":"product_brand","embeddable":true,"href":"https:\/\/420now.co\/fr-ca\/wp-json\/wp\/v2\/product_brand?post=18549"},{"taxonomy":"product_cat","embeddable":true,"href":"https:\/\/420now.co\/fr-ca\/wp-json\/wp\/v2\/product_cat?post=18549"},{"taxonomy":"product_tag","embeddable":true,"href":"https:\/\/420now.co\/fr-ca\/wp-json\/wp\/v2\/product_tag?post=18549"}],"curies":[{"name":"wp","href":"https:\/\/api.w.org\/{rel}","templated":true}]}}