{"id":18562,"date":"2021-11-23T13:17:20","date_gmt":"2021-11-23T18:17:20","guid":{"rendered":"https:\/\/420now.co\/product\/nuken\/"},"modified":"2026-03-12T16:55:18","modified_gmt":"2026-03-12T20:55:18","slug":"nuken","status":"publish","type":"product","link":"https:\/\/420now.co\/fr-ca\/product\/nuken\/","title":{"rendered":"Nuken"},"content":{"rendered":"<p>Canada, repr\u00e9sentez! La vari\u00e9t\u00e9 de mauvaises herbes Nuken a \u00e9t\u00e9 fi\u00e8rement d\u00e9velopp\u00e9e et cr\u00e9\u00e9e au Canada par le s\u00e9lectionneur Cash Crop Ken. Il a crois\u00e9 <em>God Bud<\/em> avec <em>Shiskaberry<\/em> (\u00e9galement connue sous le nom de X Kish) et a cr\u00e9\u00e9 une vari\u00e9t\u00e9 qui peut donner jusqu\u2019\u00e0 20 \u00e0 21% de THC &#8211; et une vari\u00e9t\u00e9 qui est maintenant populaire dans toute l\u2019Am\u00e9rique du Nord. Bien que certaines vari\u00e9t\u00e9s puissent contenir plus de THC &#8211; ne vous laissez pas tromper &#8211; Nuken peut certainement vous laisser d\u00e9fonc\u00e9 et heureux, mais de mani\u00e8re fonctionnelle si vous voulez toujours poursuivre d\u2019autres activit\u00e9s.   <\/p>\n<h2>Nuken Description des mauvaises herbes<\/h2>\n<p>Bourgeons denses typiquement arrondis de couleur vert menthe p\u00e2le, avec des feuilles d\u2019olivier plus fonc\u00e9es et quelques poils orang\u00e9s, g\u00e9n\u00e9ralement clairsem\u00e9s. Le go\u00fbt est souvent d\u00e9crit comme semblable \u00e0 celui d\u2019une guimauve sucr\u00e9e l\u00e9g\u00e8rement r\u00f4tie, mais avec des notes de mouffette \u00e0 l\u2019expiration. <\/p>\n<h2>Nuken Effets des mauvaises herbes<\/h2>\n<p>Les niveaux de THC ne sont pas toujours aussi \u00e9lev\u00e9s que 21% &#8211; c\u2019est g\u00e9n\u00e9ralement dans l\u2019adolescence, mais Nuken offre un bon high qui peut vous donner l\u2019impression d\u2019\u00eatre d\u00e9fonc\u00e9 tout en restant suffisamment fonctionnel si vous le souhaitez, pour travailler sur d\u2019autres t\u00e2ches agr\u00e9ables. Vous ne vous sentirez probablement pas sous s\u00e9dation &#8211; et c\u2019est une excellente fum\u00e9e \u00e0 partager en bonne compagnie, tout en profitant de la sensation d\u2019avoir un peu de picotement. <\/p>\n<p>Heureux et d\u00e9tendu sont les descriptions les plus courantes donn\u00e9es \u00e0 l\u2019euphorie Nuken , bien que l\u2019euphorie soit \u00e9galement utilis\u00e9e.<\/p>\n<p>Certaines personnes signalent une s\u00e9cheresse buccale &#8211; il est recommand\u00e9 de garder des boissons \u00e0 proximit\u00e9. Un tr\u00e8s petit nombre de fumeurs Nuken signalent un l\u00e9ger \u00e9tourdissement, mais en g\u00e9n\u00e9ral, c\u2019est une bonne vari\u00e9t\u00e9 pour presque tout le monde \u00e0 essayer et \u00e0 ressentir un effet fonctionnel. Bien s\u00fbr, vous pourriez aussi avoir l\u2019impression de flotter. Certains d\u00e9couvrent qu\u2019ils peuvent plus tard s\u2019enfoncer dans un sommeil tr\u00e8s relaxant et apaisant au fur et \u00e0 mesure que les effets s\u2019estompent.   <\/p>\n<p>Fait int\u00e9ressant, les m\u00e9lomanes qui veulent simplement s\u2019asseoir seuls sans socialiser appr\u00e9cient Nuken avec leurs chansons pr\u00e9f\u00e9r\u00e9es jou\u00e9es pendant des heures.<\/p>\n<h2>Utilisations m\u00e9dicales du Nuken<\/h2>\n<p>Avec son high g\u00e9n\u00e9ralement non anxiog\u00e8ne, cette vari\u00e9t\u00e9 est largement utilis\u00e9e pour traiter et aider \u00e0 soulager les sympt\u00f4mes d\u2019anxi\u00e9t\u00e9 et de TSPT. Voici quelques-uns des sympt\u00f4mes que Nuken est utilis\u00e9 pour traiter : <\/p>\n<ul>\n<li>TDA\/TDAH<\/li>\n<li>Anxi\u00e9t\u00e9<\/li>\n<li>Arthrite<\/li>\n<li>Douleur chronique<\/li>\n<li>D\u00e9pression<\/li>\n<li>Fibromyalgie<\/li>\n<li>Troubles gastro-intestinaux<\/li>\n<li>Insomnie<\/li>\n<li>Spasmes musculaires<\/li>\n<li>Stress<\/li>\n<\/ul>\n<p><em>REMARQUE : Les informations sur ce site sont fournies \u00e0 des fins \u00e9ducatives seulement et ne remplacent pas un avis m\u00e9dical professionnel. Consultez un professionnel de la sant\u00e9 avant utilisation.  Pour les adultes \u00e2g\u00e9s de 19 ans ou plus seulement.<\/em><\/p>\n<h2>Nuken Livraison de mauvaises herbes dans la r\u00e9gion du Grand Toronto<\/h2>\n<p>Livraison gratuite en 2 heures : Livraison en deux heures avec de l\u2019herbe Nuken \u00e0 Toronto (Scarborough, North York, Etobicoke, DownTown, York \u2013 toutes les r\u00e9gions \u00e0 l\u2019int\u00e9rieur des fronti\u00e8res de la ville de Toronto), Richmond Hill, King, Aurora, Newmarket, Woodbridge, Vaughan et Markham.<\/p>\n<p>Pour les r\u00e9gions p\u00e9riph\u00e9riques telles que Brampton, Caledon, Mississauga, Pickering, Ajax, Whitby, Oshawa, Clarington, Scugog, Uxbridge, East Gwillimbury, Georgina et Brock, nous visons deux heures, mais veuillez vous attendre \u00e0 la possibilit\u00e9 de 3 heures pour la livraison. Si votre adresse se trouve dans ces r\u00e9gions p\u00e9riph\u00e9riques, vous pouvez nous contacter pour conna\u00eetre les d\u00e9lais de livraison pr\u00e9vus ce jour-l\u00e0. <\/p>\n<p>\u00c9galement disponible pour exp\u00e9dition partout au Canada.<\/p>\n<p>Une commande minimale de 100,00 sur l\u2019un de nos produits est requise.<\/p>\n","protected":false},"excerpt":{"rendered":"<p>Canada, repr\u00e9sente! La vari\u00e9t\u00e9 de nuken weed a fi\u00e8rement \u00e9t\u00e9 d\u00e9velopp\u00e9e et cr\u00e9\u00e9e au Canada par l\u2019\u00e9leveur Cash Crop Ken. Il a crois\u00e9 God Bud avec Shiskaberry (aussi connue sous le nom de X Kish) et a cr\u00e9\u00e9 une vari\u00e9t\u00e9 pouvant d\u00e9livrer jusqu\u2019\u00e0 20-21% de THC \u2013 une vari\u00e9t\u00e9 maintenant populaire partout en Am\u00e9rique du Nord. M\u00eame si certaines vari\u00e9t\u00e9s contiennent plus de THC \u2013 ne vous laissez pas tromper \u2013 le Nuken peut certainement vous laisser d\u00e9fonc\u00e9 et bienheureux, mais de fa\u00e7on fonctionnelle si vous voulez encore faire d\u2019autres activit\u00e9s.<\/p>\n<p>Beaucoup de ceux qui trouvent que certaines vari\u00e9t\u00e9s leur donnent de l\u2019anxi\u00e9t\u00e9 choisissent Nuken parce qu\u2019il leur procure un high sans anxi\u00e9t\u00e9 afin qu\u2019ils puissent profiter plus pleinement de l\u2019euphorie.<\/p>\n<p>Indica \u00e0 dominante indica.<\/p>\n","protected":false},"featured_media":17045,"comment_status":"closed","ping_status":"closed","template":"","meta":{"_acf_changed":false},"product_brand":[],"product_cat":[250],"product_tag":[303],"class_list":{"0":"post-18562","1":"product","2":"type-product","3":"status-publish","4":"has-post-thumbnail","6":"product_cat-pot-indica","7":"product_tag-june-special-fr-ca","8":"pa_weight-1-oz-fr-ca","9":"pa_weight-1-2-oz-fr-ca","10":"pa_weight-1-4-oz-fr-ca-2","12":"first","13":"instock","14":"shipping-taxable","15":"purchasable","16":"product-type-variable"},"acf":[],"_links":{"self":[{"href":"https:\/\/420now.co\/fr-ca\/wp-json\/wp\/v2\/product\/18562","targetHints":{"allow":["GET"]}}],"collection":[{"href":"https:\/\/420now.co\/fr-ca\/wp-json\/wp\/v2\/product"}],"about":[{"href":"https:\/\/420now.co\/fr-ca\/wp-json\/wp\/v2\/types\/product"}],"replies":[{"embeddable":true,"href":"https:\/\/420now.co\/fr-ca\/wp-json\/wp\/v2\/comments?post=18562"}],"wp:featuredmedia":[{"embeddable":true,"href":"https:\/\/420now.co\/fr-ca\/wp-json\/wp\/v2\/media\/17045"}],"wp:attachment":[{"href":"https:\/\/420now.co\/fr-ca\/wp-json\/wp\/v2\/media?parent=18562"}],"wp:term":[{"taxonomy":"product_brand","embeddable":true,"href":"https:\/\/420now.co\/fr-ca\/wp-json\/wp\/v2\/product_brand?post=18562"},{"taxonomy":"product_cat","embeddable":true,"href":"https:\/\/420now.co\/fr-ca\/wp-json\/wp\/v2\/product_cat?post=18562"},{"taxonomy":"product_tag","embeddable":true,"href":"https:\/\/420now.co\/fr-ca\/wp-json\/wp\/v2\/product_tag?post=18562"}],"curies":[{"name":"wp","href":"https:\/\/api.w.org\/{rel}","templated":true}]}}