{"id":18572,"date":"2021-11-23T06:59:58","date_gmt":"2021-11-23T11:59:58","guid":{"rendered":"https:\/\/420now.co\/product\/runtz-aaaa\/"},"modified":"2026-03-12T17:11:27","modified_gmt":"2026-03-12T21:11:27","slug":"runtz-aaaa","status":"publish","type":"product","link":"https:\/\/420now.co\/fr-ca\/product\/runtz-aaaa\/","title":{"rendered":"Runtz AAAA"},"content":{"rendered":"<p>V\u00e9ritable hybride (50:50 Indica&nbsp;:Sativa), Runtz est cr\u00e9\u00e9 par le croisement de <a href=\"https:\/\/420now.co\/fr-ca\/product\/the-original-z\/\">The Original Z<\/a> et Gelato et souvent le rappeur Berner est cr\u00e9dit\u00e9 de la vari\u00e9t\u00e9. C\u2019est une vari\u00e9t\u00e9 prim\u00e9e (Leafly 2020 &#8216;Strain Of The Year&#8217; et une Emerald Cup en 2019) et son go\u00fbt sucr\u00e9 int\u00e9ressant ainsi que ses effets durables en ont fait un choix pour les fans. <\/p>\n<p>Il peut provoquer beaucoup de rires avec le high euphorisant et offre un high corporel relaxant. Parfait pour les journ\u00e9es de farniente et\/ou la bonne compagnie pour se d\u00e9tendre. <\/p>\n<h2>Runtz Description des mauvaises herbes<\/h2>\n<p>Les bourgeons de cannabis Runtz peuvent varier en couleurs, allant du vert lime \u00e0 diverses nuances de violet et ont une saveur sucr\u00e9e avec des notes de fruits et de bonbons. Son ar\u00f4me peut inclure quelque chose de similaire \u00e0 des baies (raisin est souvent d\u00e9crit) avec des notes herbac\u00e9es au nez. <\/p>\n<p>Bien que les niveaux de THC ne soient pas extr\u00eamement \u00e9lev\u00e9s, l\u2019une des raisons de la popularit\u00e9 de cette vari\u00e9t\u00e9 dans ses effets est due \u00e0 la chimie terp\u00e9nique majeure &#8211; qui fournit probablement certains des effets tr\u00e8s agr\u00e9ables de fumer un joint Runtz . Bien que Runtz soit consid\u00e9r\u00e9 comme \u00ab puissant \u00bb, ce n\u2019est pas seulement \u00e0 cause des niveaux de THC, mais inclut la combinaison des trois principaux terp\u00e8nes pr\u00e9sents. Dans l\u2019ordre, les trois principaux terp\u00e8nes comprennent :  <\/p>\n<ul>\n<li>caryophyll\u00e8ne<\/li>\n<li>limon\u00e8ne<\/li>\n<li>le linalol<\/li>\n<\/ul>\n<p>La pr\u00e9sence de ces terp\u00e8nes et dans le pourcentage global, contribuent \u00e9galement \u00e0 l\u2019apparition des bourgeons Runtz . Le linalol se trouve fr\u00e9quemment dans les agrumes et aussi dans l\u2019herbe, la lavande et fournit des teintes violettes. Dans d\u2019autres applications, ce terp\u00e8ne est connu pour donner des go\u00fbts complexes de baies dans les bi\u00e8res dans lesquelles on le trouve parfois. On pense \u00e9galement que le linalol augmente les effets m\u00e9dicaux de la marijuana lorsqu\u2019il s\u2019agit d\u2019un composant majeur.   <\/p>\n<p>Le caryophyll\u00e8ne et le linalol en combinaison, comme c\u2019est le cas dans l\u2019herbe Runtz , est ce qui, selon beaucoup, donne \u00e0 cette vari\u00e9t\u00e9 son punch unique et satisfaisant, mais dans une livraison en douceur.<\/p>\n<h2>Runtz Effets des mauvaises herbes<\/h2>\n<p>Cette vari\u00e9t\u00e9 n\u2019est g\u00e9n\u00e9ralement pas un frappeur dur et rapide; il se d\u00e9veloppe et s\u2019enveloppe plut\u00f4t dans votre esprit, puis dans tout votre corps &#8211; presque d\u2019une mani\u00e8re euphorique. \u00c0 l\u2019avant, il est confortable et stimulant, puis la relaxation compl\u00e8te prend le contr\u00f4le de votre corps. Pour cette raison, il est souvent utilis\u00e9 par ceux qui traitent des probl\u00e8mes d\u2019anxi\u00e9t\u00e9.  <\/p>\n<p>Une \u00ab relaxation compl\u00e8te \u00bb est la description la plus courante et la plus significative que nous entendons (et que nous connaissons nous-m\u00eames). Une relaxation euphorique, qui provoque des rires, une perte d\u2019inhibition, qui glisse doucement vers une sensation de confort et peut finir par s\u2019endormir d\u2019une belle fa\u00e7on. Il peut s\u2019\u00e9couler des heures avant que vous ne vous endormiez; Runtz peut avoir des effets \u00e0 long terme. Mais avant de vous endormir, vous voudrez peut-\u00eatre avoir des collations \u00e0 port\u00e9e de main, car cette vari\u00e9t\u00e9 peut \u00e9galement vous donner des fringales.   <\/p>\n<h2>Utilisations m\u00e9dicales de Runtz<\/h2>\n<p>En raison de ses effets et du fait qu\u2019elle est puissante mais \u00e9quilibr\u00e9e avec ses terp\u00e8nes et son THC, cette vari\u00e9t\u00e9 a \u00e9t\u00e9 utilis\u00e9e pour traiter certaines maladies, notamment<\/p>\n<ul>\n<li>Anxi\u00e9t\u00e9<\/li>\n<li>Troubles du sommeil<\/li>\n<li>Probl\u00e8mes d\u2019app\u00e9tit<\/li>\n<li>Humeur d\u00e9pressive<\/li>\n<li>Douleur<\/li>\n<\/ul>\n<p>Bien s\u00fbr, en plus des avantages de ses utilisations m\u00e9dicales, vous appr\u00e9cierez la nature euphorique et souvent psych\u00e9d\u00e9lique de l\u2019exp\u00e9rience.<\/p>\n<p><em>REMARQUE : Les informations sur ce site sont fournies \u00e0 des fins \u00e9ducatives seulement et ne remplacent pas un avis m\u00e9dical professionnel. Consultez un professionnel de la sant\u00e9 avant utilisation.  Pour les adultes \u00e2g\u00e9s de 19 ans ou plus seulement.<\/em><\/p>\n<h2>Runtz Livraison de mauvaises herbes dans la r\u00e9gion du Grand Toronto<\/h2>\n<p>Livraison gratuite en 2 heures : Livraison en deux heures avec de l\u2019herbe Runtz \u00e0 Toronto (Scarborough, North York, Etobicoke, DownTown, York \u2013 toutes les r\u00e9gions \u00e0 l\u2019int\u00e9rieur des fronti\u00e8res de la ville de Toronto), Richmond Hill, King, Aurora, Newmarket, Woodbridge, Vaughan et Markham.<\/p>\n<p>\u00c9galement disponible pour exp\u00e9dition partout au Canada.<\/p>\n<p>Une commande minimale de 100,00 sur l\u2019un de nos produits est requise.<\/p>\n","protected":false},"excerpt":{"rendered":"<p>V\u00e9ritable hybride (50:50 Indica&nbsp;:Sativa), Runtz est cr\u00e9\u00e9 par le croisement de <a href=\"https:\/\/420now.co\/fr-ca\/product\/the-original-z\/\">The Original Z<\/a> et Gelato et souvent le rappeur Berner est cr\u00e9dit\u00e9 de la vari\u00e9t\u00e9. C\u2019est une vari\u00e9t\u00e9 prim\u00e9e (Leafly 2020 &#8216;Strain Of The Year&#8217;) et son go\u00fbt sucr\u00e9 int\u00e9ressant ainsi que ses effets durables en ont fait un choix pour les fans. <\/p>\n<p>Il peut provoquer beaucoup de rires avec le high euphorisant et offre un high corporel relaxant. Parfait pour les journ\u00e9es de farniente et\/ou la bonne compagnie pour se d\u00e9tendre. <\/p>\n","protected":false},"featured_media":17049,"comment_status":"closed","ping_status":"closed","template":"","meta":{"_acf_changed":false},"product_brand":[],"product_cat":[249],"product_tag":[],"class_list":{"0":"post-18572","1":"product","2":"type-product","3":"status-publish","4":"has-post-thumbnail","6":"product_cat-hybride-pot","7":"pa_weight-1-oz-fr-ca","8":"pa_weight-1-2-oz-fr-ca","9":"pa_weight-1-4-oz-fr-ca-2","11":"first","12":"instock","13":"shipping-taxable","14":"purchasable","15":"product-type-variable","16":"has-default-attributes"},"acf":[],"_links":{"self":[{"href":"https:\/\/420now.co\/fr-ca\/wp-json\/wp\/v2\/product\/18572","targetHints":{"allow":["GET"]}}],"collection":[{"href":"https:\/\/420now.co\/fr-ca\/wp-json\/wp\/v2\/product"}],"about":[{"href":"https:\/\/420now.co\/fr-ca\/wp-json\/wp\/v2\/types\/product"}],"replies":[{"embeddable":true,"href":"https:\/\/420now.co\/fr-ca\/wp-json\/wp\/v2\/comments?post=18572"}],"wp:featuredmedia":[{"embeddable":true,"href":"https:\/\/420now.co\/fr-ca\/wp-json\/wp\/v2\/media\/17049"}],"wp:attachment":[{"href":"https:\/\/420now.co\/fr-ca\/wp-json\/wp\/v2\/media?parent=18572"}],"wp:term":[{"taxonomy":"product_brand","embeddable":true,"href":"https:\/\/420now.co\/fr-ca\/wp-json\/wp\/v2\/product_brand?post=18572"},{"taxonomy":"product_cat","embeddable":true,"href":"https:\/\/420now.co\/fr-ca\/wp-json\/wp\/v2\/product_cat?post=18572"},{"taxonomy":"product_tag","embeddable":true,"href":"https:\/\/420now.co\/fr-ca\/wp-json\/wp\/v2\/product_tag?post=18572"}],"curies":[{"name":"wp","href":"https:\/\/api.w.org\/{rel}","templated":true}]}}