{"id":18581,"date":"2022-01-27T06:02:24","date_gmt":"2022-01-27T11:02:24","guid":{"rendered":"https:\/\/420now.co\/product\/boule-de-temple-nepalais-hash\/"},"modified":"2026-02-09T12:58:11","modified_gmt":"2026-02-09T17:58:11","slug":"boule-de-temple-nepalais-hash","status":"publish","type":"product","link":"https:\/\/420now.co\/fr-ca\/product\/boule-de-temple-nepalais-hash\/","title":{"rendered":"Nepalese Temple Ball Hash"},"content":{"rendered":"<p>Enfin disponible au Canada, le haschisch n\u00e9palais Temple Ball est originaire du N\u00e9pal il y a des si\u00e8cles et est connu pour sa beaut\u00e9, sa saveur et sa puissance exquises et uniques. Au d\u00e9but des ann\u00e9es 60, de nombreux Nord-Am\u00e9ricains se rendaient au N\u00e9pal pour l\u2019une des principales raisons de pouvoir go\u00fbter au haschisch n\u00e9palais Temple Ball.   <\/p>\n<p>Le N\u00e9pal a une longue tradition dans la fa\u00e7on dont le haschisch y est fabriqu\u00e9, y compris un processus de concentration et de vieillissement qui procure ce que les connaisseurs d\u00e9crivent comme un high hallucinant qui offre \u00e9galement une clart\u00e9 mentale. Vous pouvez le fumer, le vaporiser, le manger ou le tamponner. <\/p>\n<h2>Effets du haschisch n\u00e9palais Temple Ball<\/h2>\n<p>Beaucoup d\u00e9crivent l\u2019effet de ce haschisch comme \u00ab hallucinant \u00bb. Maintenant, il est disponible pour les Nord-Am\u00e9ricains et vous n\u2019avez pas besoin de voyager jusqu\u2019au N\u00e9pal pour d\u00e9couvrir les effets de ce magnifique haschisch semblable \u00e0 de la cr\u00e8me! Il a une saveur sucr\u00e9e et acidul\u00e9e que certains d\u00e9crivent \u00e9galement comme avec des notes florales.  <\/p>\n<p>Beaucoup de gens ont d\u00e9couvert que ce haschisch ancien, qui se pr\u00e9sente sous la forme d\u2019une sph\u00e8re en raison de la fa\u00e7on dont il est fabriqu\u00e9, ne ressemble \u00e0 rien d\u2019autre.  <\/p>\n<p>Les bienfaits incluent un traitement tr\u00e8s puissant contre la d\u00e9pression et d\u2019autres troubles mentaux, et peuvent vous aider \u00e0 \u00eatre tr\u00e8s heureux lorsque l\u2019effet d\u2019euphorie appara\u00eet.<\/p>\n<p><em>Veuillez noter : Les produits \u00e0 base de cannabis ne sont pas destin\u00e9s \u00e0 diagnostiquer, traiter, gu\u00e9rir ou pr\u00e9venir une maladie ou condition m\u00e9dicale. Consultez un professionnel de la sant\u00e9 avant utilisation.  Pour les adultes \u00e2g\u00e9s de 19 ans ou plus seulement.<br \/>\n<strong><br \/>\nTenir hors de la port\u00e9e des enfants.<\/strong><\/p>\n<p>Les produits \u00e0 base de cannabis peuvent nuire \u00e0 la concentration, \u00e0 la coordination et au jugement \u2013 ne conduisez pas de v\u00e9hicules ou de machines sous l\u2019influence de l\u2019alcool.<\/em><\/p>\n<h2>Livraison de haschisch de boule de temple n\u00e9palais dans la r\u00e9gion de Toronto<\/h2>\n<p>Si vous \u00eates dans la r\u00e9gion du Grand Toronto (RGT), vous pouvez obtenir du haschisch Nepalese Temple Ball en 2 heures* \u00e0 votre porte! Commandez avant 20 h et l\u2019un de nos chauffeurs vous livrera le jour m\u00eame, 2 heures gratuitement, lorsque vous commandez un minimum de 100,00 $ de l\u2019un des produits sur notre site Web. <\/p>\n<p>*Livraison en deux heures \u00e0 Toronto (Scarborough, North York, Etobicoke, DownTown, York \u2013 toutes les r\u00e9gions \u00e0 l\u2019int\u00e9rieur des fronti\u00e8res de la ville de Toronto), Richmond Hill, King, Aurora, Newmarket, Woodbridge, Vaughan et Markham.<\/p>\n","protected":false},"excerpt":{"rendered":"<p>Enfin disponible au Canada, le haschisch n\u00e9palais Temple Ball est originaire du N\u00e9pal il y a des si\u00e8cles et est connu pour sa beaut\u00e9, sa saveur et sa puissance exquises et uniques. Au d\u00e9but des ann\u00e9es 60, de nombreux Nord-Am\u00e9ricains se rendaient au N\u00e9pal pour l\u2019une des principales raisons de pouvoir go\u00fbter au haschisch n\u00e9palais Temple Ball.   <\/p>\n<p>Le N\u00e9pal a une longue tradition dans la fa\u00e7on dont le haschisch y est fabriqu\u00e9, y compris un processus de concentration et de vieillissement qui procure ce que les connaisseurs d\u00e9crivent comme un high hallucinant qui offre \u00e9galement une clart\u00e9 mentale. Vous pouvez le fumer, le vaporiser, le manger ou le tamponner. <\/p>\n<p>Chaque boule fait 1\/2 once.<\/p>\n","protected":false},"featured_media":17086,"comment_status":"open","ping_status":"closed","template":"","meta":{"_acf_changed":false},"product_brand":[],"product_cat":[213],"product_tag":[],"class_list":{"0":"post-18581","1":"product","2":"type-product","3":"status-publish","4":"has-post-thumbnail","6":"product_cat-hash-fr-ca","8":"first","9":"instock","10":"shipping-taxable","11":"purchasable","12":"product-type-simple"},"acf":[],"_links":{"self":[{"href":"https:\/\/420now.co\/fr-ca\/wp-json\/wp\/v2\/product\/18581","targetHints":{"allow":["GET"]}}],"collection":[{"href":"https:\/\/420now.co\/fr-ca\/wp-json\/wp\/v2\/product"}],"about":[{"href":"https:\/\/420now.co\/fr-ca\/wp-json\/wp\/v2\/types\/product"}],"replies":[{"embeddable":true,"href":"https:\/\/420now.co\/fr-ca\/wp-json\/wp\/v2\/comments?post=18581"}],"wp:featuredmedia":[{"embeddable":true,"href":"https:\/\/420now.co\/fr-ca\/wp-json\/wp\/v2\/media\/17086"}],"wp:attachment":[{"href":"https:\/\/420now.co\/fr-ca\/wp-json\/wp\/v2\/media?parent=18581"}],"wp:term":[{"taxonomy":"product_brand","embeddable":true,"href":"https:\/\/420now.co\/fr-ca\/wp-json\/wp\/v2\/product_brand?post=18581"},{"taxonomy":"product_cat","embeddable":true,"href":"https:\/\/420now.co\/fr-ca\/wp-json\/wp\/v2\/product_cat?post=18581"},{"taxonomy":"product_tag","embeddable":true,"href":"https:\/\/420now.co\/fr-ca\/wp-json\/wp\/v2\/product_tag?post=18581"}],"curies":[{"name":"wp","href":"https:\/\/api.w.org\/{rel}","templated":true}]}}