{"id":18586,"date":"2022-02-01T04:10:40","date_gmt":"2022-02-01T09:10:40","guid":{"rendered":"https:\/\/420now.co\/product\/pineapple-express\/"},"modified":"2026-03-12T16:14:43","modified_gmt":"2026-03-12T20:14:43","slug":"pineapple-express","status":"publish","type":"product","link":"https:\/\/420now.co\/fr-ca\/product\/pineapple-express\/","title":{"rendered":"Pineapple Express"},"content":{"rendered":"<p>Popularis\u00e9e par le film <i>Pineapple Express<\/i> de 2008 qui mettait en vedette le com\u00e9dien et acteur canadien Seth Rogen, cette vari\u00e9t\u00e9 est un choix de choix pour plusieurs. Un hybride \u00e0 dominante Sativa , avec un THC de l\u2019ordre de 18 \u00e0 25%. Saveur d\u2019agrumes avec des notes d\u2019ananas, de pin et de terre.  <\/p>\n<p>Procure un high cr\u00e9atif tout en apportant de la vigilance et beaucoup trouvent que c\u2019est une excellente fum\u00e9e de jour. Les utilisations m\u00e9dicales comprennent l\u2019aide au stress, \u00e0 la d\u00e9pression et \u00e0 l\u2019anxi\u00e9t\u00e9. <\/p>\n<p>Sativa Hybride dominant.<\/p>\n<h2>Pineapple Express Description des mauvaises herbes<\/h2>\n<p>Cette vari\u00e9t\u00e9 hybride a \u00e9t\u00e9 cr\u00e9\u00e9e en croisant <a href=\"https:\/\/420now.co\/fr-ca\/product\/trainwreck\/\">Trainwreck<\/a> . Il est int\u00e9ressant de noter que Seth Rogen a affirm\u00e9 au moment de la r\u00e9alisation du film que cette souche n\u2019existait pas encore. Il a \u00e9t\u00e9 not\u00e9 que G13 Labs a plus tard cr\u00e9\u00e9 la souche.  <\/p>\n<p>Les principaux terp\u00e8nes de la souche comprennent le caryophyll\u00e8ne, le limon\u00e8ne et le pin\u00e8ne, qui expliquent les saveurs souvent signal\u00e9es, notamment l\u2019ananas, les agrumes et le pin. Le caryophyll\u00e8ne est particuli\u00e8rement int\u00e9ressant pour certains : en plus d\u2019\u00eatre pr\u00e9sent dans les vari\u00e9t\u00e9s sativa de marijuana, c\u2019est aussi un compos\u00e9 majeur que l\u2019on peut trouver dans les herbes romarin, clou de girofle et houblon. Le poivre noir contient \u00e9galement ce terp\u00e8ne et vous l\u2019avez remarqu\u00e9 sans vous en rendre compte, lorsque vous appr\u00e9ciez l\u2019ar\u00f4me.  <\/p>\n<h2>Pineapple Express Effets des mauvaises herbes<\/h2>\n<p>\u00c9tant un hybride \u00e0 dominante sativa, cette vari\u00e9t\u00e9 est souvent appr\u00e9ci\u00e9e en journ\u00e9e ou en apr\u00e8s-midi, et convient lorsque l\u2019on veut stimuler la cr\u00e9ativit\u00e9 et la vivacit\u00e9 mentale. L\u2019establishment californien de la marijuana m\u00e9dicale a vraiment adopt\u00e9 Pineapple Express pour les multiples avantages et effets qu\u2019il a. En r\u00e9alit\u00e9, il est probablement \u00e0 noter que la \u00ab drogue la plus dop\u00e9e \u00bb offre plut\u00f4t une euphorie \u00e9nergisante.  <\/p>\n<p>Ces effets peuvent \u00eatre durables &#8211; trop peuvent avoir pour cons\u00e9quence des \u00e9tourdissements, mais ce n\u2019est pas courant avec cette vari\u00e9t\u00e9. D\u2019autres effets secondaires possibles peuvent inclure une s\u00e9cheresse buccale et oculaire. Cependant, la plupart appr\u00e9cient absolument les effets principaux qui leur donnent un sentiment d\u2019euphorie et de cr\u00e9ativit\u00e9 concentr\u00e9e.  <\/p>\n<h2>Avantages m\u00e9dicaux de Pineapple Express<\/h2>\n<p>Lorsque cette vari\u00e9t\u00e9 a \u00e9t\u00e9 lanc\u00e9e en Californie, elle a imm\u00e9diatement \u00e9t\u00e9 reconnue pour les avantages qu\u2019elle pouvait offrir aux utilisateurs de marijuana m\u00e9dicale. Ceux-ci comprennent : <\/p>\n<ul>\n<li>D\u00e9pression<\/li>\n<li>Douleur chronique<\/li>\n<li>Migraines<\/li>\n<li>Troubles du sommeil, y compris les r\u00eaves ou cauchemars ind\u00e9sirables<\/li>\n<li>Fatigue<\/li>\n<\/ul>\n<p><em>REMARQUE : Les informations sur ce site sont fournies \u00e0 des fins \u00e9ducatives seulement et ne remplacent pas un avis m\u00e9dical professionnel. Consultez un professionnel de la sant\u00e9 avant utilisation.  Pour les adultes \u00e2g\u00e9s de 19 ans ou plus seulement.<\/em><\/p>\n<h2>Livraison de Pineapple Express dans la r\u00e9gion du Grand Toronto (RGT)<\/h2>\n<p>Si vous \u00eates dans la r\u00e9gion du Grand Toronto (RGT), vous pouvez vous procurer de l\u2019herbe Pineapple Express en 2 heures* \u00e0 votre porte! Commandez avant 20 h et l\u2019un de nos chauffeurs vous livrera le jour m\u00eame, 2 heures gratuitement, lorsque vous commandez un minimum de 100,00 $ de l\u2019un des produits sur notre site Web.<\/p>\n<p>*Livraison en deux heures \u00e0 Toronto (Scarborough, North York, Etobicoke, DownTown, York \u2013 toutes les r\u00e9gions \u00e0 l\u2019int\u00e9rieur des fronti\u00e8res de la ville de Toronto), Richmond Hill, King, Aurora, Newmarket, Woodbridge, Vaughan et Markham.<\/p>\n<p>Pour les r\u00e9gions p\u00e9riph\u00e9riques telles que Brampton, Caledon, Mississauga, Pickering, Ajax, Whitby, Oshawa, Clarington, Scugog, Uxbridge, East Gwillimbury, Georgina et Brock, nous visons deux heures, mais veuillez vous attendre \u00e0 la possibilit\u00e9 de 3 heures pour la livraison. Si votre adresse se trouve dans ces r\u00e9gions p\u00e9riph\u00e9riques, vous pouvez nous contacter pour conna\u00eetre les d\u00e9lais de livraison pr\u00e9vus ce jour-l\u00e0. <\/p>\n","protected":false},"excerpt":{"rendered":"<p>Popularis\u00e9e par le film <i>Pineapple Express<\/i> de 2008 qui mettait en vedette le com\u00e9dien et acteur canadien Seth Rogen, cette vari\u00e9t\u00e9 est un choix de choix pour plusieurs. Un hybride \u00e0 dominante Sativa , avec un THC de l\u2019ordre de 18 \u00e0 25%. Saveur d\u2019agrumes avec des notes d\u2019ananas, de pin et de terre.  <\/p>\n<p>Procure un high cr\u00e9atif tout en apportant de la vigilance et beaucoup trouvent que c\u2019est une excellente fum\u00e9e de jour. Les utilisations m\u00e9dicales comprennent l\u2019aide au stress, \u00e0 la d\u00e9pression et \u00e0 l\u2019anxi\u00e9t\u00e9. <\/p>\n<p>Sativa Hybride dominant.<\/p>\n","protected":false},"featured_media":17088,"comment_status":"open","ping_status":"closed","template":"","meta":{"_acf_changed":false},"product_brand":[],"product_cat":[249],"product_tag":[315],"class_list":{"0":"post-18586","1":"product","2":"type-product","3":"status-publish","4":"has-post-thumbnail","6":"product_cat-hybride-pot","7":"product_tag-offres-speciales","8":"pa_weight-1-oz-fr-ca","9":"pa_weight-1-2-oz-fr-ca","11":"first","12":"instock","13":"shipping-taxable","14":"purchasable","15":"product-type-variable"},"acf":[],"_links":{"self":[{"href":"https:\/\/420now.co\/fr-ca\/wp-json\/wp\/v2\/product\/18586","targetHints":{"allow":["GET"]}}],"collection":[{"href":"https:\/\/420now.co\/fr-ca\/wp-json\/wp\/v2\/product"}],"about":[{"href":"https:\/\/420now.co\/fr-ca\/wp-json\/wp\/v2\/types\/product"}],"replies":[{"embeddable":true,"href":"https:\/\/420now.co\/fr-ca\/wp-json\/wp\/v2\/comments?post=18586"}],"wp:featuredmedia":[{"embeddable":true,"href":"https:\/\/420now.co\/fr-ca\/wp-json\/wp\/v2\/media\/17088"}],"wp:attachment":[{"href":"https:\/\/420now.co\/fr-ca\/wp-json\/wp\/v2\/media?parent=18586"}],"wp:term":[{"taxonomy":"product_brand","embeddable":true,"href":"https:\/\/420now.co\/fr-ca\/wp-json\/wp\/v2\/product_brand?post=18586"},{"taxonomy":"product_cat","embeddable":true,"href":"https:\/\/420now.co\/fr-ca\/wp-json\/wp\/v2\/product_cat?post=18586"},{"taxonomy":"product_tag","embeddable":true,"href":"https:\/\/420now.co\/fr-ca\/wp-json\/wp\/v2\/product_tag?post=18586"}],"curies":[{"name":"wp","href":"https:\/\/api.w.org\/{rel}","templated":true}]}}