{"id":18590,"date":"2022-02-01T06:42:52","date_gmt":"2022-02-01T11:42:52","guid":{"rendered":"https:\/\/420now.co\/product\/granddaddy-purple\/"},"modified":"2026-03-12T16:09:50","modified_gmt":"2026-03-12T20:09:50","slug":"granddaddy-purple","status":"publish","type":"product","link":"https:\/\/420now.co\/fr-ca\/product\/granddaddy-purple\/","title":{"rendered":"Granddaddy Purple"},"content":{"rendered":"<p>Une vari\u00e9t\u00e9 \u00e0 dominante Indica , Granddaddy Purple est le r\u00e9sultat du croisement de Purple Urkle et Big Bud, ce qui a donn\u00e9 naissance \u00e0 cette vari\u00e9t\u00e9 exquise. Le cr\u00e9ateur Ken Estes a remport\u00e9 le premier prix de la <em>High Time Cup<\/em> 2006 avec cette vari\u00e9t\u00e9. <\/p>\n<p>La teneur moyenne en THC est d\u2019environ 20% et la Grandaddy Purple est \u00e9galement connue sous le nom de \u00ab Granddady Purps \u00bb, \u00ab Grandaddy Purple Kush \u00bb et \u00ab GDP \u00bb. C\u2019est une vari\u00e9t\u00e9 particuli\u00e8rement appr\u00e9ci\u00e9e par ceux qui souffrent de troubles du sommeil, y compris l\u2019insomnie &#8211; vous ressentirez un bon buzz ainsi qu\u2019une relaxation corporelle profonde.<\/p>\n<p>Commencez par quelques bouff\u00e9es pour voir comment elle vous affecte &#8211; elle est connue pour \u00eatre une vari\u00e9t\u00e9 \u00ab&nbsp;indica lourde&nbsp;\u00bb.<\/p>\n<h2>Granddaddy Purple Description des mauvaises herbes<\/h2>\n<p>Cr\u00e9\u00e9 en 2003 par le susmentionn\u00e9 Ken Estes de Californie. M. Estes est devenu une l\u00e9gende pour de nombreuses raisons dans le monde de la s\u00e9lection de marijuana, y compris son d\u00e9vouement \u00e0 maximiser les bienfaits m\u00e9dicaux de l\u2019herbe. En fait, c\u2019est ainsi qu\u2019il a commenc\u00e9 &#8211; apr\u00e8s avoir \u00e9t\u00e9 \u00e0 l\u2019h\u00f4pital et paralys\u00e9 du cou vers le bas et avoir finalement pris une bouff\u00e9e d\u2019herbe en d\u00e9sespoir de cause pour sa douleur et son \u00e9tat. C\u2019\u00e9tait en 1976, et il n\u2019a pas regard\u00e9 en arri\u00e8re. Sa premi\u00e8re exp\u00e9rience d\u2019autom\u00e9dication lui a permis de retrouver l\u2019app\u00e9tit et de profiter d\u2019une nuit de sommeil compl\u00e8te.    <\/p>\n<p>Les m\u00e9decins de Ken \u00e9taient sceptiques, mais il a continu\u00e9 \u00e0 s\u2019auto-m\u00e9dicamenter avec de la marijuana et a r\u00e9ussi \u00e0 \u00e9liminer les m\u00e9dicaments qu\u2019on lui prescrivait.<\/p>\n<p>Granddaddy Purple a \u00e9t\u00e9 cr\u00e9\u00e9 \u00e0 partir de cette d\u00e9dicace et apr\u00e8s que des amis am\u00e9rindiens aient donn\u00e9 \u00e0 Ken une partie de leur cannabis cultiv\u00e9 localement.<\/p>\n<h2>Granddaddy Purple Effets<\/h2>\n<p>Cette vari\u00e9t\u00e9 est une indica lourde qui frappe le corps et l\u2019esprit en m\u00eame temps apr\u00e8s quelques bouff\u00e9es. Votre corps ressentira probablement une super relaxation lorsque vous profiterez du bourdonnement c\u00e9r\u00e9bral qui laissera vos pens\u00e9es flotter. <\/p>\n<p>Les effets les plus courants sont \u00ab D\u00e9tendu \u00bb, \u00ab Somnolent \u00bb et \u00ab Heureux \u00bb apr\u00e8s avoir fum\u00e9 Granddaddy Purp. Cependant, les personnes qui ne connaissent pas la souche voudront peut-\u00eatre faire attention aux effets secondaires qui pourraient inclure des \u00e9tourdissements, des yeux secs et une bouche s\u00e8che. <\/p>\n<p>Certainement le plus souvent utilis\u00e9 comme fum\u00e9e nocturne.<\/p>\n<h2>Granddaddy Purple Avantages m\u00e9dicaux<\/h2>\n<p>Comme mentionn\u00e9, le cr\u00e9ateur de la vari\u00e9t\u00e9 Ken Estes est d\u00e9vou\u00e9 \u00e0 la recherche des bienfaits m\u00e9dicaux du cannabis et Granddaddy Purps a certainement \u00e9t\u00e9 appr\u00e9ci\u00e9 dans la communaut\u00e9 du cannabis m\u00e9dical pour de nombreuses raisons. Certains pensent que cette vari\u00e9t\u00e9 est quelque chose que vous gardez toujours et que vous pourriez essayer pour n\u2019importe quelle condition que vous souhaitez traiter. Mais plus couramment, il est utilis\u00e9 pour :  <\/p>\n<ul>\n<li>Stress<\/li>\n<li>Douleur<\/li>\n<li>Anxi\u00e9t\u00e9<\/li>\n<li>Troubles du sommeil, y compris l\u2019insomnie\n<\/ul>\n<p><em>REMARQUE : Les informations sur ce site sont fournies \u00e0 des fins \u00e9ducatives seulement et ne remplacent pas un avis m\u00e9dical professionnel. Consultez un professionnel de la sant\u00e9 avant utilisation.  Pour les adultes \u00e2g\u00e9s de 19 ans ou plus seulement.<\/em><\/p>\n<h2>Livraison de mauvaises herbes de Granddaddy Purple dans la r\u00e9gion du Grand Toronto (RGT)<\/h2>\n<p>Si vous \u00eates dans la r\u00e9gion du Grand Toronto (RGT), vous pouvez vous procurer de l\u2019herbe Granddaddy Purple en 2 heures* \u00e0 votre porte! Commandez avant 20 h et l\u2019un de nos chauffeurs vous livrera le jour m\u00eame, 2 heures gratuitement, lorsque vous commandez un minimum de 100,00 $ de l\u2019un des produits sur notre site Web.<\/p>\n<p>*Livraison en deux heures \u00e0 Toronto (Scarborough, North York, Etobicoke, DownTown, York \u2013 toutes les r\u00e9gions \u00e0 l\u2019int\u00e9rieur des fronti\u00e8res de la ville de Toronto), Richmond Hill, King, Aurora, Newmarket, Woodbridge, Vaughan et Markham.<\/p>\n<p>Pour les r\u00e9gions p\u00e9riph\u00e9riques telles que Brampton, Caledon, Mississauga, Pickering, Ajax, Whitby, Oshawa, Clarington, Scugog, Uxbridge, East Gwillimbury, Georgina et Brock, nous visons deux heures, mais veuillez vous attendre \u00e0 la possibilit\u00e9 de 3 heures pour la livraison. Si votre adresse se trouve dans ces r\u00e9gions p\u00e9riph\u00e9riques, vous pouvez nous contacter pour conna\u00eetre les d\u00e9lais de livraison pr\u00e9vus ce jour-l\u00e0. <\/p>\n","protected":false},"excerpt":{"rendered":"<p>Une vari\u00e9t\u00e9 \u00e0 dominante Indica , Granddaddy Purple est le r\u00e9sultat du croisement de Purple Urkle et Big Bud, ce qui a donn\u00e9 naissance \u00e0 cette vari\u00e9t\u00e9 exquise. Le cr\u00e9ateur Ken Estes a remport\u00e9 le premier prix de la <em>High Time Cup<\/em> 2006 avec cette vari\u00e9t\u00e9. <\/p>\n<p>La teneur moyenne en THC est d\u2019environ 20% et la Grandaddy Purple est \u00e9galement connue sous le nom de \u00ab Granddady Purps \u00bb, \u00ab Grandaddy Purple Kush \u00bb et \u00ab GDP \u00bb. C\u2019est une vari\u00e9t\u00e9 particuli\u00e8rement appr\u00e9ci\u00e9e par ceux qui souffrent de troubles du sommeil, y compris l\u2019insomnie &#8211; vous ressentirez un bon buzz ainsi qu\u2019une relaxation corporelle profonde.<\/p>\n","protected":false},"featured_media":17089,"comment_status":"open","ping_status":"closed","template":"","meta":{"_acf_changed":false},"product_brand":[],"product_cat":[250],"product_tag":[],"class_list":{"0":"post-18590","1":"product","2":"type-product","3":"status-publish","4":"has-post-thumbnail","6":"product_cat-pot-indica","7":"pa_weight-1-oz-fr-ca","8":"pa_weight-1-2-oz-fr-ca","9":"pa_weight-1-4-oz-fr-ca-2","11":"first","12":"instock","13":"shipping-taxable","14":"purchasable","15":"product-type-variable"},"acf":[],"_links":{"self":[{"href":"https:\/\/420now.co\/fr-ca\/wp-json\/wp\/v2\/product\/18590","targetHints":{"allow":["GET"]}}],"collection":[{"href":"https:\/\/420now.co\/fr-ca\/wp-json\/wp\/v2\/product"}],"about":[{"href":"https:\/\/420now.co\/fr-ca\/wp-json\/wp\/v2\/types\/product"}],"replies":[{"embeddable":true,"href":"https:\/\/420now.co\/fr-ca\/wp-json\/wp\/v2\/comments?post=18590"}],"wp:featuredmedia":[{"embeddable":true,"href":"https:\/\/420now.co\/fr-ca\/wp-json\/wp\/v2\/media\/17089"}],"wp:attachment":[{"href":"https:\/\/420now.co\/fr-ca\/wp-json\/wp\/v2\/media?parent=18590"}],"wp:term":[{"taxonomy":"product_brand","embeddable":true,"href":"https:\/\/420now.co\/fr-ca\/wp-json\/wp\/v2\/product_brand?post=18590"},{"taxonomy":"product_cat","embeddable":true,"href":"https:\/\/420now.co\/fr-ca\/wp-json\/wp\/v2\/product_cat?post=18590"},{"taxonomy":"product_tag","embeddable":true,"href":"https:\/\/420now.co\/fr-ca\/wp-json\/wp\/v2\/product_tag?post=18590"}],"curies":[{"name":"wp","href":"https:\/\/api.w.org\/{rel}","templated":true}]}}