{"id":18591,"date":"2022-02-01T00:14:18","date_gmt":"2022-02-01T05:14:18","guid":{"rendered":"https:\/\/420now.co\/product\/rockstar\/"},"modified":"2026-03-12T16:22:34","modified_gmt":"2026-03-12T20:22:34","slug":"rockstar","status":"publish","type":"product","link":"https:\/\/420now.co\/fr-ca\/product\/rockstar\/","title":{"rendered":"RockStar"},"content":{"rendered":"<p>Hybride \u00e0 dominante Indica , Rockstar est une vari\u00e9t\u00e9 cr\u00e9\u00e9e en croisant <em>Rock Bud<\/em> avec des vari\u00e9t\u00e9s <strong>Sensi Star<\/strong> . Un bourdonnement corporel rampant suit un high c\u00e9r\u00e9bral rapide &#8211; et cette vari\u00e9t\u00e9 pourrait vous donner l\u2019impression d\u2019\u00eatre coinc\u00e9 au canap\u00e9 &#8211; mais tr\u00e8s r\u00eaveur et paradisiaque. Il y a beaucoup de bonheur!  <\/p>\n<p>Les utilisateurs m\u00e9dicaux appr\u00e9cient l\u2019herbe Rockstar pour sa capacit\u00e9 \u00e0 aider \u00e0 soulager une vari\u00e9t\u00e9 de conditions, notamment la douleur chronique, la d\u00e9pression, les migraines, le stress, le TSPT et plus encore.<\/p>\n<p>Indica Hybride dominant.<\/p>\n<h2>RockStar Description de Strain de mauvaises herbes<\/h2>\n<p>Comme mentionn\u00e9, il s\u2019agit d\u2019un croisement entre Rock Bud et Sensi Star et un hybride qui est en t\u00eate \u00e0 environ 70% Indica . Les niveaux de THC typiques atteignent 19% avec un profil de saveur souvent d\u00e9crit comme skunk avec des notes florales et un soup\u00e7on de raisin et de vin \u00e9pic\u00e9. <\/p>\n<h2>Effets Rockstar<\/h2>\n<p>Rockstar peut \u00eatre une vari\u00e9t\u00e9 puissante avec un coup c\u00e9r\u00e9bral rapide que vous ressentirez peu de temps apr\u00e8s avoir commenc\u00e9 \u00e0 la fumer, vous laissant vous sentir comme une rock star dope! Il se glisse ensuite dans le corps, relaxant et soulageant la douleur, le stress musculaire et les tensions. Au fur et \u00e0 mesure que les effets se poursuivent, il y a un sentiment de bonheur tout au long &#8211; mais cela peut vous laisser enferm\u00e9 au canap\u00e9. Vous voudrez peut-\u00eatre avoir des collations \u00e0 proximit\u00e9, car \u00ab The Munchies \u00bb est souvent accompagn\u00e9 de la consommation de Rockstar.   <\/p>\n<p>Si vous avez donn\u00e9 un concert g\u00e9nial hier soir et que vous souffrez des s\u00e9quelles de la performance physique tout en \u00e9tant une star du rock n roll, ce bourgeon pourrait bien \u00eatre fait pour vous!<\/p>\n<h2>Utilisations m\u00e9dicales de Rockstar<\/h2>\n<p>Cette vari\u00e9t\u00e9 de cannabis est tr\u00e8s appr\u00e9ci\u00e9e par de nombreux utilisateurs m\u00e9dicaux pour sa capacit\u00e9 \u00e0 aider \u00e0 soulager et \u00e0 traiter les sympt\u00f4mes d\u2019une grande vari\u00e9t\u00e9 de conditions. Ceux-ci comprennent : <\/p>\n<ul>\n<li>Douleur chronique<\/li>\n<li>Migraines<\/li>\n<li>Naus\u00e9es<\/li>\n<li>D\u00e9pression<\/li>\n<li>TSPT<\/li>\n<li>Troubles bipolaires<\/li>\n<li>Perte d\u2019app\u00e9tit<\/li>\n<li>Spasmes musculaires<\/li>\n<\/ul>\n<p>Bien s\u00fbr, m\u00eame les artistes de rock\u2019n\u2019roll souffrent de spasmes musculaires et ressentent des douleurs chroniques, mais ils pourraient appr\u00e9cier les effets de cette vari\u00e9t\u00e9 de cannabis qui peut bloquer le canap\u00e9.<\/p>\n<p><em>REMARQUE : Les informations sur ce site sont fournies \u00e0 des fins \u00e9ducatives seulement et ne remplacent pas un avis m\u00e9dical professionnel. Consultez un professionnel de la sant\u00e9 avant utilisation.  Pour les adultes \u00e2g\u00e9s de 19 ans ou plus seulement.<\/em><\/p>\n<h2>Livraison de cannabis Rockstar dans la r\u00e9gion du Grand Toronto (RGT)<\/h2>\n<p>Si vous \u00eates dans la r\u00e9gion du Grand Toronto (RGT), vous pouvez vous procurer de l\u2019herbe Rockstar en 2 heures* \u00e0 votre porte! Commandez avant 20 h et l\u2019un de nos chauffeurs vous livrera le jour m\u00eame, 2 heures gratuitement, lorsque vous commandez un minimum de 100,00 $ de l\u2019un des produits sur notre site Web.<\/p>\n<p>*Livraison en deux heures \u00e0 Toronto (Scarborough, North York, Etobicoke, DownTown, York \u2013 toutes les r\u00e9gions \u00e0 l\u2019int\u00e9rieur des fronti\u00e8res de la ville de Toronto), Richmond Hill, King, Aurora, Newmarket, Woodbridge, Vaughan et Markham.<\/p>\n","protected":false},"excerpt":{"rendered":"<p>Hybride \u00e0 dominante Indica , Rockstar est une vari\u00e9t\u00e9 cr\u00e9\u00e9e en croisant <em>Rock Bud<\/em> avec des vari\u00e9t\u00e9s <strong>Sensi Star<\/strong> . Un bourdonnement corporel rampant suit un high c\u00e9r\u00e9bral rapide &#8211; et cette vari\u00e9t\u00e9 pourrait vous donner l\u2019impression d\u2019\u00eatre coinc\u00e9 au canap\u00e9 &#8211; mais tr\u00e8s r\u00eaveur et paradisiaque. Il y a beaucoup de bonheur!  <\/p>\n<p>Les utilisateurs m\u00e9dicaux appr\u00e9cient l\u2019herbe Rockstar pour sa capacit\u00e9 \u00e0 aider \u00e0 soulager une vari\u00e9t\u00e9 de conditions, notamment la douleur chronique, la d\u00e9pression, les migraines, le stress, le TSPT et plus encore.<\/p>\n<p>Indica Hybride dominant.<\/p>\n","protected":false},"featured_media":17417,"comment_status":"open","ping_status":"closed","template":"","meta":{"_acf_changed":false},"product_brand":[],"product_cat":[250],"product_tag":[315],"class_list":{"0":"post-18591","1":"product","2":"type-product","3":"status-publish","4":"has-post-thumbnail","6":"product_cat-pot-indica","7":"product_tag-offres-speciales","8":"pa_weight-1-oz-fr-ca","9":"pa_weight-1-2-oz-fr-ca","11":"first","12":"instock","13":"shipping-taxable","14":"purchasable","15":"product-type-variable"},"acf":[],"_links":{"self":[{"href":"https:\/\/420now.co\/fr-ca\/wp-json\/wp\/v2\/product\/18591","targetHints":{"allow":["GET"]}}],"collection":[{"href":"https:\/\/420now.co\/fr-ca\/wp-json\/wp\/v2\/product"}],"about":[{"href":"https:\/\/420now.co\/fr-ca\/wp-json\/wp\/v2\/types\/product"}],"replies":[{"embeddable":true,"href":"https:\/\/420now.co\/fr-ca\/wp-json\/wp\/v2\/comments?post=18591"}],"wp:featuredmedia":[{"embeddable":true,"href":"https:\/\/420now.co\/fr-ca\/wp-json\/wp\/v2\/media\/17417"}],"wp:attachment":[{"href":"https:\/\/420now.co\/fr-ca\/wp-json\/wp\/v2\/media?parent=18591"}],"wp:term":[{"taxonomy":"product_brand","embeddable":true,"href":"https:\/\/420now.co\/fr-ca\/wp-json\/wp\/v2\/product_brand?post=18591"},{"taxonomy":"product_cat","embeddable":true,"href":"https:\/\/420now.co\/fr-ca\/wp-json\/wp\/v2\/product_cat?post=18591"},{"taxonomy":"product_tag","embeddable":true,"href":"https:\/\/420now.co\/fr-ca\/wp-json\/wp\/v2\/product_tag?post=18591"}],"curies":[{"name":"wp","href":"https:\/\/api.w.org\/{rel}","templated":true}]}}