{"id":18598,"date":"2022-02-24T15:17:05","date_gmt":"2022-02-24T20:17:05","guid":{"rendered":"https:\/\/420now.co\/product\/420now-broyeur-en-plastique\/"},"modified":"2026-02-07T10:26:18","modified_gmt":"2026-02-07T15:26:18","slug":"420now-broyeur-en-plastique","status":"publish","type":"product","link":"https:\/\/420now.co\/fr-ca\/product\/420now-broyeur-en-plastique\/","title":{"rendered":"420Now Broyeur en plastique"},"content":{"rendered":"<p>Le broyeur peu co\u00fbteux parfait pour broyer votre herbe en particules plus petites pour la pr\u00e9paration \u00e0 rouler vos joints. Un \u00e9quipement indispensable \u00e0 avoir!   <\/p>\n<p>Nos broyeurs de mauvaises herbes sont livr\u00e9s avec les trois composants n\u00e9cessaires &#8211; un couvercle, une chambre de broyage et des piquets de broyage. Simple et facile \u00e0 utiliser.   <\/p>\n<h2>Utilisation d\u2019un broyeur \u00e0 mauvaises herbes en plastique<\/h2>\n<ol>\n<li>Retirez le couvercle en plastique du moulin pour exposer les dents saillantes du moulin. Les dents jouent le r\u00f4le principal dans le broyage de la mauvaise herbe.\n<li>Casser le bourgeon et le r\u00e9partir uniform\u00e9ment sur les chevilles en forme de dents. Il est recommand\u00e9 de ne pas remplir le moulin au-del\u00e0 de ce qu\u2019il peut supporter. Cela permet d\u2019assurer un meulage uniforme lorsque le couvercle est tourn\u00e9 et un meulage plus facile pour vous sans fuite.\n<li>Apr\u00e8s avoir rempli le moulin \u00e0 la quantit\u00e9 souhait\u00e9e, replacez le couvercle et tout en tenant le fond d\u2019une main, tournez le couvercle de l\u2019autre main. Au d\u00e9but, vous pouvez ressentir de la r\u00e9sistance, mais continuez \u00e0 tourner jusqu\u2019\u00e0 ce qu\u2019il y ait peu de r\u00e9sistance lorsque vous broyez la fleur.\n<li>Retirez votre herbe moulue du broyeur et consommez\/fumez comme vous le souhaitez!\n<\/ol>\n","protected":false},"excerpt":{"rendered":"<p>Le broyeur peu co\u00fbteux parfait pour broyer votre herbe en particules plus petites pour la pr\u00e9paration \u00e0 rouler vos joints. Un \u00e9quipement indispensable \u00e0 avoir!   <\/p>\n<p>Nos broyeurs de mauvaises herbes sont livr\u00e9s avec les trois composants n\u00e9cessaires &#8211; un couvercle, une chambre de broyage et des piquets de broyage. Simple et facile \u00e0 utiliser.   <\/p>\n","protected":false},"featured_media":17099,"comment_status":"closed","ping_status":"closed","template":"","meta":{"_acf_changed":false},"product_brand":[],"product_cat":[258,256],"product_tag":[],"class_list":{"0":"post-18598","1":"product","2":"type-product","3":"status-publish","4":"has-post-thumbnail","6":"product_cat-broyeurs","7":"product_cat-attirail","9":"first","10":"instock","11":"shipping-taxable","12":"purchasable","13":"product-type-simple"},"acf":[],"_links":{"self":[{"href":"https:\/\/420now.co\/fr-ca\/wp-json\/wp\/v2\/product\/18598","targetHints":{"allow":["GET"]}}],"collection":[{"href":"https:\/\/420now.co\/fr-ca\/wp-json\/wp\/v2\/product"}],"about":[{"href":"https:\/\/420now.co\/fr-ca\/wp-json\/wp\/v2\/types\/product"}],"replies":[{"embeddable":true,"href":"https:\/\/420now.co\/fr-ca\/wp-json\/wp\/v2\/comments?post=18598"}],"wp:featuredmedia":[{"embeddable":true,"href":"https:\/\/420now.co\/fr-ca\/wp-json\/wp\/v2\/media\/17099"}],"wp:attachment":[{"href":"https:\/\/420now.co\/fr-ca\/wp-json\/wp\/v2\/media?parent=18598"}],"wp:term":[{"taxonomy":"product_brand","embeddable":true,"href":"https:\/\/420now.co\/fr-ca\/wp-json\/wp\/v2\/product_brand?post=18598"},{"taxonomy":"product_cat","embeddable":true,"href":"https:\/\/420now.co\/fr-ca\/wp-json\/wp\/v2\/product_cat?post=18598"},{"taxonomy":"product_tag","embeddable":true,"href":"https:\/\/420now.co\/fr-ca\/wp-json\/wp\/v2\/product_tag?post=18598"}],"curies":[{"name":"wp","href":"https:\/\/api.w.org\/{rel}","templated":true}]}}