{"id":18604,"date":"2022-02-03T13:54:23","date_gmt":"2022-02-03T18:54:23","guid":{"rendered":"https:\/\/420now.co\/product\/island-sweet-skunk\/"},"modified":"2026-03-12T16:01:19","modified_gmt":"2026-03-12T20:01:19","slug":"island-sweet-skunk","status":"publish","type":"product","link":"https:\/\/420now.co\/fr-ca\/product\/island-sweet-skunk\/","title":{"rendered":"Island Sweet Skunk"},"content":{"rendered":"<p>Les Canadiens de la c\u00f4te du Pacifique connaissent tr\u00e8s bien cette vari\u00e9t\u00e9 &#8211; c\u2019est Island Sweet Skunk qui a \u00e9t\u00e9 cultiv\u00e9e sur l\u2019\u00eele de Vancouver, d\u2019o\u00f9 elle est originaire il y a plus de quelques d\u00e9cennies. Bien que la teneur en THC puisse atteindre 19%, \u00e9tant une Sativa, c\u2019est une excellente fum\u00e9e de jour, fournissant de l\u2019\u00e9nergie mentale et de la concentration. <\/p>\n<p>L\u2019effet corporel est doux et relaxant et beaucoup appr\u00e9cient la tension pour l\u2019\u00e9nergie c\u00e9r\u00e9brale qu\u2019elle procure.<\/p>\n<h2>Island Sweet Skunk Description des mauvaises herbes<\/h2>\n<p>Il y a beaucoup d\u2019affirmations diff\u00e9rentes sur qui a cr\u00e9\u00e9 Island Sweet Skunk et quelle est son ascendance g\u00e9n\u00e9tique. Certains disent qu\u2019il s\u2019agit d\u2019un croisement entre Northern Lights et Haze, avec une vari\u00e9t\u00e9 de pamplemousse femelle. D\u2019autres disent que c\u2019est Skunk #1 crois\u00e9e avec Sweet Pink Grapefruit. Certains disent Sweet Skunk avec une Sativa inconnue. Avec cette souche, nous ne sommes pas des experts et n\u2019avons pas \u00e9t\u00e9 en mesure de retracer une affirmation officielle o\u00f9 il y a un consensus. Donc, nous allons en rester l\u00e0 pour l\u2019instant.     <\/p>\n<p>Quoi qu\u2019il en soit, en 2013, cette vari\u00e9t\u00e9 a figur\u00e9 sur la liste des dix meilleures vari\u00e9t\u00e9s canadiennes de tous les temps. C\u2019est donc une bonne vari\u00e9t\u00e9 si vous recherchez une dominance Sativa de premier ordre qui est id\u00e9ale pour vos fum\u00e9es de jour et de travail. <\/p>\n<p>La saveur est skunky, mais avec quelques notes sucr\u00e9es et vous pourriez d\u00e9tecter des notes de pamplemousse, sinon g\u00e9n\u00e9ralement fruit\u00e9es, dans l\u2019ar\u00f4me.<\/p>\n<h2>Island Sweet Skunk Effets<\/h2>\n<p>Cette vari\u00e9t\u00e9 \u00e0 dominante sativa procure un effet \u00e9nergique, ce qui la rend id\u00e9ale pour une utilisation diurne. Certains le d\u00e9crivent comme un \u00ab high joyeux \u00bb avec des effets \u00e9difiants certains. Concentr\u00e9 et cr\u00e9atif sont \u00e9galement signal\u00e9s parmi ses fans.  <\/p>\n<p>Vous l\u2019appr\u00e9cierez probablement pendant la journ\u00e9e pour le plaisir ou pour un usage m\u00e9dicinal. Cela ne vous fera probablement pas ressentir le besoin de dormir. <\/p>\n<p>Elle peut causer une s\u00e9cheresse buccale et oculaire et, dans de rares cas, de la parano\u00efa.<\/p>\n<h2>Bienfaits m\u00e9dicaux de Island Sweet Skunk<\/h2>\n<p>Cette vari\u00e9t\u00e9 est une excellente vari\u00e9t\u00e9 de jour pour les m\u00e9dicaments et a \u00e9t\u00e9 s\u00e9lectionn\u00e9e par un certain nombre de personnes pour traiter un large \u00e9ventail de probl\u00e8mes. Ceux-ci comprennent : <\/p>\n<ul>\n<li>Arthrite<\/li>\n<li>Douleur chronique<\/li>\n<li>Stress<\/li>\n<li>D\u00e9pression<\/li>\n<li>Migraines<\/li>\n<li>Fatigue<\/li>\n<li>Naus\u00e9es<\/li>\n<\/ul>\n<p><em>REMARQUE : Les informations sur ce site sont fournies \u00e0 des fins \u00e9ducatives seulement et ne remplacent pas un avis m\u00e9dical professionnel. Consultez un professionnel de la sant\u00e9 avant utilisation. Pour les adultes \u00e2g\u00e9s de 19 ans ou plus seulement.<\/em><\/p>\n<h2>Island Sweet Skunk Livraison de mauvaises herbes &#8211; R\u00e9gion du Grand Toronto (RGT)<\/h2>\n<p>d<br \/>\nSi vous \u00eates dans la r\u00e9gion du Grand Toronto (RGT), vous pouvez vous procurer de l\u2019herbe Island Sweet Skunk en 2 heures* \u00e0 votre porte! Commandez avant 20 h et l\u2019un de nos chauffeurs vous livrera le jour m\u00eame, 2 heures gratuitement, lorsque vous commandez un minimum de 100,00 $ de l\u2019un des produits sur notre site Web.<\/p>\n<p>*Livraison en deux heures \u00e0 Toronto (Scarborough, North York, Etobicoke, DownTown, York \u2013 toutes les r\u00e9gions \u00e0 l\u2019int\u00e9rieur des fronti\u00e8res de la ville de Toronto), Richmond Hill, King, Aurora, Newmarket, Woodbridge, Vaughan et Markham.<\/p>\n<p>Pour les r\u00e9gions p\u00e9riph\u00e9riques telles que Brampton, Caledon, Mississauga, Pickering, Ajax, Whitby, Oshawa, Clarington, Scugog, Uxbridge, East Gwillimbury, Georgina et Brock, nous visons deux heures, mais veuillez vous attendre \u00e0 la possibilit\u00e9 de 3 heures pour la livraison. Si votre adresse se trouve dans ces r\u00e9gions p\u00e9riph\u00e9riques, vous pouvez nous contacter pour conna\u00eetre les d\u00e9lais de livraison pr\u00e9vus ce jour-l\u00e0. <\/p>\n","protected":false},"excerpt":{"rendered":"<p>Les Canadiens de la c\u00f4te du Pacifique connaissent tr\u00e8s bien cette vari\u00e9t\u00e9 &#8211; c\u2019est Island Sweet Skunk qui a \u00e9t\u00e9 cultiv\u00e9e sur l\u2019\u00eele de Vancouver, d\u2019o\u00f9 elle est originaire il y a plus de quelques d\u00e9cennies. Bien que la teneur en THC puisse atteindre 19%, \u00e9tant une Sativa, c\u2019est une excellente fum\u00e9e de jour, fournissant de l\u2019\u00e9nergie mentale et de la concentration. <\/p>\n<p>L\u2019effet corporel est doux et relaxant et beaucoup appr\u00e9cient la tension pour l\u2019\u00e9nergie c\u00e9r\u00e9brale qu\u2019elle procure.<\/p>\n","protected":false},"featured_media":17092,"comment_status":"open","ping_status":"closed","template":"","meta":{"_acf_changed":false},"product_brand":[],"product_cat":[255],"product_tag":[],"class_list":{"0":"post-18604","1":"product","2":"type-product","3":"status-publish","4":"has-post-thumbnail","6":"product_cat-pot-sativa","7":"pa_weight-1-oz-fr-ca","8":"pa_weight-1-2-oz-fr-ca","9":"pa_weight-1-4-oz-fr-ca-2","11":"first","12":"instock","13":"shipping-taxable","14":"purchasable","15":"product-type-variable"},"acf":[],"_links":{"self":[{"href":"https:\/\/420now.co\/fr-ca\/wp-json\/wp\/v2\/product\/18604","targetHints":{"allow":["GET"]}}],"collection":[{"href":"https:\/\/420now.co\/fr-ca\/wp-json\/wp\/v2\/product"}],"about":[{"href":"https:\/\/420now.co\/fr-ca\/wp-json\/wp\/v2\/types\/product"}],"replies":[{"embeddable":true,"href":"https:\/\/420now.co\/fr-ca\/wp-json\/wp\/v2\/comments?post=18604"}],"wp:featuredmedia":[{"embeddable":true,"href":"https:\/\/420now.co\/fr-ca\/wp-json\/wp\/v2\/media\/17092"}],"wp:attachment":[{"href":"https:\/\/420now.co\/fr-ca\/wp-json\/wp\/v2\/media?parent=18604"}],"wp:term":[{"taxonomy":"product_brand","embeddable":true,"href":"https:\/\/420now.co\/fr-ca\/wp-json\/wp\/v2\/product_brand?post=18604"},{"taxonomy":"product_cat","embeddable":true,"href":"https:\/\/420now.co\/fr-ca\/wp-json\/wp\/v2\/product_cat?post=18604"},{"taxonomy":"product_tag","embeddable":true,"href":"https:\/\/420now.co\/fr-ca\/wp-json\/wp\/v2\/product_tag?post=18604"}],"curies":[{"name":"wp","href":"https:\/\/api.w.org\/{rel}","templated":true}]}}