{"id":18605,"date":"2022-02-01T14:10:03","date_gmt":"2022-02-01T19:10:03","guid":{"rendered":"https:\/\/420now.co\/product\/death-bubba\/"},"modified":"2026-03-12T16:03:48","modified_gmt":"2026-03-12T20:03:48","slug":"death-bubba-2","status":"publish","type":"product","link":"https:\/\/420now.co\/fr-ca\/product\/death-bubba-2\/","title":{"rendered":"Death Bubba"},"content":{"rendered":"<p>Death Bubba est une vari\u00e9t\u00e9 originaire de Vancouver, en Colombie-Britannique, et le r\u00e9sultat du travail de g\u00e9nie des s\u00e9lectionneurs <em>Sea et Sky<\/em>. Bien qu\u2019elle porte un nom partiel pour ses origines, <em>\u00c9toile de la Mort<\/em> et <em>Bubba Kush<\/em>, certains plaisantent en disant que cette vari\u00e9t\u00e9 vous plongera dans un sommeil profond aussi pr\u00e8s de la mort que vous ne l\u2019aurez avant de conna\u00eetre la mort r\u00e9elle. Nous ne voulons pas \u00eatre morbides, mais plut\u00f4t la description des effets de cette souche sur vous.  <\/p>\n<p>Sa teneur en THC se situe g\u00e9n\u00e9ralement entre 22 et 27% &#8211; et sa puissance peut vous assommer. D\u00e9butants, soyez conscients! M\u00eame les consommateurs de cannabis chevronn\u00e9s voudront aborder l\u2019emprise de Death Bubba avec une certaine prudence. Une vari\u00e9t\u00e9 percutante qui procure une euphorie b\u00e9ate, puis s\u2019insinue dans le corps avec des picotements, des engourdissements et une relaxation profonde.   <\/p>\n<h2>Death Bubba Description de Strain de mauvaises herbes<\/h2>\n<p>Vert for\u00eat avec une teinte violette, et un croisement entre Death Star et Bubba Kush. Trichomes blancs et poils orange. Les niveaux de THC se situent g\u00e9n\u00e9ralement entre 22 et 27%, mais cette vari\u00e9t\u00e9 peut parfois atteindre 30% de THC! Il a des ar\u00f4mes et des saveurs qui incluent le pin, le citron, le houblon et le caf\u00e9.   <\/p>\n<h2>Death Bubba Effets des mauvaises herbes<\/h2>\n<p>La premi\u00e8re chose que vous remarquerez sera certainement les effets psychoactifs de Death Bubba &#8211; et le coup sera rapide et dur. Il peut stimuler l\u2019humeur presque imm\u00e9diatement, avec des sentiments de bonheur et d\u2019euphorie, avant qu\u2019il ne s\u2019empare de votre corps avec des sensations de picotements. Vous vous sentirez probablement un peu espac\u00e9 &#8211; d\u2019accord, peut-\u00eatre un peu espac\u00e9 \u00e0 mesure que votre corps s\u2019enfonce plus profond\u00e9ment.  <\/p>\n<p>Cette vari\u00e9t\u00e9 n\u2019est certainement pas une vari\u00e9t\u00e9 o\u00f9 vous voulez amplifier les occasions sociales. Cela provoquera probablement une introspection personnelle qui finira par \u00eatre tr\u00e8s profonde. Ce n\u2019est certainement pas une fum\u00e9e de jour ou pour quand vous voulez faire avancer les choses. Mais c\u2019est un excellent choix lorsque vous voulez une tr\u00e8s bonne nuit de sommeil &#8211; vous ne r\u00e9aliserez peut-\u00eatre m\u00eame pas que vous vous endormez, mais vous vous r\u00e9veillerez repos\u00e9. C\u2019est l\u2019une des qualit\u00e9s qui donne \u00e0 Death Bubba un avantage significatif pour ceux qui ont besoin d\u2019une solution de cannabis m\u00e9dical pour l\u2019insomnie et d\u2019autres troubles du sommeil.    <\/p>\n<h2>Avantages m\u00e9dicaux de Death Bubba<\/h2>\n<p>Il s\u2019agit d\u2019une vari\u00e9t\u00e9 qui peut vraiment vous aider \u00e0 oublier vos douleurs, votre stress mental et \u00e0 favoriser le sommeil &#8211; ce qui est souvent une exigence majeure pour toute personne souffrant de tout type de probl\u00e8me de sant\u00e9. La privation de sommeil est courante avec de nombreuses conditions m\u00e9dicales et Death Bubba peut \u00eatre la solution pour r\u00e9soudre ce probl\u00e8me. <\/p>\n<p>Bien qu\u2019il ait des propri\u00e9t\u00e9s s\u00e9datives, il peut \u00e9galement fournir une explosion mentale d\u2019\u00e9nergie avant que l\u2019introspection, le bourdonnement corporel et \u00e9ventuellement le sommeil ne s\u2019installent.<\/p>\n<p>La souche a \u00e9t\u00e9 utilis\u00e9e pour traiter :<\/p>\n<ul>\n<li>Stress<\/li>\n<li>Anxi\u00e9t\u00e9<\/li>\n<li>D\u00e9pression<\/li>\n<li>Douleur chronique<\/li>\n<li>Inflammation<\/li>\n<\/ul>\n<p><em>REMARQUE : Les informations sur ce site sont fournies \u00e0 des fins \u00e9ducatives seulement et ne remplacent pas un avis m\u00e9dical professionnel. Consultez un professionnel de la sant\u00e9 avant utilisation.  Pour les adultes \u00e2g\u00e9s de 19 ans ou plus seulement.<\/em><\/p>\n<h2>Livraison de Death Bubba dans la r\u00e9gion du Grand Toronto (RGT)<\/h2>\n<p>Si vous \u00eates dans la r\u00e9gion du Grand Toronto (RGT), vous pouvez vous procurer de l\u2019herbe Death Bubba en 2 heures* \u00e0 votre porte! Commandez avant 20 h et l\u2019un de nos chauffeurs vous livrera le jour m\u00eame, 2 heures gratuitement, lorsque vous commandez un minimum de 100,00 $ de l\u2019un des produits sur notre site Web.<\/p>\n<p>*Livraison en deux heures \u00e0 Toronto (Scarborough, North York, Etobicoke, DownTown, York \u2013 toutes les r\u00e9gions \u00e0 l\u2019int\u00e9rieur des fronti\u00e8res de la ville de Toronto), Richmond Hill, King, Aurora, Newmarket, Woodbridge, Vaughan et Markham.<\/p>\n<p>Pour les r\u00e9gions p\u00e9riph\u00e9riques telles que Brampton, Caledon, Mississauga, Pickering, Ajax, Whitby, Oshawa, Clarington, Scugog, Uxbridge, East Gwillimbury, Georgina et Brock, nous visons deux heures, mais veuillez vous attendre \u00e0 la possibilit\u00e9 de 3 heures pour la livraison. Si votre adresse se trouve dans ces r\u00e9gions p\u00e9riph\u00e9riques, vous pouvez nous contacter pour conna\u00eetre les d\u00e9lais de livraison pr\u00e9vus ce jour-l\u00e0. <\/p>\n","protected":false},"excerpt":{"rendered":"<p>Death Bubba est une vari\u00e9t\u00e9 originaire de Vancouver, en Colombie-Britannique, et le r\u00e9sultat du travail de g\u00e9nie des s\u00e9lectionneurs <em>Sea et Sky<\/em>. Bien qu\u2019elle porte un nom partiel pour ses origines, <em>\u00c9toile de la Mort<\/em> et <em>Bubba Kush<\/em>, certains plaisantent en disant que cette vari\u00e9t\u00e9 vous plongera dans un sommeil profond aussi pr\u00e8s de la mort que vous ne l\u2019aurez avant de conna\u00eetre la mort r\u00e9elle. Nous ne voulons pas \u00eatre morbides, mais plut\u00f4t la description des effets de cette souche sur vous.  <\/p>\n<p>Sa teneur en THC se situe g\u00e9n\u00e9ralement entre 22 et 27% &#8211; et sa puissance peut vous assommer. D\u00e9butants, soyez conscients! M\u00eame les consommateurs de cannabis chevronn\u00e9s voudront aborder l\u2019emprise de Death Bubba avec une certaine prudence. Une vari\u00e9t\u00e9 percutante qui procure une euphorie b\u00e9ate, puis s\u2019insinue dans le corps avec des picotements, des engourdissements et une relaxation profonde.   <\/p>\n<p>Indica Hybride dominant (70\/30).<\/p>\n","protected":false},"featured_media":17091,"comment_status":"open","ping_status":"closed","template":"","meta":{"_acf_changed":false},"product_brand":[],"product_cat":[250],"product_tag":[],"class_list":{"0":"post-18605","1":"product","2":"type-product","3":"status-publish","4":"has-post-thumbnail","6":"product_cat-pot-indica","7":"pa_weight-1-oz-fr-ca","8":"pa_weight-1-2-oz-fr-ca","9":"pa_weight-1-4-oz-fr-ca-2","11":"first","12":"instock","13":"shipping-taxable","14":"purchasable","15":"product-type-variable"},"acf":[],"_links":{"self":[{"href":"https:\/\/420now.co\/fr-ca\/wp-json\/wp\/v2\/product\/18605","targetHints":{"allow":["GET"]}}],"collection":[{"href":"https:\/\/420now.co\/fr-ca\/wp-json\/wp\/v2\/product"}],"about":[{"href":"https:\/\/420now.co\/fr-ca\/wp-json\/wp\/v2\/types\/product"}],"replies":[{"embeddable":true,"href":"https:\/\/420now.co\/fr-ca\/wp-json\/wp\/v2\/comments?post=18605"}],"wp:featuredmedia":[{"embeddable":true,"href":"https:\/\/420now.co\/fr-ca\/wp-json\/wp\/v2\/media\/17091"}],"wp:attachment":[{"href":"https:\/\/420now.co\/fr-ca\/wp-json\/wp\/v2\/media?parent=18605"}],"wp:term":[{"taxonomy":"product_brand","embeddable":true,"href":"https:\/\/420now.co\/fr-ca\/wp-json\/wp\/v2\/product_brand?post=18605"},{"taxonomy":"product_cat","embeddable":true,"href":"https:\/\/420now.co\/fr-ca\/wp-json\/wp\/v2\/product_cat?post=18605"},{"taxonomy":"product_tag","embeddable":true,"href":"https:\/\/420now.co\/fr-ca\/wp-json\/wp\/v2\/product_tag?post=18605"}],"curies":[{"name":"wp","href":"https:\/\/api.w.org\/{rel}","templated":true}]}}