{"id":18610,"date":"2022-02-12T16:49:10","date_gmt":"2022-02-12T21:49:10","guid":{"rendered":"https:\/\/420now.co\/product\/mimosa\/"},"modified":"2026-03-12T15:56:35","modified_gmt":"2026-03-12T19:56:35","slug":"mimosa","status":"publish","type":"product","link":"https:\/\/420now.co\/fr-ca\/product\/mimosa\/","title":{"rendered":"Mimosa"},"content":{"rendered":"<p>Si vous recherchez une vari\u00e9t\u00e9 qui offre des effets joyeux et stimulants mais qui vous laissera toujours dans un \u00e9tat d\u2019esprit \u00e9quilibr\u00e9, Mimosa est une vari\u00e9t\u00e9 que vous devez essayer d\u00e8s aujourd\u2019hui. Cette vari\u00e9t\u00e9 \u00e0 dominante Sativa peut vous relever et vous motiver. Certaines t\u00e2ches que vous remettez \u00e0 plus tard parce qu\u2019elles sont ennuyeuses, mais vous savez que vous devez les accomplir? Roulez un peu de Mimosa, allumez-le, inspirez quelques fois, et voyons \u00e0 quel point vous pouvez \u00eatre productif pour marquer toutes les choses que vous avez remises \u00e0 plus tard sur votre liste de choses \u00e0 faire.   <\/p>\n<p>Par contre, si vous fumez trop de cette vari\u00e9t\u00e9 \u00e0 la fois, cela pourrait vous laisser un peu somnolent&#8230; mais sinon, une bonne fum\u00e9e de jour lorsque vous voulez faire avancer les choses.<\/p>\n<h2>Mimosa Description de la Strain de cannabis<\/h2>\n<p>Mimosa existe depuis environ 2017, lorsque <em>Symbiotic Genetics<\/em> a travaill\u00e9 sur le croisement <a href=\"https:\/\/420now.co\/fr-ca\/product\/purple-punch-aaaa\/\">Purple Punch<\/a> Clementine. C\u2019est l\u2019une des vari\u00e9t\u00e9s \u00e0 dominante Sativa \u00e0 haute teneur en THC qui peut atteindre des niveaux de 27% de THC. En 2018, Symbiotic Genetics a soumis sa vari\u00e9t\u00e9 Mimosa au jugement et s\u2019est class\u00e9e 3e dans la cat\u00e9gorie des fleurs hybrides pour la <em>Central Valley High Times Cup<\/em>.  <\/p>\n<p>Il est particuli\u00e8rement populaire au Colorado &#8211; o\u00f9 ce bourgeon a gagn\u00e9 un \u00e9norme public et est maintenant introduit sur le march\u00e9 ontarien avec des critiques tr\u00e8s \u00e9logieuses. Pour certains, elle devient rapidement leur fum\u00e9e diurne pr\u00e9f\u00e9r\u00e9e. <\/p>\n<h2>Mimosa Effets des mauvaises herbes<\/h2>\n<p>Ah, ces dimanches matins et vous voudrez peut-\u00eatre commencer la journ\u00e9e apr\u00e8s une nuit folle &#8211; alors vous m\u00e9langez du champagne avec un grand verre de jus d\u2019orange! Un Mimosa&#8230; <\/p>\n<p>Mais un joint de Mimosa pourrait \u00eatre encore mieux! Bien qu\u2019elle porte le nom de la boisson du dimanche matin en raison de son go\u00fbt d\u2019agrumes, cette herbe pourrait \u00eatre bien meilleure que la boisson originale, aidant \u00e0 soulager les somnolences et les maux de t\u00eate le lendemain matin. <\/p>\n<p>Il s\u2019agit d\u2019une vari\u00e9t\u00e9 qui peut vous aider \u00e0 g\u00e9rer les maux de t\u00eate et qui a tendance \u00e0 stabiliser votre humeur, tout en pompant de l\u2019\u00e9nergie mentale et de la concentration. C\u2019est une excellente fum\u00e9e matinale ou diurne en petites quantit\u00e9s. <\/p>\n<p>Cela peut provoquer une s\u00e9cheresse extr\u00eame dans la bouche, alors assurez-vous d\u2019avoir un verre d\u2019eau ou une autre boisson \u00e0 proximit\u00e9 &#8211; peut-\u00eatre aussi un peu du Mimosa original &#8211; du champagne et du jus d\u2019orange? Ou simplement le jus sans le champagne. <\/p>\n<h2>Bienfaits m\u00e9dicaux du Mimosa<\/h2>\n<p>Parce qu\u2019il s\u2019agit d\u2019une excellente vari\u00e9t\u00e9 pour me lever, elle a de nombreuses utilisations pour ses bienfaits m\u00e9dicinaux, en particulier pour la clart\u00e9 mentale. Voici quelques-unes des conditions pour lesquelles il est utile : <\/p>\n<ul>\n<li>La gueule de bois du matin<\/li>\n<li>\u00c9tourdissement matinal<\/li>\n<li>TDAH<\/li>\n<li>D\u00e9pression<\/li>\n<li>Troubles de l\u2019app\u00e9tit et de l\u2019alimentation<\/li>\n<li>Migraines<\/li>\n<\/ul>\n<p><em><br \/>\nREMARQUE : Les informations sur ce site sont fournies \u00e0 des fins \u00e9ducatives seulement et ne remplacent pas un avis m\u00e9dical professionnel.<\/em><\/p>\n<h2>Livraison de Mimosa dans la r\u00e9gion de Toronto<\/h2>\n<p>Si vous \u00eates dans la r\u00e9gion du Grand Toronto (RGT), vous pouvez vous faire livrer l\u2019herbe Mimosa dans les 2 heures* \u00e0 votre porte! Commandez avant 20 h et l\u2019un de nos chauffeurs vous livrera le jour m\u00eame, 2 heures gratuitement avant 22 h lorsque vous commandez un minimum de 100,00 $ de l\u2019un des produits sur notre site Web. <\/p>\n<p>*Livraison en deux heures \u00e0 Toronto (Scarborough, North York, Etobicoke, DownTown, York \u2013 toutes les r\u00e9gions \u00e0 l\u2019int\u00e9rieur des fronti\u00e8res de la ville de Toronto), Richmond Hill, King, Aurora, Newmarket, Woodbridge, Vaughan et Markham.<\/p>\n<p>Pour les r\u00e9gions p\u00e9riph\u00e9riques telles que Brampton, Caledon, Mississauga, Pickering, Ajax, Whitby, Oshawa, Clarington, Scugog, Uxbridge, East Gwillimbury, Georgina et Brock, nous visons deux heures, mais veuillez vous attendre \u00e0 la possibilit\u00e9 de 3 heures pour la livraison. Si votre adresse se trouve dans ces r\u00e9gions p\u00e9riph\u00e9riques, vous pouvez nous contacter pour conna\u00eetre les d\u00e9lais de livraison pr\u00e9vus ce jour-l\u00e0. <\/p>\n","protected":false},"excerpt":{"rendered":"<p>Si vous cherchez une vari\u00e9t\u00e9 qui offre des effets heureux et stimulants, mais qui vous garde toujours dans un \u00e9tat d\u2019esprit \u00e9quilibr\u00e9, la Mimosa est une vari\u00e9t\u00e9 que vous devez essayer d\u00e8s aujourd\u2019hui. Cette vari\u00e9t\u00e9 dominante en Sativa peut vous remonter et vous donner de la motivation. Il y a des t\u00e2ches que tu repousses parce qu\u2019elles sont ennuyeuses mais tu sais que tu dois les accomplir? Roulez un peu de mimosa, et voyons \u00e0 quel point vous pouvez \u00eatre productif pour cocher toutes ces choses sur votre liste de choses \u00e0 faire que vous repoussiez.<\/p>\n<p>Par contre, si vous fumez trop, cela pourrait vous laisser un peu somnolent&#8230; mais une bonne fum\u00e9e de jour lorsque vous voulez faire avancer les choses.<\/p>\n<p>EN RUPTURE DE STOCK<\/p>\n","protected":false},"featured_media":17094,"comment_status":"open","ping_status":"closed","template":"","meta":{"_acf_changed":false},"product_brand":[],"product_cat":[249],"product_tag":[],"class_list":{"0":"post-18610","1":"product","2":"type-product","3":"status-publish","4":"has-post-thumbnail","6":"product_cat-hybride-pot","7":"pa_weight-1-oz-fr-ca","8":"pa_weight-1-2-oz-fr-ca","9":"pa_weight-1-4-oz-fr-ca-2","11":"first","12":"outofstock","13":"shipping-taxable","14":"purchasable","15":"product-type-variable"},"acf":[],"_links":{"self":[{"href":"https:\/\/420now.co\/fr-ca\/wp-json\/wp\/v2\/product\/18610","targetHints":{"allow":["GET"]}}],"collection":[{"href":"https:\/\/420now.co\/fr-ca\/wp-json\/wp\/v2\/product"}],"about":[{"href":"https:\/\/420now.co\/fr-ca\/wp-json\/wp\/v2\/types\/product"}],"replies":[{"embeddable":true,"href":"https:\/\/420now.co\/fr-ca\/wp-json\/wp\/v2\/comments?post=18610"}],"wp:featuredmedia":[{"embeddable":true,"href":"https:\/\/420now.co\/fr-ca\/wp-json\/wp\/v2\/media\/17094"}],"wp:attachment":[{"href":"https:\/\/420now.co\/fr-ca\/wp-json\/wp\/v2\/media?parent=18610"}],"wp:term":[{"taxonomy":"product_brand","embeddable":true,"href":"https:\/\/420now.co\/fr-ca\/wp-json\/wp\/v2\/product_brand?post=18610"},{"taxonomy":"product_cat","embeddable":true,"href":"https:\/\/420now.co\/fr-ca\/wp-json\/wp\/v2\/product_cat?post=18610"},{"taxonomy":"product_tag","embeddable":true,"href":"https:\/\/420now.co\/fr-ca\/wp-json\/wp\/v2\/product_tag?post=18610"}],"curies":[{"name":"wp","href":"https:\/\/api.w.org\/{rel}","templated":true}]}}