{"id":18614,"date":"2022-02-01T10:26:55","date_gmt":"2022-02-01T15:26:55","guid":{"rendered":"https:\/\/420now.co\/product\/dosidos\/"},"modified":"2026-03-12T16:07:42","modified_gmt":"2026-03-12T20:07:42","slug":"dosidos","status":"publish","type":"product","link":"https:\/\/420now.co\/fr-ca\/product\/dosidos\/","title":{"rendered":"Dosidos"},"content":{"rendered":"<p>Vous pouvez faire du Dosido avec votre partenaire, ou vous pouvez faire du Do-Si-Dos avec votre esprit en utilisant cette dominante Indica tr\u00e8s lourde qui peut faire pencher la balance \u00e0 30% de THC. Mieux encore, trouvez un partenaire et vous pourrez tous les deux profiter de l\u2019esprit avec cette vari\u00e9t\u00e9 tr\u00e8s puissante. <\/p>\n<p>Cette vari\u00e9t\u00e9, \u00e9galement connue sous le nom de \u00ab Dosi Doe \u00bb et \u00ab Do-Si-Dos \u00bb, frappe rapidement, fort et peut durer longtemps. Sa g\u00e9n\u00e9tique comprend <a href=\"https:\/\/420now.co\/fr-ca\/product\/girl-scout-cookies\/\">Girl Scout Cookies<\/a> et Face Off OG. <\/p>\n<p>\u00ab Strain Of The Year 2021 \u00bb de Leafly.<\/p>\n<p>Si vous gardez du cannabis dans votre armoire \u00e0 pharmacie pendant les jours o\u00f9 vous en avez besoin, pensez \u00e0 Do-Si-Dos pour l\u2019honneur. Mais vous voudrez peut-\u00eatre en avoir \u00e0 port\u00e9e de main chaque fois que vous voulez un high. <\/p>\n<h2>Dosidos Description des mauvaises herbes<\/h2>\n<p>C\u2019est d\u00e9finitivement une vari\u00e9t\u00e9 qui peut \u00eatre facile \u00e0 prendre trop si vous ne faites pas attention. Les d\u00e9butants doivent se m\u00e9fier de sa teneur puissante et \u00e9lev\u00e9e en THC de 28 \u00e0 30%. M\u00eame les anciens combattants voudront peut-\u00eatre voir comment cela les affecte avec un peu de prudence. Vous ressentirez probablement une pouss\u00e9e d\u2019euphorie avant que peu de temps apr\u00e8s, le high du corps ne se d\u00e9clenche et s\u2019enfonce profond\u00e9ment tout au long du film. Les do-si-dos peuvent \u00eatre une tension qui bloque le canap\u00e9 alors que les pens\u00e9es de votre esprit tr\u00e9buchent sur elles-m\u00eames, se balan\u00e7ant en diff\u00e9rentes vagues.    <\/p>\n<p>Avec son anc\u00eatre g\u00e9n\u00e9tique, Girl Scout Cookies, vous pouvez d\u00e9tecter un ar\u00f4me de menthe ainsi que des notes de saveur qui incluent des agrumes et de la lime, des noix et des pins partiellement affect\u00e9s par la terpine principale, le limon\u00e8ne.<\/p>\n<p>Le limon\u00e8ne est un compos\u00e9 terp\u00e9nique que l\u2019on trouve dans une vari\u00e9t\u00e9 de flore, notamment le pin, le sumac et le c\u00e8dre, en plus du cannabis. On pense qu\u2019il a ses qualit\u00e9s m\u00e9dicinales, notamment le traitement du cancer, de l\u2019anxi\u00e9t\u00e9 et de l\u2019ob\u00e9sit\u00e9. <\/p>\n<h2>Effets des mauvaises herbes Do-Si-Dos<\/h2>\n<p>Nous avons discut\u00e9 de la teneur \u00e9lev\u00e9e en THC de cet hybride \u00e0 dominante Indica qui peut aller jusqu\u2019\u00e0 30%. C\u2019est bien s\u00fbr responsable des effets de stone lourds que cette vari\u00e9t\u00e9 offre et pour lesquels elle est si souvent connue. Bien que les Do-Si-Dos puissent \u00eatre tr\u00e8s s\u00e9datifs pour les gens, d\u2019autres rapportent \u00e9galement une \u00e9nergie mentale qui donne des \u00e9lans cr\u00e9atifs. Exp\u00e9rimentez la dose pour savoir comment elle peut vous affecter, vous et vos partenaires. Si vous cherchez tous les deux \u00e0 avoir un visage de pierre, vous allez adorer cette vari\u00e9t\u00e9.    <\/p>\n<p>Les effets courants peuvent inclure :<\/p>\n<ul>\n<li>Euphorie<\/li>\n<li>Corps \u00e9lev\u00e9<\/li>\n<li>Somnolence<\/li>\n<li>Sensation stimulante, y compris avec l\u2019humeur<\/li>\n<\/ul>\n<p>Les effets secondaires peuvent inclure la s\u00e9cheresse buccale, la s\u00e9cheresse oculaire et les \u00e9tourdissements. Les nouveaux utilisateurs peuvent vouloir \u00eatre conscients des sentiments de parano\u00efa possibles. <\/p>\n<h2>Prestations m\u00e9dicales Do-Si-Dos Weed<\/h2>\n<p>Avec sa capacit\u00e9 \u00e0 fournir un effet euphorique et un buzz corporel profond, cette vari\u00e9t\u00e9 est utilis\u00e9e pour un certain nombre d\u2019avantages m\u00e9dicinaux qui incluent :<\/p>\n<ul>\n<li>Anxi\u00e9t\u00e9 (mais n\u2019en faites pas trop ou vous en avez comme effet secondaire).<\/li>\n<li>D\u00e9pression<\/li>\n<li>Troubles du sommeil<\/li>\n<li>Douleur chronique<\/li>\n<li>Naus\u00e9es<\/li>\n<p><em>REMARQUE : Les informations sur ce site sont fournies \u00e0 des fins \u00e9ducatives seulement et ne remplacent pas un avis m\u00e9dical professionnel. Consultez un professionnel de la sant\u00e9 avant utilisation.  Pour les adultes \u00e2g\u00e9s de 19 ans ou plus seulement.<\/em>\n<\/ul>\n<h2>Livraison de l\u2019herbe Dosidos dans la r\u00e9gion du Grand Toronto (RGT)<\/h2>\n<p>Si vous \u00eates dans la r\u00e9gion du Grand Toronto (RGT), vous pouvez vous procurer de l\u2019herbe Do-Si-Dos en 2 heures* \u00e0 votre porte! Commandez avant 20 h et l\u2019un de nos chauffeurs vous livrera le jour m\u00eame, 2 heures gratuitement, lorsque vous commandez un minimum de 100,00 $ de l\u2019un des produits sur notre site Web.<\/p>\n<p>*Livraison en deux heures \u00e0 Toronto (Scarborough, North York, Etobicoke, DownTown, York \u2013 toutes les r\u00e9gions \u00e0 l\u2019int\u00e9rieur des fronti\u00e8res de la ville de Toronto), Richmond Hill, King, Aurora, Newmarket, Woodbridge, Vaughan et Markham.<\/p>\n<p>Pour les r\u00e9gions p\u00e9riph\u00e9riques telles que Brampton, Caledon, Mississauga, Pickering, Ajax, Whitby, Oshawa, Clarington, Scugog, Uxbridge, East Gwillimbury, Georgina et Brock, nous visons deux heures, mais veuillez vous attendre \u00e0 la possibilit\u00e9 de 3 heures pour la livraison. Si votre adresse se trouve dans ces r\u00e9gions p\u00e9riph\u00e9riques, vous pouvez nous contacter pour conna\u00eetre les d\u00e9lais de livraison pr\u00e9vus ce jour-l\u00e0. <\/p>\n","protected":false},"excerpt":{"rendered":"<p>Vous pouvez faire du Dosido avec votre partenaire, ou vous pouvez Dosidos avec votre esprit en utilisant cette tr\u00e8s lourde dominante Indica qui peut faire pencher la balance \u00e0 30% de THC. Mieux encore, trouvez un partenaire et vous pourrez tous les deux profiter de l\u2019esprit avec cette vari\u00e9t\u00e9 tr\u00e8s puissante. <\/p>\n<p>Cette vari\u00e9t\u00e9, \u00e9galement connue sous le nom de \u00ab Dosi Doe \u00bb, frappe rapidement, fort et peut durer longtemps. Sa g\u00e9n\u00e9tique comprend <a href=\"https:\/\/420now.co\/fr-ca\/product\/girl-scout-cookies\/\">Girl Scout Cookies<\/a> et Face Off OG. <\/p>\n<p>\u00ab Strain Of The Year 2021 \u00bb de Leafly.<\/p>\n<p>Si vous gardez du cannabis dans votre armoire \u00e0 pharmacie pendant les jours o\u00f9 vous en avez besoin, pensez \u00e0 Do-Si-Dos pour l\u2019honneur. Mais vous voudrez peut-\u00eatre en avoir \u00e0 port\u00e9e de main chaque fois que vous voulez un high. <\/p>\n<p>Indica Hybride dominant.<\/p>\n","protected":false},"featured_media":17090,"comment_status":"open","ping_status":"closed","template":"","meta":{"_acf_changed":false},"product_brand":[],"product_cat":[249],"product_tag":[],"class_list":{"0":"post-18614","1":"product","2":"type-product","3":"status-publish","4":"has-post-thumbnail","6":"product_cat-hybride-pot","7":"pa_weight-1-oz-fr-ca","8":"pa_weight-1-2-oz-fr-ca","9":"pa_weight-1-4-oz-fr-ca-2","11":"first","12":"instock","13":"shipping-taxable","14":"purchasable","15":"product-type-variable"},"acf":[],"_links":{"self":[{"href":"https:\/\/420now.co\/fr-ca\/wp-json\/wp\/v2\/product\/18614","targetHints":{"allow":["GET"]}}],"collection":[{"href":"https:\/\/420now.co\/fr-ca\/wp-json\/wp\/v2\/product"}],"about":[{"href":"https:\/\/420now.co\/fr-ca\/wp-json\/wp\/v2\/types\/product"}],"replies":[{"embeddable":true,"href":"https:\/\/420now.co\/fr-ca\/wp-json\/wp\/v2\/comments?post=18614"}],"wp:featuredmedia":[{"embeddable":true,"href":"https:\/\/420now.co\/fr-ca\/wp-json\/wp\/v2\/media\/17090"}],"wp:attachment":[{"href":"https:\/\/420now.co\/fr-ca\/wp-json\/wp\/v2\/media?parent=18614"}],"wp:term":[{"taxonomy":"product_brand","embeddable":true,"href":"https:\/\/420now.co\/fr-ca\/wp-json\/wp\/v2\/product_brand?post=18614"},{"taxonomy":"product_cat","embeddable":true,"href":"https:\/\/420now.co\/fr-ca\/wp-json\/wp\/v2\/product_cat?post=18614"},{"taxonomy":"product_tag","embeddable":true,"href":"https:\/\/420now.co\/fr-ca\/wp-json\/wp\/v2\/product_tag?post=18614"}],"curies":[{"name":"wp","href":"https:\/\/api.w.org\/{rel}","templated":true}]}}