{"id":18615,"date":"2022-02-24T13:45:18","date_gmt":"2022-02-24T18:45:18","guid":{"rendered":"https:\/\/420now.co\/product\/briquet-420now-bic\/"},"modified":"2026-02-07T10:38:01","modified_gmt":"2026-02-07T15:38:01","slug":"briquet-420now-bic","status":"publish","type":"product","link":"https:\/\/420now.co\/fr-ca\/product\/briquet-420now-bic\/","title":{"rendered":"Briquet 420Now Bic"},"content":{"rendered":"","protected":false},"excerpt":{"rendered":"<p>Caf\u00e9&#8230; Le th\u00e9? Ou un film de votre propre Bic! Votre briquet est faible? Nous avons ce qu\u2019il vous faut avec nos briquets 420Now Bic de marque propre en stock. Fiable et pr\u00eat \u00e0 vous aider \u00e0 vous allumer. Et vous adorerez qu\u2019il soit marqu\u00e9 avec votre entreprise de livraison de cannabis pr\u00e9f\u00e9r\u00e9e!        <\/p>\n<p>Prenez-en quelques-uns et assurez-vous d\u2019en avoir un de plus au sous-sol, dans la voiture, dans le garage ou partout o\u00f9 vous allumez ou avez besoin d\u2019un briquet.<\/p>\n","protected":false},"featured_media":17097,"comment_status":"closed","ping_status":"closed","template":"","meta":{"_acf_changed":false},"product_brand":[],"product_cat":[259],"product_tag":[],"class_list":{"0":"post-18615","1":"product","2":"type-product","3":"status-publish","4":"has-post-thumbnail","6":"product_cat-briquets","8":"first","9":"instock","10":"shipping-taxable","11":"purchasable","12":"product-type-simple"},"acf":[],"_links":{"self":[{"href":"https:\/\/420now.co\/fr-ca\/wp-json\/wp\/v2\/product\/18615","targetHints":{"allow":["GET"]}}],"collection":[{"href":"https:\/\/420now.co\/fr-ca\/wp-json\/wp\/v2\/product"}],"about":[{"href":"https:\/\/420now.co\/fr-ca\/wp-json\/wp\/v2\/types\/product"}],"replies":[{"embeddable":true,"href":"https:\/\/420now.co\/fr-ca\/wp-json\/wp\/v2\/comments?post=18615"}],"wp:featuredmedia":[{"embeddable":true,"href":"https:\/\/420now.co\/fr-ca\/wp-json\/wp\/v2\/media\/17097"}],"wp:attachment":[{"href":"https:\/\/420now.co\/fr-ca\/wp-json\/wp\/v2\/media?parent=18615"}],"wp:term":[{"taxonomy":"product_brand","embeddable":true,"href":"https:\/\/420now.co\/fr-ca\/wp-json\/wp\/v2\/product_brand?post=18615"},{"taxonomy":"product_cat","embeddable":true,"href":"https:\/\/420now.co\/fr-ca\/wp-json\/wp\/v2\/product_cat?post=18615"},{"taxonomy":"product_tag","embeddable":true,"href":"https:\/\/420now.co\/fr-ca\/wp-json\/wp\/v2\/product_tag?post=18615"}],"curies":[{"name":"wp","href":"https:\/\/api.w.org\/{rel}","templated":true}]}}