{"id":18616,"date":"2022-02-24T15:17:56","date_gmt":"2022-02-24T20:17:56","guid":{"rendered":"https:\/\/420now.co\/product\/420now-meuleuse-en-metal-50mm-4-pieces\/"},"modified":"2026-02-07T10:25:23","modified_gmt":"2026-02-07T15:25:23","slug":"420now-meuleuse-en-metal-50mm-4-pieces","status":"publish","type":"product","link":"https:\/\/420now.co\/fr-ca\/product\/420now-meuleuse-en-metal-50mm-4-pieces\/","title":{"rendered":"420Now Meuleuse en m\u00e9tal 50mm 4 pi\u00e8ces."},"content":{"rendered":"","protected":false},"excerpt":{"rendered":"<p>Casser les bourgeons s\u00e9ch\u00e9s avec les doigts peut parfois \u00eatre un processus ennuyeux, et nous le savons. C\u2019est pourquoi nous vous proposons un broyeur \u00e0 mauvaises herbes en m\u00e9tal de grande qualit\u00e9. Vous pouvez broyer votre herbe en petites particules tr\u00e8s rapidement et sans aucun effort avec notre broyeur en m\u00e9tal.  <\/p>\n<p>Lorsque vous d\u00e9composez l\u2019herbe \u00e0 la main, vous pouvez perdre de pr\u00e9cieux trichomes dans la proc\u00e9dure, ce qui peut \u00e9galement \u00eatre assez salissant. Les trichomes contiennent g\u00e9n\u00e9ralement de grandes quantit\u00e9s de THC &#8211; il est donc judicieux de les prot\u00e9ger avec un broyeur.   <\/p>\n","protected":false},"featured_media":17101,"comment_status":"closed","ping_status":"closed","template":"","meta":{"_acf_changed":false},"product_brand":[],"product_cat":[258,256],"product_tag":[],"class_list":{"0":"post-18616","1":"product","2":"type-product","3":"status-publish","4":"has-post-thumbnail","6":"product_cat-broyeurs","7":"product_cat-attirail","9":"first","10":"instock","11":"shipping-taxable","12":"purchasable","13":"product-type-simple"},"acf":[],"_links":{"self":[{"href":"https:\/\/420now.co\/fr-ca\/wp-json\/wp\/v2\/product\/18616","targetHints":{"allow":["GET"]}}],"collection":[{"href":"https:\/\/420now.co\/fr-ca\/wp-json\/wp\/v2\/product"}],"about":[{"href":"https:\/\/420now.co\/fr-ca\/wp-json\/wp\/v2\/types\/product"}],"replies":[{"embeddable":true,"href":"https:\/\/420now.co\/fr-ca\/wp-json\/wp\/v2\/comments?post=18616"}],"wp:featuredmedia":[{"embeddable":true,"href":"https:\/\/420now.co\/fr-ca\/wp-json\/wp\/v2\/media\/17101"}],"wp:attachment":[{"href":"https:\/\/420now.co\/fr-ca\/wp-json\/wp\/v2\/media?parent=18616"}],"wp:term":[{"taxonomy":"product_brand","embeddable":true,"href":"https:\/\/420now.co\/fr-ca\/wp-json\/wp\/v2\/product_brand?post=18616"},{"taxonomy":"product_cat","embeddable":true,"href":"https:\/\/420now.co\/fr-ca\/wp-json\/wp\/v2\/product_cat?post=18616"},{"taxonomy":"product_tag","embeddable":true,"href":"https:\/\/420now.co\/fr-ca\/wp-json\/wp\/v2\/product_tag?post=18616"}],"curies":[{"name":"wp","href":"https:\/\/api.w.org\/{rel}","templated":true}]}}